{"id":1171394394,"date":"2020-12-27T04:47:10","date_gmt":"2020-12-27T04:47:10","guid":{"rendered":"https:\/\/hipernet.com.pl\/muj-ucet\/"},"modified":"2025-11-06T06:19:38","modified_gmt":"2025-11-06T06:19:38","slug":"muj-ucet","status":"publish","type":"page","link":"https:\/\/hipernet.com.pl\/cs\/muj-ucet\/","title":{"rendered":"M\u016fj \u00fa\u010det"},"content":{"rendered":"<div class=\"woocommerce\"><\/div>\n","protected":false},"excerpt":{"rendered":"","protected":false},"author":1,"featured_media":0,"parent":0,"menu_order":0,"comment_status":"closed","ping_status":"closed","template":"","meta":{"footnotes":""},"class_list":["post-1171394394","page","type-page","status-publish"],"_links":{"self":[{"href":"https:\/\/hipernet.com.pl\/cs\/wp-json\/wp\/v2\/pages\/1171394394","targetHints":{"allow":["GET"]}}],"collection":[{"href":"https:\/\/hipernet.com.pl\/cs\/wp-json\/wp\/v2\/pages"}],"about":[{"href":"https:\/\/hipernet.com.pl\/cs\/wp-json\/wp\/v2\/types\/page"}],"author":[{"embeddable":true,"href":"https:\/\/hipernet.com.pl\/cs\/wp-json\/wp\/v2\/users\/1"}],"replies":[{"embeddable":true,"href":"https:\/\/hipernet.com.pl\/cs\/wp-json\/wp\/v2\/comments?post=1171394394"}],"version-history":[{"count":0,"href":"https:\/\/hipernet.com.pl\/cs\/wp-json\/wp\/v2\/pages\/1171394394\/revisions"}],"wp:attachment":[{"href":"https:\/\/hipernet.com.pl\/cs\/wp-json\/wp\/v2\/media?parent=1171394394"}],"curies":[{"name":"wp","href":"https:\/\/api.w.org\/{rel}","templated":true}]}}