{"id":1171394589,"date":"2024-04-14T01:23:06","date_gmt":"2024-04-14T01:23:06","guid":{"rendered":"https:\/\/hipernet.com.pl\/privatni-znacky\/"},"modified":"2025-11-15T04:16:45","modified_gmt":"2025-11-15T04:16:45","slug":"privatni-znacky","status":"publish","type":"page","link":"https:\/\/hipernet.com.pl\/cs\/privatni-znacky\/","title":{"rendered":"Priv\u00e1tn\u00ed zna\u010dky"},"content":{"rendered":"<p><!-- ===== HIPERNET: PRIVATE LABEL \u2013 GUTENBERG (PL) ===== --><\/p>\n<p><!-- HERO --><\/p>\n\n<div class=\"wp-block-group alignfull has-background\" style=\"background-color:#f1f1f1;padding-top:40px;padding-bottom:40px\"><div class=\"wp-block-group__inner-container is-layout-constrained wp-block-group-is-layout-constrained\">\n<div class=\"wp-block-group\"><div class=\"wp-block-group__inner-container is-layout-constrained wp-container-core-group-is-layout-48c9aa2a wp-block-group-is-layout-constrained\">\n<div class=\"wp-block-columns are-vertically-aligned-center is-layout-flex wp-container-core-columns-is-layout-00a7dfc8 wp-block-columns-is-layout-flex\">\n<div class=\"wp-block-column is-vertically-aligned-center is-layout-flow wp-block-column-is-layout-flow\">\n<p class=\"has-black-color has-text-color has-background\" style=\"background-color:#e6e6e6;padding-top:6px;padding-right:12px;padding-bottom:6px;padding-left:12px;font-size:12px;font-style:normal;font-weight:700;letter-spacing:.2px\"><\/p>\n\n\n\n<h1 class=\"wp-block-heading has-black-color has-text-color\" style=\"margin-top:8px;margin-bottom:8px;font-size:48px;font-style:normal;font-weight:800;line-height:1.15\">Vyrob\u00edme produkty pod <em>va\u0161\u00ed<\/em> zna\u010dkou<\/h1>\n\n\n\n<p style=\"font-size:18px;line-height:1.6\">Komplexn\u00ed slu\u017eba v\u00fdroby priv\u00e1tn\u00edch zna\u010dek: od v\u00fdvoje produkt\u016f, p\u0159es n\u00e1vrh etiket a v\u00fdb\u011br obal\u016f, a\u017e po kontrolu kvality certifikovanou <strong>ISO 9001:2015<\/strong>.<\/p>\n\n\n\n<div class=\"wp-block-buttons is-layout-flex wp-block-buttons-is-layout-flex\">\n<div class=\"wp-block-button is-style-fill\"><a class=\"wp-block-button__link has-vivid-red-background-color has-background wp-element-button\" href=\"#kontakt\" style=\"border-radius:8px;font-style:normal;font-weight:700\">Vy\u017e\u00e1dejte si cenovou nab\u00eddku<\/a><\/div>\n\n\n\n<div class=\"wp-block-button is-style-outline is-style-outline--1\"><a class=\"wp-block-button__link has-border-color wp-element-button\" href=\"#faq\" style=\"border-color:#1a1a1a;border-width:2px;border-radius:8px\">Jak to funguje?<\/a><\/div>\n<\/div>\n\n\n\n<div class=\"wp-block-group has-border-color\" style=\"border-color:#dcdcdc;border-width:1px;border-radius:12px;padding-top:18px;padding-right:20px;padding-bottom:18px;padding-left:20px\"><div class=\"wp-block-group__inner-container is-layout-flow wp-block-group-is-layout-flow\">\n<div class=\"wp-block-columns is-layout-flex wp-container-core-columns-is-layout-f0ef66cd wp-block-columns-is-layout-flex\">\n<div class=\"wp-block-column is-layout-flow wp-block-column-is-layout-flow\">\n<h3 class=\"wp-block-heading has-vivid-red-color has-text-color\" style=\"font-size:28px;font-weight:800\">1:1<\/h3>\n\n\n\n<p style=\"font-size:14px;line-height:1.4\">Spolupr\u00e1ce na projektu<\/p>\n<\/div>\n\n\n\n<div class=\"wp-block-column is-layout-flow wp-block-column-is-layout-flow\">\n<h3 class=\"wp-block-heading has-vivid-red-color has-text-color\" style=\"font-size:28px;font-weight:800\">ISO<\/h3>\n\n\n\n<p style=\"font-size:14px;line-height:1.4\">9001:2015<\/p>\n<\/div>\n\n\n\n<div class=\"wp-block-column is-layout-flow wp-block-column-is-layout-flow\">\n<h3 class=\"wp-block-heading has-vivid-red-color has-text-color\" style=\"font-size:28px;font-weight:800\">100%<\/h3>\n\n\n\n<p style=\"font-size:14px;line-height:1.4\">Zna\u010dka z\u00e1kazn\u00edka<\/p>\n<\/div>\n<\/div>\n\n\n\n<p style=\"margin-top:12px;font-size:14px\">Od konceptu a\u017e po hotov\u00fd produkt \u2013 s plnou kontrolou nad brandingem.<\/p>\n<\/div><\/div>\n<\/div>\n<\/div>\n<\/div><\/div>\n<\/div><\/div>\n<p><!-- KORZY\u015aCI --><\/p>\n\n<div id=\"korzysci\" class=\"wp-block-group\"><div class=\"wp-block-group__inner-container is-layout-constrained wp-container-core-group-is-layout-48c9aa2a wp-block-group-is-layout-constrained\">\n<h2 class=\"wp-block-heading\">Pro\u010d se vyplat\u00ed vsadit na priv\u00e1tn\u00ed zna\u010dku s Hipernetem<\/h2>\n\n\n\n<div class=\"wp-block-columns is-layout-flex wp-container-core-columns-is-layout-3200dbe6 wp-block-columns-is-layout-flex\">\n<div class=\"wp-block-column is-layout-flow wp-block-column-is-layout-flow\">\n<div class=\"wp-block-group has-border-color\" style=\"border-color:#dedede;border-width:1px;border-radius:12px;padding-top:16px;padding-right:16px;padding-bottom:16px;padding-left:16px\"><div class=\"wp-block-group__inner-container is-layout-flow wp-block-group-is-layout-flow\">\n<h3 class=\"wp-block-heading\">Kontrola zna\u010dky<\/h3>\n\n\n\n<ul class=\"wp-block-list is-style-default\">\n<li>Budujete uzn\u00e1n\u00ed a rozhodujete o ka\u017ed\u00e9m detailu.<\/li>\n\n\n\n<li>Konzistentn\u00ed um\u00edst\u011bn\u00ed a obraz v reg\u00e1lu.<\/li>\n<\/ul>\n<\/div><\/div>\n<\/div>\n\n\n\n<div class=\"wp-block-column is-layout-flow wp-block-column-is-layout-flow\">\n<div class=\"wp-block-group has-border-color\" style=\"border-color:#dedede;border-width:1px;border-radius:12px;padding-top:16px;padding-right:16px;padding-bottom:16px;padding-left:16px\"><div class=\"wp-block-group__inner-container is-layout-flow wp-block-group-is-layout-flow\">\n<h3 class=\"wp-block-heading\">Vy\u0161\u0161\u00ed mar\u017ee<\/h3>\n\n\n\n<ul class=\"wp-block-list\">\n<li>Lep\u0161\u00ed ziskovost ne\u017e prodej zna\u010dek jin\u00fdch lid\u00ed.<\/li>\n\n\n\n<li>Flexibiln\u00ed objemy a n\u00e1klady.<\/li>\n<\/ul>\n<\/div><\/div>\n<\/div>\n\n\n\n<div class=\"wp-block-column is-layout-flow wp-block-column-is-layout-flow\">\n<div class=\"wp-block-group has-border-color\" style=\"border-color:#dedede;border-width:1px;border-radius:12px;padding-top:16px;padding-right:16px;padding-bottom:16px;padding-left:16px\"><div class=\"wp-block-group__inner-container is-layout-flow wp-block-group-is-layout-flow\">\n<h3 class=\"wp-block-heading\">V\u011brnost z\u00e1kazn\u00edk\u016f<\/h3>\n\n\n\n<ul class=\"wp-block-list\">\n<li>Siln\u00e1 priv\u00e1tn\u00ed zna\u010dka = opakovan\u00e9 n\u00e1kupy.<\/li>\n\n\n\n<li>Lep\u0161\u00ed kontrola nad z\u00e1kaznickou zku\u0161enost\u00ed.<\/li>\n<\/ul>\n<\/div><\/div>\n<\/div>\n\n\n\n<div class=\"wp-block-column is-layout-flow wp-block-column-is-layout-flow\">\n<div class=\"wp-block-group has-border-color\" style=\"border-color:#dedede;border-width:1px;border-radius:12px;padding-top:16px;padding-right:16px;padding-bottom:16px;padding-left:16px\"><div class=\"wp-block-group__inner-container is-layout-flow wp-block-group-is-layout-flow\">\n<h3 class=\"wp-block-heading\">P\u00e1rov\u00e1n\u00ed nab\u00eddek<\/h3>\n\n\n\n<ul class=\"wp-block-list\">\n<li>Produkt navr\u017een\u00fd pro pot\u0159eby va\u0161\u00ed c\u00edlov\u00e9 skupiny.<\/li>\n\n\n\n<li>Individu\u00e1ln\u00ed receptury, form\u00e1ty a varianty.<\/li>\n<\/ul>\n<\/div><\/div>\n<\/div>\n<\/div>\n<\/div><\/div>\n<p><!-- PROJEKT I OPAKOWANIE --><\/p>\n\n<div class=\"wp-block-group\"><div class=\"wp-block-group__inner-container is-layout-constrained wp-container-core-group-is-layout-48c9aa2a wp-block-group-is-layout-constrained\">\n<h2 class=\"wp-block-heading\">Design etikety a v\u00fdb\u011br obalu<\/h2>\n\n\n\n<div class=\"wp-block-group has-border-color\" style=\"border-color:#dedede;border-width:1px;border-radius:12px;padding-top:16px;padding-right:16px;padding-bottom:16px;padding-left:16px\"><div class=\"wp-block-group__inner-container is-layout-flow wp-block-group-is-layout-flow\">\n<p>Na p\u0159\u00e1n\u00ed z\u00e1kazn\u00edka <strong>navrhneme etikety<\/strong>, <strong>vybereme obaly<\/strong> a p\u0159iprav\u00edme kompletn\u00ed grafick\u00e9 podklady. Pln\u00edme o\u010dek\u00e1v\u00e1n\u00ed z hlediska vlastnost\u00ed, kvality a estetiky v\u00fdrobk\u016f. Jsme <strong>flexibiln\u00ed a kreativn\u00ed<\/strong> \u2013 od konceptu a\u017e po hotov\u00fd produkt.  <\/p>\n<\/div><\/div>\n<\/div><\/div>\n<p><!-- JAKO\u015a\u0106 \/ ISO --><\/p>\n\n<div class=\"wp-block-group\"><div class=\"wp-block-group__inner-container is-layout-constrained wp-container-core-group-is-layout-48c9aa2a wp-block-group-is-layout-constrained\">\n<h2 class=\"wp-block-heading\">Certifikovan\u00e1 kvalita<\/h2>\n\n\n\n<div class=\"wp-block-columns is-layout-flex wp-container-core-columns-is-layout-27d3582e wp-block-columns-is-layout-flex\">\n<div class=\"wp-block-column has-background is-layout-flow wp-block-column-is-layout-flow\" style=\"background-color:#d13616;flex-basis:6px\"><\/div>\n\n\n\n<div class=\"wp-block-column is-layout-flow wp-block-column-is-layout-flow\">\n<div class=\"wp-block-group has-border-color\" style=\"border-color:#dedede;border-width:1px;border-radius:12px;padding-top:16px;padding-right:16px;padding-bottom:16px;padding-left:16px\"><div class=\"wp-block-group__inner-container is-layout-flow wp-block-group-is-layout-flow\">\n<p>&#8222;D\u016fv\u011bryhodnost na\u0161\u00ed snahy poskytovat vysoce kvalitn\u00ed slu\u017eby, spl\u0148uj\u00edc\u00ed neust\u00e1le rostouc\u00ed po\u017eadavky na\u0161ich z\u00e1kazn\u00edk\u016f, je zalo\u017eena na osv\u011bd\u010den\u00fdch syst\u00e9mech \u0159\u00edzen\u00ed kvality v souladu <strong>s normou ISO 9001:2015<\/strong>.&#8220;<\/p>\n\n\n\n<p style=\"font-style:normal;font-weight:700\">Zdzis\u0142aw Oracz<br\/><span class=\"has-contrast-2-color has-text-color\">P\u0159edseda p\u0159edstavenstva Hipernet Sp. z o.o.<\/span><\/p>\n<\/div><\/div>\n<\/div>\n<\/div>\n<\/div><\/div>\n<p><!-- FAQ --><\/p>\n\n<div id=\"faq\" class=\"wp-block-group\"><div class=\"wp-block-group__inner-container is-layout-constrained wp-container-core-group-is-layout-48c9aa2a wp-block-group-is-layout-constrained\">\n<h2 class=\"wp-block-heading\">Jak to funguje \u2013 \u010dasto kladen\u00e9 ot\u00e1zky<\/h2>\n\n\n\n<div class=\"wp-block-columns is-layout-flex wp-container-core-columns-is-layout-9d6595d7 wp-block-columns-is-layout-flex\">\n<div class=\"wp-block-column is-layout-flow wp-block-column-is-layout-flow\">\n<details class=\"wp-block-details is-layout-flow wp-block-details-is-layout-flow\"><summary>Jak dlouho trv\u00e1 uveden\u00ed prvn\u00ed s\u00e9rie?<\/summary>\n<p>Obvykle 4-8 t\u00fddn\u016f po p\u0159ijet\u00ed specifikace a n\u00e1vrhu \u0161t\u00edtku. Na\u010dasov\u00e1n\u00ed z\u00e1vis\u00ed na dostupnosti surovin a obal\u016f. <\/p>\n<\/details>\n<\/div>\n\n\n\n<div class=\"wp-block-column is-layout-flow wp-block-column-is-layout-flow\">\n<details class=\"wp-block-details is-layout-flow wp-block-details-is-layout-flow\"><summary>Um\u00ed\u0161 navrhnout vizu\u00e1ln\u00ed identitu?<\/summary>\n<p>Ano. P\u0159iprav\u00edme etikety, produktov\u00e9 karty a marketingov\u00e9 materi\u00e1ly v souladu s va\u0161\u00ed zna\u010dkou. <\/p>\n<\/details>\n<\/div>\n\n\n\n<div class=\"wp-block-column is-layout-flow wp-block-column-is-layout-flow\">\n<details class=\"wp-block-details is-layout-flow wp-block-details-is-layout-flow\"><summary>Prov\u00e1d\u00edte krat\u0161\u00ed s\u00e9rie \/ tr\u017en\u00ed testy?<\/summary>\n<p>Ano. Nab\u00edz\u00edme flexibiln\u00ed objemy \u2013 od pilotn\u00ed a\u017e po plnou v\u00fdrobu. <\/p>\n<\/details>\n<\/div>\n<\/div>\n<\/div><\/div>\n<p><!-- KONTAKT --><\/p>\n\n<div id=\"kontakt\" class=\"wp-block-group\"><div class=\"wp-block-group__inner-container is-layout-constrained wp-container-core-group-is-layout-48c9aa2a wp-block-group-is-layout-constrained\">\n<h2 class=\"wp-block-heading\">Poj\u010fme se bavit o va\u0161\u00ed zna\u010dce<\/h2>\n\n\n\n<div class=\"wp-block-group has-border-color\" style=\"border-color:#dedede;border-width:1px;border-radius:12px;padding-top:16px;padding-right:16px;padding-bottom:16px;padding-left:16px\"><div class=\"wp-block-group__inner-container is-layout-flow wp-block-group-is-layout-flow\">\n<p>Popi\u0161te produkt, kter\u00fd pot\u0159ebujete (typ, varianty, pl\u00e1novan\u00fd objem). Ozveme se v\u00e1m s n\u00e1vrhem a harmonogramem. <\/p>\n\n\n\n<div class=\"wp-block-buttons is-layout-flex wp-block-buttons-is-layout-flex\">\n<div class=\"wp-block-button\"><a class=\"wp-block-button__link has-vivid-red-background-color has-background wp-element-button\" href=\"mailto:biuro@hipernet.com.pl?subject=Dotaz%20Private%20&#x160;t&#xED;tek\" style=\"border-radius:8px;font-style:normal;font-weight:700\">Napi\u0161te n\u00e1m<\/a><\/div>\n\n\n\n<div class=\"wp-block-button is-style-outline is-style-outline--2\"><a class=\"wp-block-button__link has-border-color wp-element-button\" href=\"tel:+48226790145\" style=\"border-color:#1a1a1a;border-width:2px;border-radius:8px\">Volejte: +48 22 679 01 45<\/a><\/div>\n<\/div>\n<\/div><\/div>\n<\/div><\/div>\n<p><!-- CTA STOPKA --><\/p>\n\n<div class=\"wp-block-group\" style=\"margin-top:24px\"><div class=\"wp-block-group__inner-container is-layout-constrained wp-container-core-group-is-layout-d47ae597 wp-block-group-is-layout-constrained\">\n<div class=\"wp-block-buttons is-content-justification-center is-layout-flex wp-container-core-buttons-is-layout-0e1542cd wp-block-buttons-is-layout-flex\">\n<div class=\"wp-block-button\"><a class=\"wp-block-button__link has-vivid-red-background-color has-background wp-element-button\" href=\"#kontakt\" style=\"border-radius:8px;font-style:normal;font-weight:700\">Zadat popt\u00e1vku<\/a><\/div>\n\n\n\n<div class=\"wp-block-button is-style-outline is-style-outline--3\"><a class=\"wp-block-button__link has-border-color wp-element-button\" href=\"#v&#xFD;hody\" style=\"border-color:#1a1a1a;border-width:2px;border-radius:8px\">Pod\u00edvejte se na v\u00fdhody<\/a><\/div>\n<\/div>\n<\/div><\/div>\n\n<p><\/p>\n","protected":false},"excerpt":{"rendered":"<p>Vyrob\u00edme produkty pod va\u0161\u00ed zna\u010dkou Komplexn\u00ed slu\u017eba v\u00fdroby priv\u00e1tn\u00edch zna\u010dek: od v\u00fdvoje produkt\u016f, p\u0159es n\u00e1vrh etiket a v\u00fdb\u011br obal\u016f, a\u017e po kontrolu kvality certifikovanou ISO 9001:2015. 1:1 Spolupr\u00e1ce na projektu ISO 9001:2015 100% Zna\u010dka z\u00e1kazn\u00edka Od konceptu a\u017e po hotov\u00fd produkt \u2013 s plnou kontrolou nad brandingem. Pro\u010d se vyplat\u00ed vsadit na priv\u00e1tn\u00ed zna\u010dku s &#8230; <\/p>\n<p class=\"read-more-container\"><a title=\"Priv\u00e1tn\u00ed zna\u010dky\" class=\"read-more button\" href=\"https:\/\/hipernet.com.pl\/cs\/privatni-znacky\/#more-1171394589\" aria-label=\"\u010c\u00edst v\u00edce o Priv\u00e1tn\u00ed zna\u010dky\">Read more<\/a><\/p>\n","protected":false},"author":1,"featured_media":0,"parent":0,"menu_order":0,"comment_status":"closed","ping_status":"closed","template":"","meta":{"footnotes":""},"class_list":["post-1171394589","page","type-page","status-publish"],"_links":{"self":[{"href":"https:\/\/hipernet.com.pl\/cs\/wp-json\/wp\/v2\/pages\/1171394589","targetHints":{"allow":["GET"]}}],"collection":[{"href":"https:\/\/hipernet.com.pl\/cs\/wp-json\/wp\/v2\/pages"}],"about":[{"href":"https:\/\/hipernet.com.pl\/cs\/wp-json\/wp\/v2\/types\/page"}],"author":[{"embeddable":true,"href":"https:\/\/hipernet.com.pl\/cs\/wp-json\/wp\/v2\/users\/1"}],"replies":[{"embeddable":true,"href":"https:\/\/hipernet.com.pl\/cs\/wp-json\/wp\/v2\/comments?post=1171394589"}],"version-history":[{"count":3,"href":"https:\/\/hipernet.com.pl\/cs\/wp-json\/wp\/v2\/pages\/1171394589\/revisions"}],"predecessor-version":[{"id":1171394944,"href":"https:\/\/hipernet.com.pl\/cs\/wp-json\/wp\/v2\/pages\/1171394589\/revisions\/1171394944"}],"wp:attachment":[{"href":"https:\/\/hipernet.com.pl\/cs\/wp-json\/wp\/v2\/media?parent=1171394589"}],"curies":[{"name":"wp","href":"https:\/\/api.w.org\/{rel}","templated":true}]}}