{"id":1171394595,"date":"2024-04-13T21:23:54","date_gmt":"2024-04-13T21:23:54","guid":{"rendered":"https:\/\/hipernet.com.pl\/politika-kvality\/"},"modified":"2025-11-07T12:19:52","modified_gmt":"2025-11-07T12:19:52","slug":"politika-kvality","status":"publish","type":"page","link":"https:\/\/hipernet.com.pl\/cs\/politika-kvality\/","title":{"rendered":"Politika kvality"},"content":{"rendered":"<style>\/*! elementor - v3.21.0 - 26-05-2024 *\/<br \/>\n.elementor-heading-title{padding:0;margin:0;line-height:1}.elementor-widget-heading .elementor-heading-title[class*=elementor-size-]>a{color:inherit;font-size:inherit;line-height:inherit}.elementor-widget-heading .elementor-heading-title.elementor-size-small{font-size:15px}.elementor-widget-heading .elementor-heading-title.elementor-size-medium{font-size:19px}.elementor-widget-heading .elementor-heading-title.elementor-size-large{font-size:29px}.elementor-widget-heading .elementor-heading-title.elementor-size-xl{font-size:39px}.elementor-widget-heading .elementor-heading-title.elementor-size-xxl{font-size:59px}<\/style>\n<h2 data-start=\"237\" data-end=\"277\"><strong data-start=\"240\" data-end=\"277\">N\u00e1\u0161 z\u00e1vazek v\u016f\u010di na\u0161im z\u00e1kazn\u00edk\u016fm<\/strong><\/h2>\n<p data-start=\"278\" data-end=\"584\">Ve <strong data-start=\"287\" data-end=\"317\">spole\u010dnosti Hipernet Sp. z o.o. Sp. K.<\/strong> v\u011b\u0159\u00edme, \u017ee vysok\u00e1 kvalita je kl\u00ed\u010dem k d\u016fv\u011b\u0159e a dlouhodob\u00e9 spolupr\u00e1ci. Na\u0161\u00edm hlavn\u00edm c\u00edlem je <strong data-start=\"422\" data-end=\"460\">neust\u00e1le zvy\u0161ovat spokojenost z\u00e1kazn\u00edk\u016f<\/strong> poskytov\u00e1n\u00edm produkt\u016f, kter\u00e9 spl\u0148uj\u00ed nejvy\u0161\u0161\u00ed standardy \u00fa\u010dinnosti, bezpe\u010dnosti a spolehlivosti. <\/p>\n<h2 data-start=\"586\" data-end=\"626\"><strong data-start=\"589\" data-end=\"626\">C\u00edle a p\u0159edpoklady politiky kvality<\/strong><\/h2>\n<p data-start=\"627\" data-end=\"801\">V r\u00e1mci p\u0159ijat\u00e9 politiky kvality usilujeme o neust\u00e1l\u00e9 zlep\u0161ov\u00e1n\u00ed v\u0161ech v\u00fdrobn\u00edch, organiza\u010dn\u00edch a \u0159\u00edd\u00edc\u00edch proces\u016f. Hlavn\u00ed p\u0159edpoklady na\u0161\u00ed politiky jsou: <\/p>\n<ul data-start=\"803\" data-end=\"1516\">\n<li data-start=\"803\" data-end=\"957\">\n<p data-start=\"805\" data-end=\"957\"><strong data-start=\"805\" data-end=\"860\">Spr\u00e1vn\u00e1 identifikace pot\u0159eb a o\u010dek\u00e1v\u00e1n\u00ed z\u00e1kazn\u00edk\u016f<\/strong> \u2013 aktivn\u011b analyzujeme trh a p\u0159izp\u016fsobujeme nab\u00eddku m\u011bn\u00edc\u00edm se po\u017eadavk\u016fm u\u017eivatel\u016f.<\/p>\n<\/li>\n<li data-start=\"958\" data-end=\"1114\">\n<p data-start=\"960\" data-end=\"1114\"><strong data-start=\"960\" data-end=\"1029\">Dod\u00e1v\u00e1me produkty, kter\u00e9 pln\u011b uspokoj\u00ed na\u0161e z\u00e1kazn\u00edky<\/strong> \u2013 zaji\u0161\u0165ujeme opakovatelnou kvalitu a shodu s platn\u00fdmi normami ISO 9001:2015.<\/p>\n<\/li>\n<li data-start=\"1115\" data-end=\"1268\">\n<p data-start=\"1117\" data-end=\"1268\"><strong data-start=\"1117\" data-end=\"1185\">Optim\u00e1ln\u00ed rovnov\u00e1ha mezi kvalitou, dodac\u00ed lh\u016ftou a n\u00e1klady<\/strong> \u2013 star\u00e1me se o efektivitu proces\u016f, abychom mohli nab\u00edzet konkurenceschopn\u00e9 a spolehliv\u00e9 produkty.<\/p>\n<\/li>\n<li data-start=\"1269\" data-end=\"1407\">\n<p data-start=\"1271\" data-end=\"1407\"><strong data-start=\"1271\" data-end=\"1329\">Systematick\u00e9 zlep\u0161ov\u00e1n\u00ed kvality v\u00fdrobk\u016f a proces\u016f<\/strong> \u2013 zav\u00e1d\u00edme technologick\u00e9 inovace a kontrolujeme ka\u017edou f\u00e1zi v\u00fdroby.<\/p>\n<\/li>\n<li data-start=\"1408\" data-end=\"1516\">\n<p data-start=\"1410\" data-end=\"1516\"><strong data-start=\"1410\" data-end=\"1444\">P\u00e9\u010de o \u017eivotn\u00ed prost\u0159ed\u00ed<\/strong> \u2013 minimalizujeme ztr\u00e1ty a pl\u00fdtv\u00e1n\u00ed zav\u00e1d\u011bn\u00edm proekologick\u00fdch \u0159e\u0161en\u00ed.<\/p>\n<\/li>\n<\/ul>\n<h2 data-start=\"1518\" data-end=\"1545\"><strong data-start=\"1521\" data-end=\"1545\">Povinnosti p\u0159edstavenstva<\/strong><\/h2>\n<p data-start=\"1546\" data-end=\"1636\">Za \u00fa\u010delem efektivn\u00ed realizace c\u00edl\u016f politiky kvality se p\u0159edstavenstvo spole\u010dnosti Hipernet zavazuje:<\/p>\n<ul data-start=\"1638\" data-end=\"1994\">\n<li data-start=\"1638\" data-end=\"1715\">\n<p data-start=\"1640\" data-end=\"1715\">uzn\u00e1vaj\u00edce z\u00e1sady politiky kvality jako <strong data-start=\"1674\" data-end=\"1712\">z\u00e1kladn\u00ed prvek strategie spole\u010dnosti<\/strong>,<\/p>\n<\/li>\n<li data-start=\"1716\" data-end=\"1828\">\n<p data-start=\"1718\" data-end=\"1828\"><strong data-start=\"1718\" data-end=\"1757\">zaji\u0161t\u011bn\u00ed odpov\u00eddaj\u00edc\u00edch zdroj\u016f<\/strong> a technick\u00fdch prost\u0159edk\u016f nezbytn\u00fdch k dosa\u017een\u00ed c\u00edl\u016f kvality,<\/p>\n<\/li>\n<li data-start=\"1829\" data-end=\"1913\">\n<p data-start=\"1831\" data-end=\"1913\"><strong data-start=\"1831\" data-end=\"1871\">motivovat a podporovat zam\u011bstnance<\/strong> v oblasti odpov\u011bdnosti za kvalitu,<\/p>\n<\/li>\n<li data-start=\"1914\" data-end=\"1994\">\n<p data-start=\"1916\" data-end=\"1994\">pr\u016fb\u011b\u017en\u00e9 sledov\u00e1n\u00ed efektivity zaveden\u00fdch proces\u016f a jejich zlep\u0161ov\u00e1n\u00ed.<\/p>\n<\/li>\n<\/ul>\n<h2 data-start=\"1996\" data-end=\"2022\"><strong data-start=\"1999\" data-end=\"2022\">Na\u0161e posl\u00e1n\u00ed kvality<\/strong><\/h2>\n<p data-start=\"2023\" data-end=\"2335\">C\u00edlem \u010dinnosti spole\u010dnosti Hipernet je <strong data-start=\"2062\" data-end=\"2151\">udr\u017eet a rozv\u00edjet pozici spolehliv\u00e9ho v\u00fdrobce technick\u00e9 a automobilov\u00e9 chemie<\/strong>, kter\u00fd poskytuje z\u00e1kazn\u00edk\u016fm produkty s nejvy\u0161\u0161\u00ed u\u017eitnou hodnotou.<br data-start=\"2219\" data-end=\"2222\">Sna\u017e\u00edme se zajistit, aby <strong data-start=\"2241\" data-end=\"2278\">kvalita, bezpe\u010dnost a d\u016fv\u011bra<\/strong> byly z\u00e1kladem ka\u017ed\u00e9ho vztahu s na\u0161imi z\u00e1kazn\u00edky.<\/p>\n","protected":false},"excerpt":{"rendered":"<p>N\u00e1\u0161 z\u00e1vazek v\u016f\u010di na\u0161im z\u00e1kazn\u00edk\u016fm Ve spole\u010dnosti Hipernet Sp. z o.o. Sp. K. v\u011b\u0159\u00edme, \u017ee vysok\u00e1 kvalita je kl\u00ed\u010dem k d\u016fv\u011b\u0159e a dlouhodob\u00e9 spolupr\u00e1ci. Na\u0161\u00edm hlavn\u00edm c\u00edlem je neust\u00e1le zvy\u0161ovat spokojenost z\u00e1kazn\u00edk\u016f poskytov\u00e1n\u00edm produkt\u016f, kter\u00e9 spl\u0148uj\u00ed nejvy\u0161\u0161\u00ed standardy \u00fa\u010dinnosti, bezpe\u010dnosti a spolehlivosti. C\u00edle a p\u0159edpoklady politiky kvality V r\u00e1mci p\u0159ijat\u00e9 politiky kvality usilujeme o neust\u00e1l\u00e9 &#8230; <\/p>\n<p class=\"read-more-container\"><a title=\"Politika kvality\" class=\"read-more button\" href=\"https:\/\/hipernet.com.pl\/cs\/politika-kvality\/#more-1171394595\" aria-label=\"\u010c\u00edst v\u00edce o Politika kvality\">Read more<\/a><\/p>\n","protected":false},"author":1,"featured_media":0,"parent":0,"menu_order":0,"comment_status":"closed","ping_status":"closed","template":"","meta":{"footnotes":""},"class_list":["post-1171394595","page","type-page","status-publish"],"_links":{"self":[{"href":"https:\/\/hipernet.com.pl\/cs\/wp-json\/wp\/v2\/pages\/1171394595","targetHints":{"allow":["GET"]}}],"collection":[{"href":"https:\/\/hipernet.com.pl\/cs\/wp-json\/wp\/v2\/pages"}],"about":[{"href":"https:\/\/hipernet.com.pl\/cs\/wp-json\/wp\/v2\/types\/page"}],"author":[{"embeddable":true,"href":"https:\/\/hipernet.com.pl\/cs\/wp-json\/wp\/v2\/users\/1"}],"replies":[{"embeddable":true,"href":"https:\/\/hipernet.com.pl\/cs\/wp-json\/wp\/v2\/comments?post=1171394595"}],"version-history":[{"count":1,"href":"https:\/\/hipernet.com.pl\/cs\/wp-json\/wp\/v2\/pages\/1171394595\/revisions"}],"predecessor-version":[{"id":1171394602,"href":"https:\/\/hipernet.com.pl\/cs\/wp-json\/wp\/v2\/pages\/1171394595\/revisions\/1171394602"}],"wp:attachment":[{"href":"https:\/\/hipernet.com.pl\/cs\/wp-json\/wp\/v2\/media?parent=1171394595"}],"curies":[{"name":"wp","href":"https:\/\/api.w.org\/{rel}","templated":true}]}}