{"id":1171394644,"date":"2025-11-06T13:31:48","date_gmt":"2025-11-06T13:31:48","guid":{"rendered":"https:\/\/hipernet.com.pl\/o-nas\/"},"modified":"2025-11-08T06:25:26","modified_gmt":"2025-11-08T06:25:26","slug":"o-nas","status":"publish","type":"page","link":"https:\/\/hipernet.com.pl\/cs\/o-nas\/","title":{"rendered":"O n\u00e1s"},"content":{"rendered":"\n<p>Polsk\u00e1 spole\u010dnost s tradic\u00ed a z\u00e1sadami<\/p>\n\n<p>Hipernet je <strong>polsk\u00e1 spole\u010dnost se s\u00eddlem ve Var\u0161av\u011b<\/strong>, kter\u00e1 p\u016fsob\u00ed na trhu od roku 2001. Od sam\u00e9ho za\u010d\u00e1tku jsme se zam\u011b\u0159ili na <g id=\"gid_1\">spolehlivost, kvalitu a partnerstv\u00ed<\/g>. Nehon\u00edme se za m\u00f3dou \u2013 d\u011bl\u00e1me to, co um\u00edme nejl\u00e9pe: <strong>vyr\u00e1b\u00edme a distribuujeme technickou chemii, autochemii, autodopl\u0148ky a grilovac\u00ed produkty<\/strong>.<br\/>Jsme <strong>osv\u011bd\u010den\u00fdm B2B partnerem<\/strong>, kter\u00fd obsluhuje maloobchodn\u00ed \u0159et\u011bzce, velkoobchody a spole\u010dnosti z automobilov\u00e9ho pr\u016fmyslu a v\u0161eobecn\u00e9ho spot\u0159ebn\u00edho pr\u016fmyslu po cel\u00e9m Polsku.  <\/p>\n\n<hr class=\"wp-block-separator has-alpha-channel-opacity\"\/>\n\n<p>Co d\u011bl\u00e1me<\/p>\n\n<p>Ji\u017e \u0159adu let vyv\u00edj\u00edme n\u00e1\u0161 sortiment technick\u00fdch, automobilov\u00fdch a sez\u00f3nn\u00edch produkt\u016f, p\u0159i\u010dem\u017e db\u00e1me na to, aby ka\u017ed\u00e1 \u0161ar\u017ee spl\u0148ovala nejvy\u0161\u0161\u00ed standardy kvality.<br\/>Na\u0161e nab\u00eddka zahrnuje mimo jin\u00e9:<\/p>\n\n<ul class=\"wp-block-list\">\n<li><strong>autochemie<\/strong> \u2013 kapaliny, vosky, \u010dist\u00edc\u00ed prost\u0159edky, autokosmetika,<\/li>\n\n\n\n<li><strong>technick\u00e1 chemie<\/strong> \u2013 maziva, silikony, oleje, konzerva\u010dn\u00ed l\u00e1tky,<\/li>\n\n\n\n<li><strong>autodopl\u0148ky<\/strong> \u2013 houbi\u010dky, kart\u00e1\u010de, v\u016fn\u011b, ut\u011brky a d\u00edlensk\u00e9 vybaven\u00ed,<\/li>\n\n\n\n<li><strong>Grilovac\u00ed produkty<\/strong> \u2013 brikety, zapalova\u010de, tekutiny a kostky na zapalov\u00e1n\u00ed, p\u0159\u00edslu\u0161enstv\u00ed pro grily, ro\u0161ty a hlin\u00edkov\u00e9 t\u00e1cy.<\/li>\n<\/ul>\n\n<p>Dod\u00e1v\u00e1me produkty pod vlastn\u00ed <strong>zna\u010dkou Hipernet<\/strong>, stejn\u011b jako vytv\u00e1\u0159\u00edme produktov\u00e9 \u0159ady pro s\u00ed\u0165ov\u00e9 z\u00e1kazn\u00edky a distributory.<\/p>\n\n<hr class=\"wp-block-separator has-alpha-channel-opacity\"\/>\n\n<p>Partner, na kter\u00e9ho se m\u016f\u017eete spolehnout<\/p>\n\n<p>Nejsme korporace bez du\u0161e. P\u016fsob\u00edme v pol\u0161tin\u011b \u2013 <g id=\"gid_0\">s respektem k pr\u00e1ci a na\u0161emu partnerovi<\/g>. Na\u0161e vztahy s na\u0161imi z\u00e1kazn\u00edky jsou zalo\u017eeny na d\u016fv\u011b\u0159e, v\u010dasnosti a transparentnosti z\u00e1sad.<br\/>Zn\u00e1me realitu trhu, a proto p\u0159izp\u016fsobujeme na\u0161i nab\u00eddku pot\u0159eb\u00e1m velkoobchod\u016f, maloobchod\u016f a maloobchodn\u00edch \u0159et\u011bzc\u016f.<br\/>Pokud hled\u00e1te <strong>spolehliv\u00e9ho dodavatele autochemie, automobilov\u00e9ho p\u0159\u00edslu\u0161enstv\u00ed nebo grilovac\u00edch produkt\u016f,<\/strong> kter\u00fd rozum\u00ed va\u0161emu podnik\u00e1n\u00ed, jste na spr\u00e1vn\u00e9m m\u00edst\u011b.  <\/p>\n\n<hr class=\"wp-block-separator has-alpha-channel-opacity\"\/>\n\n<p>Na\u0161e v\u00fdhody<\/p>\n\n<p><strong>Polsk\u00e1 spole\u010dnost se zku\u0161enostmi<\/strong> \u2013 fungujeme nep\u0159etr\u017eit\u011b od roku 2001.<br\/><strong>B2B v\u00fdroba a distribuce<\/strong> \u2013 obsluhujeme maloobchodn\u00ed \u0159et\u011bzce, prodejny a velkoobchody po cel\u00e9 \u010cR.<br\/><strong>Vysok\u00e1 kvalita a bezpe\u010dnost v\u00fdrobk\u016f<\/strong> \u2013 ka\u017ed\u00e1 \u0161ar\u017ee je p\u0159ed uveden\u00edm na trh testov\u00e1na.<br\/><strong>Flexibilita<\/strong> \u2013 zak\u00e1zky realizujeme i pod zna\u010dkou z\u00e1kazn\u00edka (priv\u00e1tn\u00ed zna\u010dka).<br\/><strong>D\u016fv\u011bra a poctivost<\/strong> \u2013 jedn\u00e1me postaru: spolehliv\u011b, v\u010das a se ct\u00ed.<\/p>\n\n<hr class=\"wp-block-separator has-alpha-channel-opacity\"\/>\n\n<p>Hypernet \u2013 tradice, kvalita, d\u016fv\u011bra<\/p>\n\n<p>Ji\u017e v\u00edce ne\u017e dv\u011b desetilet\u00ed d\u016fsledn\u011b budujeme zna\u010dku, kter\u00e9 lze d\u016fv\u011b\u0159ovat.<br\/><strong>Hipernet nen\u00ed jen v\u00fdrobcem a distributorem technick\u00e9 chemie nebo autodopl\u0148k\u016f \u2013 je tak\u00e9 dodavatelem vysoce kvalitn\u00edch grilovac\u00edch produkt\u016f, kter\u00fd se zam\u011b\u0159uje na spolehlivou pr\u00e1ci a polsk\u00e9 standardy.<\/strong><\/p>\n","protected":false},"excerpt":{"rendered":"<p>Polsk\u00e1 spole\u010dnost s tradic\u00ed a z\u00e1sadami Hipernet je polsk\u00e1 spole\u010dnost se s\u00eddlem ve Var\u0161av\u011b, kter\u00e1 p\u016fsob\u00ed na trhu od roku 2001. Od sam\u00e9ho za\u010d\u00e1tku jsme se zam\u011b\u0159ili na spolehlivost, kvalitu a partnerstv\u00ed. Nehon\u00edme se za m\u00f3dou \u2013 d\u011bl\u00e1me to, co um\u00edme nejl\u00e9pe: vyr\u00e1b\u00edme a distribuujeme technickou chemii, autochemii, autodopl\u0148ky a grilovac\u00ed produkty.Jsme osv\u011bd\u010den\u00fdm B2B partnerem, &#8230; <\/p>\n<p class=\"read-more-container\"><a title=\"O n\u00e1s\" class=\"read-more button\" href=\"https:\/\/hipernet.com.pl\/cs\/o-nas\/#more-1171394644\" aria-label=\"\u010c\u00edst v\u00edce o O n\u00e1s\">Read more<\/a><\/p>\n","protected":false},"author":1,"featured_media":0,"parent":0,"menu_order":0,"comment_status":"closed","ping_status":"closed","template":"","meta":{"footnotes":""},"class_list":["post-1171394644","page","type-page","status-publish"],"_links":{"self":[{"href":"https:\/\/hipernet.com.pl\/cs\/wp-json\/wp\/v2\/pages\/1171394644","targetHints":{"allow":["GET"]}}],"collection":[{"href":"https:\/\/hipernet.com.pl\/cs\/wp-json\/wp\/v2\/pages"}],"about":[{"href":"https:\/\/hipernet.com.pl\/cs\/wp-json\/wp\/v2\/types\/page"}],"author":[{"embeddable":true,"href":"https:\/\/hipernet.com.pl\/cs\/wp-json\/wp\/v2\/users\/1"}],"replies":[{"embeddable":true,"href":"https:\/\/hipernet.com.pl\/cs\/wp-json\/wp\/v2\/comments?post=1171394644"}],"version-history":[{"count":3,"href":"https:\/\/hipernet.com.pl\/cs\/wp-json\/wp\/v2\/pages\/1171394644\/revisions"}],"predecessor-version":[{"id":1171394837,"href":"https:\/\/hipernet.com.pl\/cs\/wp-json\/wp\/v2\/pages\/1171394644\/revisions\/1171394837"}],"wp:attachment":[{"href":"https:\/\/hipernet.com.pl\/cs\/wp-json\/wp\/v2\/media?parent=1171394644"}],"curies":[{"name":"wp","href":"https:\/\/api.w.org\/{rel}","templated":true}]}}