{"id":1171394732,"date":"2025-10-27T07:49:11","date_gmt":"2025-10-27T07:49:11","guid":{"rendered":"https:\/\/hipernet.com.pl\/kontakt\/"},"modified":"2025-11-08T06:25:31","modified_gmt":"2025-11-08T06:25:31","slug":"kontakt","status":"publish","type":"page","link":"https:\/\/hipernet.com.pl\/cs\/kontakt\/","title":{"rendered":"Kontakt"},"content":{"rendered":"\n<div><\/div>\n\n<p class=\"gb-text\"><strong>Hipernet Spole\u010dnost s ru\u010den\u00edm omezen\u00fdm Komanditn\u00ed spole\u010dnost<br><\/strong><br>03-329 Var\u0161ava<br>Balkonowa 5 lok.u3 <br>E-mail: biuro@hipernet.com.pl<br>Tel: + (48) 22 679 01 45<br>Pond\u011bl\u00ed-p\u00e1tek:<br> 9:00 \u2013 16:00 <\/p>\n\n<p class=\"gb-text\"><strong>Hipernet Spole\u010dnost s ru\u010den\u00edm omezen\u00fdm Komanditn\u00ed spole\u010dnost<br><\/strong>Sklad \/ v\u00fdroba <br>26-411 Rus\u00edn\u00f3w<br>Przysuska 7<br>E-mail: biuro@hipernet.com.pl<br>Tel: + (48) 486727187<br>Pond\u011bl\u00ed-p\u00e1tek: <br>&nbsp;8:30 \u2013 16:00<\/p>\n","protected":false},"excerpt":{"rendered":"<p>Hipernet Spole\u010dnost s ru\u010den\u00edm omezen\u00fdm Komanditn\u00ed spole\u010dnost03-329 Var\u0161avaBalkonowa 5 lok.u3 E-mail: biuro@hipernet.com.plTel: + (48) 22 679 01 45Pond\u011bl\u00ed-p\u00e1tek: 9:00 \u2013 16:00 Hipernet Spole\u010dnost s ru\u010den\u00edm omezen\u00fdm Komanditn\u00ed spole\u010dnostSklad \/ v\u00fdroba 26-411 Rus\u00edn\u00f3wPrzysuska 7E-mail: biuro@hipernet.com.plTel: + (48) 486727187Pond\u011bl\u00ed-p\u00e1tek: &nbsp;8:30 \u2013 16:00<\/p>\n","protected":false},"author":1,"featured_media":0,"parent":0,"menu_order":0,"comment_status":"closed","ping_status":"closed","template":"","meta":{"footnotes":""},"class_list":["post-1171394732","page","type-page","status-publish"],"_links":{"self":[{"href":"https:\/\/hipernet.com.pl\/cs\/wp-json\/wp\/v2\/pages\/1171394732","targetHints":{"allow":["GET"]}}],"collection":[{"href":"https:\/\/hipernet.com.pl\/cs\/wp-json\/wp\/v2\/pages"}],"about":[{"href":"https:\/\/hipernet.com.pl\/cs\/wp-json\/wp\/v2\/types\/page"}],"author":[{"embeddable":true,"href":"https:\/\/hipernet.com.pl\/cs\/wp-json\/wp\/v2\/users\/1"}],"replies":[{"embeddable":true,"href":"https:\/\/hipernet.com.pl\/cs\/wp-json\/wp\/v2\/comments?post=1171394732"}],"version-history":[{"count":4,"href":"https:\/\/hipernet.com.pl\/cs\/wp-json\/wp\/v2\/pages\/1171394732\/revisions"}],"predecessor-version":[{"id":1171394839,"href":"https:\/\/hipernet.com.pl\/cs\/wp-json\/wp\/v2\/pages\/1171394732\/revisions\/1171394839"}],"wp:attachment":[{"href":"https:\/\/hipernet.com.pl\/cs\/wp-json\/wp\/v2\/media?parent=1171394732"}],"curies":[{"name":"wp","href":"https:\/\/api.w.org\/{rel}","templated":true}]}}