{"id":1171394751,"date":"2024-04-14T00:02:58","date_gmt":"2024-04-14T00:02:58","guid":{"rendered":"https:\/\/hipernet.com.pl\/historie-znacky-motorynka\/"},"modified":"2025-11-07T22:30:04","modified_gmt":"2025-11-07T22:30:04","slug":"historie-znacky-motorynka","status":"publish","type":"page","link":"https:\/\/hipernet.com.pl\/cs\/historie-znacky-motorynka\/","title":{"rendered":"Historie zna\u010dky Motorynka"},"content":{"rendered":"<p>P\u00ed\u0161e se rok 2001. <strong>Skupina polsk\u00fdch v\u00fdrobc\u016f a distributor\u016f &#8222;Oper\u00e1tor&#8220;<\/strong> na setk\u00e1n\u00ed v Ku\u017anii Ko\u0142\u0142\u0105tajowska u B\u0142onie zakl\u00e1d\u00e1 n\u00e1rodn\u00ed zna\u010dku kosmetiky a automobilov\u00e9 chemie Motorynka. Na \u00fasvitu konceptu nov\u00e9 polsk\u00e9 zna\u010dky se objevila my\u0161lenka sjednotit kolem produktu vysoce kvalitn\u00ed polsk\u00e9 nez\u00e1visl\u00e9 distributory a v\u00fdrobce. Produkt si m\u011bl naj\u00edt sv\u00e9 m\u00edsto i v obchodn\u00edch \u0159et\u011bzc\u00edch s\u00eddl\u00edc\u00edch v \u010cR. Za dobu p\u016fsoben\u00ed skupiny Motorynka si na\u0161la sv\u00e9 m\u00edsto mimo jin\u00e9 na pultech firem. \u010derpac\u00ed stanice: BP, Jet, rafinerie Gda\u0148sk; velkoform\u00e1tov\u00e9 a diskontn\u00ed \u0159et\u011bzce: Tesco, Hypernowa, Albert, Plus Discount, Leclerc, Carrefour, Selgros, Obi, Bricomarche. Postupem \u010dasu Hipernet \u2013 \u010dlen skupiny p\u016fsob\u00edc\u00ed na trhu maloobchodn\u00edch \u0159et\u011bzc\u016f \u2013 p\u0159evzal n\u00e1rodn\u00ed zna\u010dku na z\u00e1klad\u011b transformace trhu a pokra\u010doval v projektu samostatn\u011b. Spole\u010dnost Hipernet z\u00edskala ke spolupr\u00e1ci vynikaj\u00edc\u00ed odborn\u00edky z oboru, kte\u0159\u00ed projektu dali nov\u00fd, modern\u00ed sm\u011br.     <\/p>\n<p><strong>Motorynka dnes nen\u00ed jen kosmetika a autochemie<\/strong>, ale tak\u00e9 automobilov\u00e9 dopl\u0148ky a dopl\u0148ky \u2013 Motorynka je kompletn\u00ed sada produkt\u016f nezbytn\u00fdch pro modern\u00edho \u0159idi\u010de.<\/p>\n<p>N\u00e1kupem kvalitn\u00edch v\u00fdrobk\u016f n\u00e1rodn\u00ed zna\u010dky Motorynka podporujete polsk\u00e1 pracovn\u00ed m\u00edsta. Z\u00edsk\u00e1te produkt nejvy\u0161\u0161\u00ed kvality. <\/p>\n<p>Motorynka je p\u0159\u00edle\u017eitost\u00ed pro polsk\u00e9 v\u00fdrobky nejvy\u0161\u0161\u00ed kvality v boji o m\u00edsto na polsk\u00e9m trhu. Je to tak\u00e9 p\u0159\u00edle\u017eitost vyv\u00e1\u017eet produkty na sousedn\u00ed trhy. <\/p>\n<style>\/*! elementor - v3.21.0 - 26-05-2024 *\/\n.elementor-widget-image{text-align:center}.elementor-widget-image a{display:inline-block}.elementor-widget-image a img[src$=\".svg\"]{width:48px}.elementor-widget-image img{vertical-align:middle;display:inline-block}<\/style>\n<p>\t\t\t\t\t\t\t\t\t\t<img loading=\"lazy\" decoding=\"async\" width=\"300\" height=\"54\" src=\"https:\/\/hipernet.com.pl\/wp-content\/uploads\/2024\/04\/Motorynka-1.jpg\" alt=\"\" srcset=\"https:\/\/hipernet.com.pl\/wp-content\/uploads\/2024\/04\/Motorynka-1.jpg 300w, https:\/\/hipernet.com.pl\/wp-content\/uploads\/2024\/04\/Motorynka-1-150x27.jpg 150w\" sizes=\"auto, (max-width: 300px) 100vw, 300px\">\t\t\t\t\t\t\t\t\t\t\t\t\t<\/p>\n<p>Motorynka je produkt, kter\u00fd respektuje hranice prodejn\u00edch ploch, kde pracujete. Motorynka je loaj\u00e1ln\u00edm obchodn\u00edm partnerem. <\/p>\n","protected":false},"excerpt":{"rendered":"<p>P\u00ed\u0161e se rok 2001. Skupina polsk\u00fdch v\u00fdrobc\u016f a distributor\u016f &#8222;Oper\u00e1tor&#8220; na setk\u00e1n\u00ed v Ku\u017anii Ko\u0142\u0142\u0105tajowska u B\u0142onie zakl\u00e1d\u00e1 n\u00e1rodn\u00ed zna\u010dku kosmetiky a automobilov\u00e9 chemie Motorynka. Na \u00fasvitu konceptu nov\u00e9 polsk\u00e9 zna\u010dky se objevila my\u0161lenka sjednotit kolem produktu vysoce kvalitn\u00ed polsk\u00e9 nez\u00e1visl\u00e9 distributory a v\u00fdrobce. Produkt si m\u011bl naj\u00edt sv\u00e9 m\u00edsto i v obchodn\u00edch \u0159et\u011bzc\u00edch s\u00eddl\u00edc\u00edch &#8230; <\/p>\n<p class=\"read-more-container\"><a title=\"Historie zna\u010dky Motorynka\" class=\"read-more button\" href=\"https:\/\/hipernet.com.pl\/cs\/historie-znacky-motorynka\/#more-1171394751\" aria-label=\"\u010c\u00edst v\u00edce o Historie zna\u010dky Motorynka\">Read more<\/a><\/p>\n","protected":false},"author":1,"featured_media":0,"parent":0,"menu_order":0,"comment_status":"closed","ping_status":"closed","template":"","meta":{"footnotes":""},"class_list":["post-1171394751","page","type-page","status-publish"],"_links":{"self":[{"href":"https:\/\/hipernet.com.pl\/cs\/wp-json\/wp\/v2\/pages\/1171394751","targetHints":{"allow":["GET"]}}],"collection":[{"href":"https:\/\/hipernet.com.pl\/cs\/wp-json\/wp\/v2\/pages"}],"about":[{"href":"https:\/\/hipernet.com.pl\/cs\/wp-json\/wp\/v2\/types\/page"}],"author":[{"embeddable":true,"href":"https:\/\/hipernet.com.pl\/cs\/wp-json\/wp\/v2\/users\/1"}],"replies":[{"embeddable":true,"href":"https:\/\/hipernet.com.pl\/cs\/wp-json\/wp\/v2\/comments?post=1171394751"}],"version-history":[{"count":1,"href":"https:\/\/hipernet.com.pl\/cs\/wp-json\/wp\/v2\/pages\/1171394751\/revisions"}],"predecessor-version":[{"id":1171394755,"href":"https:\/\/hipernet.com.pl\/cs\/wp-json\/wp\/v2\/pages\/1171394751\/revisions\/1171394755"}],"wp:attachment":[{"href":"https:\/\/hipernet.com.pl\/cs\/wp-json\/wp\/v2\/media?parent=1171394751"}],"curies":[{"name":"wp","href":"https:\/\/api.w.org\/{rel}","templated":true}]}}