{"id":1171394880,"date":"2025-10-27T07:49:11","date_gmt":"2025-10-27T07:49:11","guid":{"rendered":"https:\/\/hipernet.com.pl\/faq\/"},"modified":"2025-11-08T09:37:46","modified_gmt":"2025-11-08T09:37:46","slug":"faq","status":"publish","type":"page","link":"https:\/\/hipernet.com.pl\/cs\/faq\/","title":{"rendered":"FAQ"},"content":{"rendered":"<div class=\"container\">\n<section class=\"section\" aria-labelledby=\"faq-tytul\">\n<div class=\"card\">\n<div class=\"kicker\">\u010casto kladen\u00e9 dotazy<\/div>\n<h2 id=\"faq-tytul\">FAQ<\/h2>\n<details>\n<summary>Spl\u0148uj\u00ed va\u0161e v\u00fdrobky bezpe\u010dnostn\u00ed normy?<\/summary>\n<p>Ano. Na\u0161e v\u00fdrobky jsou vysoce kvalitn\u00ed a spl\u0148uj\u00ed platn\u00e9 bezpe\u010dnostn\u00ed normy, co\u017e se prom\u00edt\u00e1 do jejich \u00fa\u010dinnosti. <\/p>\n<\/details>\n<details>\n<summary>Jak\u00e1 je doba v\u00fdroby?<\/summary>\n<p>V z\u00e1vislosti na typu zak\u00e1zky \u2013 standardn\u011b a\u017e <strong>10 pracovn\u00edch dn\u016f<\/strong>.<\/p>\n<\/details>\n<details>\n<summary>Poskytujete poprodejn\u00ed podporu?<\/summary>\n<p>Ano, ka\u017ed\u00fd z\u00e1kazn\u00edk m\u00e1 po zakoupen\u00ed p\u0159\u00edstup k technick\u00e9 a materi\u00e1lov\u00e9 podpo\u0159e.<\/p>\n<\/details>\n<details>\n<summary>Pos\u00edl\u00e1te vzorky?<\/summary>\n<p>Ano, vzorky k hodnocen\u00ed kvality zas\u00edl\u00e1me na vy\u017e\u00e1d\u00e1n\u00ed.<\/p>\n<\/details>\n<details>\n<summary>Jak\u00e9 platebn\u00ed metody p\u0159ij\u00edm\u00e1te?<\/summary>\n<p>R\u016fzn\u00e9 formy platby \u2013 podm\u00ednky p\u0159izp\u016fsobujeme pot\u0159eb\u00e1m B2B klienta.<\/p>\n<\/details>\n<\/div>\n<\/section>\n<\/div>\n","protected":false},"excerpt":{"rendered":"<p>\u010casto kladen\u00e9 dotazy FAQ Spl\u0148uj\u00ed va\u0161e v\u00fdrobky bezpe\u010dnostn\u00ed normy? Ano. Na\u0161e v\u00fdrobky jsou vysoce kvalitn\u00ed a spl\u0148uj\u00ed platn\u00e9 bezpe\u010dnostn\u00ed normy, co\u017e se prom\u00edt\u00e1 do jejich \u00fa\u010dinnosti. Jak\u00e1 je doba v\u00fdroby? V z\u00e1vislosti na typu zak\u00e1zky \u2013 standardn\u011b a\u017e 10 pracovn\u00edch dn\u016f. Poskytujete poprodejn\u00ed podporu? Ano, ka\u017ed\u00fd z\u00e1kazn\u00edk m\u00e1 po zakoupen\u00ed p\u0159\u00edstup k technick\u00e9 a materi\u00e1lov\u00e9 &#8230; <\/p>\n<p class=\"read-more-container\"><a title=\"FAQ\" class=\"read-more button\" href=\"https:\/\/hipernet.com.pl\/cs\/faq\/#more-1171394880\" aria-label=\"\u010c\u00edst v\u00edce o FAQ\">Read more<\/a><\/p>\n","protected":false},"author":1,"featured_media":0,"parent":0,"menu_order":0,"comment_status":"closed","ping_status":"closed","template":"","meta":{"footnotes":""},"class_list":["post-1171394880","page","type-page","status-publish"],"_links":{"self":[{"href":"https:\/\/hipernet.com.pl\/cs\/wp-json\/wp\/v2\/pages\/1171394880","targetHints":{"allow":["GET"]}}],"collection":[{"href":"https:\/\/hipernet.com.pl\/cs\/wp-json\/wp\/v2\/pages"}],"about":[{"href":"https:\/\/hipernet.com.pl\/cs\/wp-json\/wp\/v2\/types\/page"}],"author":[{"embeddable":true,"href":"https:\/\/hipernet.com.pl\/cs\/wp-json\/wp\/v2\/users\/1"}],"replies":[{"embeddable":true,"href":"https:\/\/hipernet.com.pl\/cs\/wp-json\/wp\/v2\/comments?post=1171394880"}],"version-history":[{"count":1,"href":"https:\/\/hipernet.com.pl\/cs\/wp-json\/wp\/v2\/pages\/1171394880\/revisions"}],"predecessor-version":[{"id":1171394883,"href":"https:\/\/hipernet.com.pl\/cs\/wp-json\/wp\/v2\/pages\/1171394880\/revisions\/1171394883"}],"wp:attachment":[{"href":"https:\/\/hipernet.com.pl\/cs\/wp-json\/wp\/v2\/media?parent=1171394880"}],"curies":[{"name":"wp","href":"https:\/\/api.w.org\/{rel}","templated":true}]}}