{"id":1171394550,"date":"2024-04-14T01:23:06","date_gmt":"2024-04-14T01:23:06","guid":{"rendered":"https:\/\/hipernet.com.pl\/eigenmarken\/"},"modified":"2025-11-14T14:35:42","modified_gmt":"2025-11-14T14:35:42","slug":"eigenmarken","status":"publish","type":"page","link":"https:\/\/hipernet.com.pl\/de\/eigenmarken\/","title":{"rendered":"Eigenmarken"},"content":{"rendered":"<p><!-- ===== HIPERNET: PRIVATE LABEL \u2013 GUTENBERG (PL) ===== --><\/p>\n<p><!-- HERO --><\/p>\n\n<div class=\"wp-block-group alignfull has-background\" style=\"background-color:#f1f1f1;padding-top:40px;padding-bottom:40px\"><div class=\"wp-block-group__inner-container is-layout-constrained wp-block-group-is-layout-constrained\">\n<div class=\"wp-block-group\"><div class=\"wp-block-group__inner-container is-layout-constrained wp-container-core-group-is-layout-48c9aa2a wp-block-group-is-layout-constrained\">\n<div class=\"wp-block-columns are-vertically-aligned-center is-layout-flex wp-container-core-columns-is-layout-00a7dfc8 wp-block-columns-is-layout-flex\">\n<div class=\"wp-block-column is-vertically-aligned-center is-layout-flow wp-block-column-is-layout-flow\">\n<p class=\"has-black-color has-text-color has-background\" style=\"background-color:#e6e6e6;padding-top:6px;padding-right:12px;padding-bottom:6px;padding-left:12px;font-size:12px;font-style:normal;font-weight:700;letter-spacing:.2px\"><\/p>\n\n\n\n<h1 class=\"wp-block-heading has-black-color has-text-color\" style=\"margin-top:8px;margin-bottom:8px;font-size:48px;font-style:normal;font-weight:800;line-height:1.15\">Wir stellen Produkte unter <em>Ihrem<\/em> Label her<\/h1>\n\n\n\n<p style=\"font-size:18px;line-height:1.6\">Ein umfassender Service f\u00fcr die Herstellung von Handelsmarken: von der Produktentwicklung \u00fcber das Etikettendesign und die Auswahl der Verpackung bis hin zur nach <strong>ISO 9001:2015<\/strong> zertifizierten Qualit\u00e4tskontrolle.<\/p>\n\n\n\n<div class=\"wp-block-buttons is-layout-flex wp-block-buttons-is-layout-flex\">\n<div class=\"wp-block-button is-style-fill\"><a class=\"wp-block-button__link has-vivid-red-background-color has-background wp-element-button\" href=\"#kontakt\" style=\"border-radius:8px;font-style:normal;font-weight:700\">Angebot anfordern<\/a><\/div>\n\n\n\n<div class=\"wp-block-button is-style-outline is-style-outline--1\"><a class=\"wp-block-button__link has-border-color wp-element-button\" href=\"#faq\" style=\"border-color:#1a1a1a;border-width:2px;border-radius:8px\">Wie funktioniert das?<\/a><\/div>\n<\/div>\n\n\n\n<div class=\"wp-block-group has-border-color\" style=\"border-color:#dcdcdc;border-width:1px;border-radius:12px;padding-top:18px;padding-right:20px;padding-bottom:18px;padding-left:20px\"><div class=\"wp-block-group__inner-container is-layout-flow wp-block-group-is-layout-flow\">\n<div class=\"wp-block-columns is-layout-flex wp-container-core-columns-is-layout-f0ef66cd wp-block-columns-is-layout-flex\">\n<div class=\"wp-block-column is-layout-flow wp-block-column-is-layout-flow\">\n<h3 class=\"wp-block-heading has-vivid-red-color has-text-color\" style=\"font-size:28px;font-weight:800\">1:1<\/h3>\n\n\n\n<p style=\"font-size:14px;line-height:1.4\">Projektzusammenarbeit<\/p>\n<\/div>\n\n\n\n<div class=\"wp-block-column is-layout-flow wp-block-column-is-layout-flow\">\n<h3 class=\"wp-block-heading has-vivid-red-color has-text-color\" style=\"font-size:28px;font-weight:800\">ISO<\/h3>\n\n\n\n<p style=\"font-size:14px;line-height:1.4\">9001:2015<\/p>\n<\/div>\n\n\n\n<div class=\"wp-block-column is-layout-flow wp-block-column-is-layout-flow\">\n<h3 class=\"wp-block-heading has-vivid-red-color has-text-color\" style=\"font-size:28px;font-weight:800\">100%<\/h3>\n\n\n\n<p style=\"font-size:14px;line-height:1.4\">Kundenmarke<\/p>\n<\/div>\n<\/div>\n\n\n\n<p style=\"margin-top:12px;font-size:14px\">Vom Konzept bis zum fertigen Produkt \u2013 mit voller Kontrolle \u00fcber das Branding.<\/p>\n<\/div><\/div>\n<\/div>\n<\/div>\n<\/div><\/div>\n<\/div><\/div>\n<p><!-- KORZY\u015aCI --><\/p>\n\n<div id=\"korzysci\" class=\"wp-block-group\"><div class=\"wp-block-group__inner-container is-layout-constrained wp-container-core-group-is-layout-48c9aa2a wp-block-group-is-layout-constrained\">\n<h2 class=\"wp-block-heading\">Warum lohnt es sich, mit Hipernet auf Private Label zu setzen?<\/h2>\n\n\n\n<div class=\"wp-block-columns is-layout-flex wp-container-core-columns-is-layout-3200dbe6 wp-block-columns-is-layout-flex\">\n<div class=\"wp-block-column is-layout-flow wp-block-column-is-layout-flow\">\n<div class=\"wp-block-group has-border-color\" style=\"border-color:#dedede;border-width:1px;border-radius:12px;padding-top:16px;padding-right:16px;padding-bottom:16px;padding-left:16px\"><div class=\"wp-block-group__inner-container is-layout-flow wp-block-group-is-layout-flow\">\n<h3 class=\"wp-block-heading\">Markenkontrolle<\/h3>\n\n\n\n<ul class=\"wp-block-list is-style-default\">\n<li>Du baust Wiedererkennung auf und entscheidest \u00fcber jedes Detail.<\/li>\n\n\n\n<li>Einheitliche Positionierung und Abbild im Regal.<\/li>\n<\/ul>\n<\/div><\/div>\n<\/div>\n\n\n\n<div class=\"wp-block-column is-layout-flow wp-block-column-is-layout-flow\">\n<div class=\"wp-block-group has-border-color\" style=\"border-color:#dedede;border-width:1px;border-radius:12px;padding-top:16px;padding-right:16px;padding-bottom:16px;padding-left:16px\"><div class=\"wp-block-group__inner-container is-layout-flow wp-block-group-is-layout-flow\">\n<h3 class=\"wp-block-heading\">H\u00f6here Marge<\/h3>\n\n\n\n<ul class=\"wp-block-list\">\n<li>Bessere Rentabilit\u00e4t als der Verkauf der Marken anderer Leute.<\/li>\n\n\n\n<li>Flexible Volumina und Kosten.<\/li>\n<\/ul>\n<\/div><\/div>\n<\/div>\n\n\n\n<div class=\"wp-block-column is-layout-flow wp-block-column-is-layout-flow\">\n<div class=\"wp-block-group has-border-color\" style=\"border-color:#dedede;border-width:1px;border-radius:12px;padding-top:16px;padding-right:16px;padding-bottom:16px;padding-left:16px\"><div class=\"wp-block-group__inner-container is-layout-flow wp-block-group-is-layout-flow\">\n<h3 class=\"wp-block-heading\">Kundenbindung<\/h3>\n\n\n\n<ul class=\"wp-block-list\">\n<li>Starke Eigenmarke = Wiederholungsk\u00e4ufe.<\/li>\n\n\n\n<li>Bessere Kontrolle \u00fcber das Kundenerlebnis.<\/li>\n<\/ul>\n<\/div><\/div>\n<\/div>\n\n\n\n<div class=\"wp-block-column is-layout-flow wp-block-column-is-layout-flow\">\n<div class=\"wp-block-group has-border-color\" style=\"border-color:#dedede;border-width:1px;border-radius:12px;padding-top:16px;padding-right:16px;padding-bottom:16px;padding-left:16px\"><div class=\"wp-block-group__inner-container is-layout-flow wp-block-group-is-layout-flow\">\n<h3 class=\"wp-block-heading\">Passende Angebote<\/h3>\n\n\n\n<ul class=\"wp-block-list\">\n<li>Ein Produkt, das auf die Bed\u00fcrfnisse Ihrer Zielgruppe zugeschnitten ist.<\/li>\n\n\n\n<li>Individuelle Rezepturen, Formate und Varianten.<\/li>\n<\/ul>\n<\/div><\/div>\n<\/div>\n<\/div>\n<\/div><\/div>\n<p><!-- PROJEKT I OPAKOWANIE --><\/p>\n\n<div class=\"wp-block-group\"><div class=\"wp-block-group__inner-container is-layout-constrained wp-container-core-group-is-layout-48c9aa2a wp-block-group-is-layout-constrained\">\n<h2 class=\"wp-block-heading\">Etikettendesign und Verpackungsauswahl<\/h2>\n\n\n\n<div class=\"wp-block-group has-border-color\" style=\"border-color:#dedede;border-width:1px;border-radius:12px;padding-top:16px;padding-right:16px;padding-bottom:16px;padding-left:16px\"><div class=\"wp-block-group__inner-container is-layout-flow wp-block-group-is-layout-flow\">\n<p>Auf Kundenwunsch <strong>entwerfen wir Etiketten<\/strong>, <strong>w\u00e4hlen Verpackungen aus<\/strong> und bereiten komplette grafische Materialien vor. Wir erf\u00fcllen die Erwartungen in Bezug auf Produkteigenschaften, Qualit\u00e4t und \u00c4sthetik. Wir sind <strong>flexibel und kreativ<\/strong> \u2013 von der Idee bis zum fertigen Produkt.  <\/p>\n<\/div><\/div>\n<\/div><\/div>\n<p><!-- JAKO\u015a\u0106 \/ ISO --><\/p>\n\n<div class=\"wp-block-group\"><div class=\"wp-block-group__inner-container is-layout-constrained wp-container-core-group-is-layout-48c9aa2a wp-block-group-is-layout-constrained\">\n<h2 class=\"wp-block-heading\">Zertifizierte Qualit\u00e4t<\/h2>\n\n\n\n<div class=\"wp-block-columns is-layout-flex wp-container-core-columns-is-layout-27d3582e wp-block-columns-is-layout-flex\">\n<div class=\"wp-block-column has-background is-layout-flow wp-block-column-is-layout-flow\" style=\"background-color:#d13616;flex-basis:6px\"><\/div>\n\n\n\n<div class=\"wp-block-column is-layout-flow wp-block-column-is-layout-flow\">\n<div class=\"wp-block-group has-border-color\" style=\"border-color:#dedede;border-width:1px;border-radius:12px;padding-top:16px;padding-right:16px;padding-bottom:16px;padding-left:16px\"><div class=\"wp-block-group__inner-container is-layout-flow wp-block-group-is-layout-flow\">\n<p>&#8222;Die Glaubw\u00fcrdigkeit unserer Bem\u00fchungen, qualitativ hochwertige Dienstleistungen zu erbringen und den st\u00e4ndig wachsenden Anforderungen unserer Kunden gerecht zu werden, basiert auf bew\u00e4hrten Qualit\u00e4tsmanagementsystemen gem\u00e4\u00df <strong>der Norm ISO 9001:2015<\/strong>.&#8220;<\/p>\n\n\n\n<p style=\"font-style:normal;font-weight:700\">Zdzis\u0142aw Oracz<br\/><span class=\"has-contrast-2-color has-text-color\">Pr\u00e4sident des Vorstands der Hipernet Sp. z o.o.<\/span><\/p>\n<\/div><\/div>\n<\/div>\n<\/div>\n<\/div><\/div>\n<p><!-- FAQ --><\/p>\n\n<div id=\"faq\" class=\"wp-block-group\"><div class=\"wp-block-group__inner-container is-layout-constrained wp-container-core-group-is-layout-48c9aa2a wp-block-group-is-layout-constrained\">\n<h2 class=\"wp-block-heading\">So funktioniert&#8217;s \u2013 h\u00e4ufig gestellte Fragen<\/h2>\n\n\n\n<div class=\"wp-block-columns is-layout-flex wp-container-core-columns-is-layout-9d6595d7 wp-block-columns-is-layout-flex\">\n<div class=\"wp-block-column is-layout-flow wp-block-column-is-layout-flow\">\n<details class=\"wp-block-details is-layout-flow wp-block-details-is-layout-flow\"><summary>Wie lange dauert es, bis die erste Serie startet?<\/summary>\n<p>In der Regel 4-8 Wochen, nachdem die Spezifikation und das Etikettendesign akzeptiert wurden. Der Zeitpunkt h\u00e4ngt von der Verf\u00fcgbarkeit von Rohstoffen und Verpackungen ab. <\/p>\n<\/details>\n<\/div>\n\n\n\n<div class=\"wp-block-column is-layout-flow wp-block-column-is-layout-flow\">\n<details class=\"wp-block-details is-layout-flow wp-block-details-is-layout-flow\"><summary>K\u00f6nnen Sie eine visuelle Identit\u00e4t entwerfen?<\/summary>\n<p>Ja. Wir erstellen Etiketten, Produktkarten und Marketingmaterialien, die mit Ihrer Marke \u00fcbereinstimmen. <\/p>\n<\/details>\n<\/div>\n\n\n\n<div class=\"wp-block-column is-layout-flow wp-block-column-is-layout-flow\">\n<details class=\"wp-block-details is-layout-flow wp-block-details-is-layout-flow\"><summary>F\u00fchren Sie kleinere Serien \/ Markttests durch?<\/summary>\n<p>Ja. Wir bieten flexible St\u00fcckzahlen \u2013 vom Piloten bis zur Serienreife. <\/p>\n<\/details>\n<\/div>\n<\/div>\n<\/div><\/div>\n<p><!-- KONTAKT --><\/p>\n\n<div id=\"kontakt\" class=\"wp-block-group\"><div class=\"wp-block-group__inner-container is-layout-constrained wp-container-core-group-is-layout-48c9aa2a wp-block-group-is-layout-constrained\">\n<h2 class=\"wp-block-heading\">Lassen Sie uns \u00fcber Ihre Marke sprechen<\/h2>\n\n\n\n<div class=\"wp-block-group has-border-color\" style=\"border-color:#dedede;border-width:1px;border-radius:12px;padding-top:16px;padding-right:16px;padding-bottom:16px;padding-left:16px\"><div class=\"wp-block-group__inner-container is-layout-flow wp-block-group-is-layout-flow\">\n<p>Beschreiben Sie das Produkt, das Sie ben\u00f6tigen (Typ, Varianten, geplantes Volumen). Wir werden uns mit einem Vorschlag und einem Zeitplan bei Ihnen melden. <\/p>\n\n\n\n<div class=\"wp-block-buttons is-layout-flex wp-block-buttons-is-layout-flex\">\n<div class=\"wp-block-button\"><a class=\"wp-block-button__link has-vivid-red-background-color has-background wp-element-button\" href=\"mailto:biuro@hipernet.com.pl?subject=Abfrage%20Private%20Beschriftung\" style=\"border-radius:8px;font-style:normal;font-weight:700\">Schreiben Sie uns<\/a><\/div>\n\n\n\n<div class=\"wp-block-button is-style-outline is-style-outline--2\"><a class=\"wp-block-button__link has-border-color wp-element-button\" href=\"tel:+48226790145\" style=\"border-color:#1a1a1a;border-width:2px;border-radius:8px\">Anrufen: +48 22 679 01 45<\/a><\/div>\n<\/div>\n<\/div><\/div>\n<\/div><\/div>\n<p><!-- CTA STOPKA --><\/p>\n\n<div class=\"wp-block-group\" style=\"margin-top:24px\"><div class=\"wp-block-group__inner-container is-layout-constrained wp-container-core-group-is-layout-d47ae597 wp-block-group-is-layout-constrained\">\n<div class=\"wp-block-buttons is-content-justification-center is-layout-flex wp-container-core-buttons-is-layout-0e1542cd wp-block-buttons-is-layout-flex\">\n<div class=\"wp-block-button\"><a class=\"wp-block-button__link has-vivid-red-background-color has-background wp-element-button\" href=\"#kontakt\" style=\"border-radius:8px;font-style:normal;font-weight:700\">Anfrage stellen<\/a><\/div>\n\n\n\n<div class=\"wp-block-button is-style-outline is-style-outline--3\"><a class=\"wp-block-button__link has-border-color wp-element-button\" href=\"#korzysci\" style=\"border-color:#1a1a1a;border-width:2px;border-radius:8px\">Sehen Sie sich die Vorteile an<\/a><\/div>\n<\/div>\n<\/div><\/div>\n\n<p><\/p>\n","protected":false},"excerpt":{"rendered":"<p>Wir stellen Produkte unter Ihrem Label her Ein umfassender Service f\u00fcr die Herstellung von Handelsmarken: von der Produktentwicklung \u00fcber das Etikettendesign und die Auswahl der Verpackung bis hin zur nach ISO 9001:2015 zertifizierten Qualit\u00e4tskontrolle. 1:1 Projektzusammenarbeit ISO 9001:2015 100% Kundenmarke Vom Konzept bis zum fertigen Produkt \u2013 mit voller Kontrolle \u00fcber das Branding. Warum lohnt &#8230; <\/p>\n<p class=\"read-more-container\"><a title=\"Eigenmarken\" class=\"read-more button\" href=\"https:\/\/hipernet.com.pl\/de\/eigenmarken\/#more-1171394550\" aria-label=\"Mehr Informationen \u00fcber Eigenmarken\">Weiterlesen &#8230;<\/a><\/p>\n","protected":false},"author":1,"featured_media":0,"parent":0,"menu_order":0,"comment_status":"closed","ping_status":"closed","template":"","meta":{"footnotes":""},"class_list":["post-1171394550","page","type-page","status-publish"],"_links":{"self":[{"href":"https:\/\/hipernet.com.pl\/de\/wp-json\/wp\/v2\/pages\/1171394550","targetHints":{"allow":["GET"]}}],"collection":[{"href":"https:\/\/hipernet.com.pl\/de\/wp-json\/wp\/v2\/pages"}],"about":[{"href":"https:\/\/hipernet.com.pl\/de\/wp-json\/wp\/v2\/types\/page"}],"author":[{"embeddable":true,"href":"https:\/\/hipernet.com.pl\/de\/wp-json\/wp\/v2\/users\/1"}],"replies":[{"embeddable":true,"href":"https:\/\/hipernet.com.pl\/de\/wp-json\/wp\/v2\/comments?post=1171394550"}],"version-history":[{"count":7,"href":"https:\/\/hipernet.com.pl\/de\/wp-json\/wp\/v2\/pages\/1171394550\/revisions"}],"predecessor-version":[{"id":1171394938,"href":"https:\/\/hipernet.com.pl\/de\/wp-json\/wp\/v2\/pages\/1171394550\/revisions\/1171394938"}],"wp:attachment":[{"href":"https:\/\/hipernet.com.pl\/de\/wp-json\/wp\/v2\/media?parent=1171394550"}],"curies":[{"name":"wp","href":"https:\/\/api.w.org\/{rel}","templated":true}]}}