{"id":1171394600,"date":"2024-04-13T21:23:54","date_gmt":"2024-04-13T21:23:54","guid":{"rendered":"https:\/\/hipernet.com.pl\/qualitaetspolitik\/"},"modified":"2025-11-07T12:19:52","modified_gmt":"2025-11-07T12:19:52","slug":"qualitaetspolitik","status":"publish","type":"page","link":"https:\/\/hipernet.com.pl\/de\/qualitaetspolitik\/","title":{"rendered":"Qualit\u00e4tspolitik"},"content":{"rendered":"<style>\/*! elementor - v3.21.0 - 26-05-2024 *\/<br \/>\n.elementor-heading-title{padding:0;margin:0;line-height:1}.elementor-widget-heading .elementor-heading-title[class*=elementor-size-]>a{color:inherit;font-size:inherit;line-height:inherit}.elementor-widget-heading .elementor-heading-title.elementor-size-small{font-size:15px}.elementor-widget-heading .elementor-heading-title.elementor-size-medium{font-size:19px}.elementor-widget-heading .elementor-heading-title.elementor-size-large{font-size:29px}.elementor-widget-heading .elementor-heading-title.elementor-size-xl{font-size:39px}.elementor-widget-heading .elementor-heading-title.elementor-size-xxl{font-size:59px}<\/style>\n<h2 data-start=\"237\" data-end=\"277\"><strong data-start=\"240\" data-end=\"277\">Unser Engagement f\u00fcr unsere Kunden<\/strong><\/h2>\n<p data-start=\"278\" data-end=\"584\">Bei <strong data-start=\"287\" data-end=\"317\">Hipernet Sp. z o.o. Sp. K.<\/strong> glauben wir, dass hohe Qualit\u00e4t der Schl\u00fcssel zu Vertrauen und langfristiger Zusammenarbeit ist. Unser oberstes Ziel ist <strong data-start=\"422\" data-end=\"460\">es, die Kundenzufriedenheit kontinuierlich zu steigern<\/strong>, indem wir Produkte anbieten, die den h\u00f6chsten Anspr\u00fcchen an Wirksamkeit, Sicherheit und Zuverl\u00e4ssigkeit entsprechen. <\/p>\n<h2 data-start=\"586\" data-end=\"626\"><strong data-start=\"589\" data-end=\"626\">Ziele und Annahmen der Qualit\u00e4tspolitik<\/strong><\/h2>\n<p data-start=\"627\" data-end=\"801\">Im Rahmen der angenommenen Qualit\u00e4tspolitik streben wir nach einer kontinuierlichen Verbesserung aller Produktions-, Organisations- und Managementprozesse. Die Hauptannahmen unserer Politik sind: <\/p>\n<ul data-start=\"803\" data-end=\"1516\">\n<li data-start=\"803\" data-end=\"957\">\n<p data-start=\"805\" data-end=\"957\"><strong data-start=\"805\" data-end=\"860\">Richtige Identifizierung der Bed\u00fcrfnisse und Erwartungen der Kunden<\/strong> \u2013 wir analysieren aktiv den Markt und passen das Angebot an die sich \u00e4ndernden Anforderungen der Benutzer an.<\/p>\n<\/li>\n<li data-start=\"958\" data-end=\"1114\">\n<p data-start=\"960\" data-end=\"1114\"><strong data-start=\"960\" data-end=\"1029\">Wir liefern Produkte, die unsere Kunden voll und ganz zufrieden stellen<\/strong> \u2013 wir gew\u00e4hrleisten wiederholbare Qualit\u00e4t und die Einhaltung der geltenden Normen ISO 9001:2015.<\/p>\n<\/li>\n<li data-start=\"1115\" data-end=\"1268\">\n<p data-start=\"1117\" data-end=\"1268\"><strong data-start=\"1117\" data-end=\"1185\">Optimales Gleichgewicht zwischen Qualit\u00e4t, Vorlaufzeit und Kosten<\/strong> \u2013 wir k\u00fcmmern uns um die Prozesseffizienz, um wettbewerbsf\u00e4hige und zuverl\u00e4ssige Produkte anzubieten.<\/p>\n<\/li>\n<li data-start=\"1269\" data-end=\"1407\">\n<p data-start=\"1271\" data-end=\"1407\"><strong data-start=\"1271\" data-end=\"1329\">Systematische Verbesserung der Qualit\u00e4t von Produkten und Prozessen<\/strong> \u2013 wir f\u00fchren technologische Innovationen ein und kontrollieren jede Phase der Produktion.<\/p>\n<\/li>\n<li data-start=\"1408\" data-end=\"1516\">\n<p data-start=\"1410\" data-end=\"1516\"><strong data-start=\"1410\" data-end=\"1444\">Sorge um die nat\u00fcrliche Umwelt<\/strong> \u2013 wir minimieren Verluste und Abfall durch die Umsetzung umweltfreundlicher L\u00f6sungen.<\/p>\n<\/li>\n<\/ul>\n<h2 data-start=\"1518\" data-end=\"1545\"><strong data-start=\"1521\" data-end=\"1545\">Pflichten des Vorstands<\/strong><\/h2>\n<p data-start=\"1546\" data-end=\"1636\">Um die Ziele der Qualit\u00e4tspolitik wirksam umzusetzen, verpflichtet sich der Vorstand von Hipernet:<\/p>\n<ul data-start=\"1638\" data-end=\"1994\">\n<li data-start=\"1638\" data-end=\"1715\">\n<p data-start=\"1640\" data-end=\"1715\">Anerkennung der Grunds\u00e4tze der Qualit\u00e4tspolitik als <strong data-start=\"1674\" data-end=\"1712\">grundlegendes Element der Unternehmensstrategie<\/strong>,<\/p>\n<\/li>\n<li data-start=\"1716\" data-end=\"1828\">\n<p data-start=\"1718\" data-end=\"1828\"><strong data-start=\"1718\" data-end=\"1757\">Sicherstellung angemessener Ressourcen<\/strong> und technischer Mittel, die zur Erreichung der Qualit\u00e4tsziele erforderlich sind,<\/p>\n<\/li>\n<li data-start=\"1829\" data-end=\"1913\">\n<p data-start=\"1831\" data-end=\"1913\">Mitarbeiter im Bereich der Qualit\u00e4tsverantwortung <strong data-start=\"1831\" data-end=\"1871\">zu motivieren und zu unterst\u00fctzen<\/strong>,<\/p>\n<\/li>\n<li data-start=\"1914\" data-end=\"1994\">\n<p data-start=\"1916\" data-end=\"1994\">Kontinuierliche \u00dcberwachung der Wirksamkeit der implementierten Prozesse und deren Verbesserung.<\/p>\n<\/li>\n<\/ul>\n<h2 data-start=\"1996\" data-end=\"2022\"><strong data-start=\"1999\" data-end=\"2022\">Unsere Qualit\u00e4tsmission<\/strong><\/h2>\n<p data-start=\"2023\" data-end=\"2335\">Das Ziel der T\u00e4tigkeit von Hipernet ist <strong data-start=\"2062\" data-end=\"2151\">es, die Position eines zuverl\u00e4ssigen Herstellers von technischen und Automobilchemikalien zu behaupten und auszubauen<\/strong> und seinen Kunden Produkte mit h\u00f6chstem Nutzwert zu liefern.<br data-start=\"2219\" data-end=\"2222\">Wir bem\u00fchen uns sicherzustellen <strong data-start=\"2241\" data-end=\"2278\">, dass Qualit\u00e4t, Sicherheit und Vertrauen<\/strong> die Grundlage jeder Beziehung zu unseren Kunden sind.<\/p>\n","protected":false},"excerpt":{"rendered":"<p>Unser Engagement f\u00fcr unsere Kunden Bei Hipernet Sp. z o.o. Sp. K. glauben wir, dass hohe Qualit\u00e4t der Schl\u00fcssel zu Vertrauen und langfristiger Zusammenarbeit ist. Unser oberstes Ziel ist es, die Kundenzufriedenheit kontinuierlich zu steigern, indem wir Produkte anbieten, die den h\u00f6chsten Anspr\u00fcchen an Wirksamkeit, Sicherheit und Zuverl\u00e4ssigkeit entsprechen. Ziele und Annahmen der Qualit\u00e4tspolitik Im &#8230; <\/p>\n<p class=\"read-more-container\"><a title=\"Qualit\u00e4tspolitik\" class=\"read-more button\" href=\"https:\/\/hipernet.com.pl\/de\/qualitaetspolitik\/#more-1171394600\" aria-label=\"Mehr Informationen \u00fcber Qualit\u00e4tspolitik\">Weiterlesen &#8230;<\/a><\/p>\n","protected":false},"author":1,"featured_media":0,"parent":0,"menu_order":0,"comment_status":"closed","ping_status":"closed","template":"","meta":{"footnotes":""},"class_list":["post-1171394600","page","type-page","status-publish"],"_links":{"self":[{"href":"https:\/\/hipernet.com.pl\/de\/wp-json\/wp\/v2\/pages\/1171394600","targetHints":{"allow":["GET"]}}],"collection":[{"href":"https:\/\/hipernet.com.pl\/de\/wp-json\/wp\/v2\/pages"}],"about":[{"href":"https:\/\/hipernet.com.pl\/de\/wp-json\/wp\/v2\/types\/page"}],"author":[{"embeddable":true,"href":"https:\/\/hipernet.com.pl\/de\/wp-json\/wp\/v2\/users\/1"}],"replies":[{"embeddable":true,"href":"https:\/\/hipernet.com.pl\/de\/wp-json\/wp\/v2\/comments?post=1171394600"}],"version-history":[{"count":1,"href":"https:\/\/hipernet.com.pl\/de\/wp-json\/wp\/v2\/pages\/1171394600\/revisions"}],"predecessor-version":[{"id":1171394604,"href":"https:\/\/hipernet.com.pl\/de\/wp-json\/wp\/v2\/pages\/1171394600\/revisions\/1171394604"}],"wp:attachment":[{"href":"https:\/\/hipernet.com.pl\/de\/wp-json\/wp\/v2\/media?parent=1171394600"}],"curies":[{"name":"wp","href":"https:\/\/api.w.org\/{rel}","templated":true}]}}