{"id":1171394627,"date":"2025-11-06T13:31:48","date_gmt":"2025-11-06T13:31:48","guid":{"rendered":"https:\/\/hipernet.com.pl\/ueber-uns\/"},"modified":"2025-11-07T16:22:35","modified_gmt":"2025-11-07T16:22:35","slug":"ueber-uns","status":"publish","type":"page","link":"https:\/\/hipernet.com.pl\/de\/ueber-uns\/","title":{"rendered":"\u00dcber uns"},"content":{"rendered":"\n<p>Ein polnisches Unternehmen mit Tradition und Prinzipien<\/p>\n\n<p>Hipernet ist <strong>ein polnisches Unternehmen mit Sitz in Warschau<\/strong>, das seit 2001 t\u00e4tig ist. Von Anfang an haben wir auf <strong>Zuverl\u00e4ssigkeit, Qualit\u00e4t und Partnerschaften<\/strong> gesetzt. Wir jagen nicht der Mode hinterher, sondern tun das, was wir am besten k\u00f6nnen: <strong>Wir produzieren und vertreiben technische Chemikalien, Autochemikalien, Autozubeh\u00f6r und Grillprodukte<\/strong>.<br\/>Wir sind <strong>ein bew\u00e4hrter B2B-Partner, der<\/strong> Einzelhandelsketten, Gro\u00dfh\u00e4ndler und Unternehmen aus der Automobil- und allgemeinen Konsumg\u00fcterindustrie in ganz Polen beliefert.  <\/p>\n\n<hr class=\"wp-block-separator has-alpha-channel-opacity\"\/>\n\n<p>Was wir tun<\/p>\n\n<p>Seit Jahren entwickeln wir unser Sortiment an technischen, automobilen und saisonalen Produkten weiter und stellen sicher, dass jede Charge den h\u00f6chsten Qualit\u00e4tsstandards entspricht.<br\/>Unser Angebot umfasst unter anderem:<\/p>\n\n<ul class=\"wp-block-list\">\n<li><strong>Autochemikalien<\/strong> \u2013 Fl\u00fcssigkeiten, Wachse, Reinigungsmittel, Autokosmetika,<\/li>\n\n\n\n<li><strong>technische Chemikalien<\/strong> \u2013 Schmierstoffe, Silikone, \u00d6le, Konservierungsmittel,<\/li>\n\n\n\n<li><strong>Autozubeh\u00f6r<\/strong> \u2013 Schw\u00e4mme, B\u00fcrsten, D\u00fcfte, T\u00fccher und Werkstattausr\u00fcstung,<\/li>\n\n\n\n<li><strong>Grillprodukte<\/strong> \u2013 Briketts, Feuerzeuge, Fl\u00fcssigkeiten und W\u00fcrfel zum Anz\u00fcnden, Grillzubeh\u00f6r, Roste und Aluminiumschalen.<\/li>\n<\/ul>\n\n<p>Wir liefern Produkte unter unserer eigenen <strong>Marke Hipernet<\/strong> und erstellen Produktlinien f\u00fcr Netzwerkkunden und Distributoren.<\/p>\n\n<hr class=\"wp-block-separator has-alpha-channel-opacity\"\/>\n\n<p>Ein Partner, auf den Sie sich verlassen k\u00f6nnen<\/p>\n\n<p>Wir sind kein seelenloses Unternehmen. Wir arbeiten auf Polnisch \u2013 <strong>mit Respekt vor der Arbeit und unserem Partner<\/strong>. Unsere Beziehungen zu unseren Kunden basieren auf Vertrauen, Aktualit\u00e4t und Transparenz der Richtlinien.<br\/>Wir kennen die Realit\u00e4ten des Marktes, deshalb passen wir unser Angebot an die Bed\u00fcrfnisse von Gro\u00dfh\u00e4ndlern, Einzelh\u00e4ndlern und Einzelhandelsketten an.<br\/>Wenn Sie auf der Suche nach <strong>einem zuverl\u00e4ssigen Lieferanten f\u00fcr Autochemikalien, Autozubeh\u00f6r oder Grillprodukte sind,<\/strong> der Ihr Gesch\u00e4ft versteht, sind Sie bei uns genau richtig.  <\/p>\n\n<hr class=\"wp-block-separator has-alpha-channel-opacity\"\/>\n\n<p>Unsere Vorteile<\/p>\n\n<p><strong>Ein polnisches Unternehmen mit Erfahrung<\/strong> \u2013 wir sind seit 2001 ununterbrochen t\u00e4tig.<br\/><strong>B2B-Produktion und -Vertrieb<\/strong> \u2013 wir beliefern Einzelhandelsketten, Gesch\u00e4fte und Gro\u00dfh\u00e4ndler im ganzen Land.<br\/><strong>Hohe Qualit\u00e4t und Sicherheit der Produkte<\/strong> \u2013 jede Charge wird getestet, bevor sie auf den Markt gebracht wird.<br\/><strong>Flexibilit\u00e4t<\/strong> \u2013 wir f\u00fchren auch Auftr\u00e4ge unter der Marke des Kunden (Private Label) aus.<br\/><strong>Vertrauen und Ehrlichkeit<\/strong> \u2013 wir handeln auf die alte Art und Weise: zuverl\u00e4ssig, p\u00fcnktlich und mit Ehre.<\/p>\n\n<hr class=\"wp-block-separator has-alpha-channel-opacity\"\/>\n\n<p>Hypernet \u2013 Tradition, Qualit\u00e4t, Vertrauen<\/p>\n\n<p>Seit \u00fcber zwei Jahrzehnten bauen wir konsequent eine Marke auf, der man vertrauen kann.<br\/><strong>Hipernet ist nicht nur Hersteller und Vertreiber von technischen Chemikalien oder Autozubeh\u00f6r \u2013 es ist auch ein Lieferant von hochwertigen Grillprodukten, der sich auf zuverl\u00e4ssige Arbeit und polnische Standards konzentriert.<\/strong><\/p>\n","protected":false},"excerpt":{"rendered":"<p>Ein polnisches Unternehmen mit Tradition und Prinzipien Hipernet ist ein polnisches Unternehmen mit Sitz in Warschau, das seit 2001 t\u00e4tig ist. Von Anfang an haben wir auf Zuverl\u00e4ssigkeit, Qualit\u00e4t und Partnerschaften gesetzt. Wir jagen nicht der Mode hinterher, sondern tun das, was wir am besten k\u00f6nnen: Wir produzieren und vertreiben technische Chemikalien, Autochemikalien, Autozubeh\u00f6r und &#8230; <\/p>\n<p class=\"read-more-container\"><a title=\"\u00dcber uns\" class=\"read-more button\" href=\"https:\/\/hipernet.com.pl\/de\/ueber-uns\/#more-1171394627\" aria-label=\"Mehr Informationen \u00fcber \u00dcber uns\">Weiterlesen &#8230;<\/a><\/p>\n","protected":false},"author":1,"featured_media":0,"parent":0,"menu_order":0,"comment_status":"closed","ping_status":"closed","template":"","meta":{"footnotes":""},"class_list":["post-1171394627","page","type-page","status-publish"],"_links":{"self":[{"href":"https:\/\/hipernet.com.pl\/de\/wp-json\/wp\/v2\/pages\/1171394627","targetHints":{"allow":["GET"]}}],"collection":[{"href":"https:\/\/hipernet.com.pl\/de\/wp-json\/wp\/v2\/pages"}],"about":[{"href":"https:\/\/hipernet.com.pl\/de\/wp-json\/wp\/v2\/types\/page"}],"author":[{"embeddable":true,"href":"https:\/\/hipernet.com.pl\/de\/wp-json\/wp\/v2\/users\/1"}],"replies":[{"embeddable":true,"href":"https:\/\/hipernet.com.pl\/de\/wp-json\/wp\/v2\/comments?post=1171394627"}],"version-history":[{"count":1,"href":"https:\/\/hipernet.com.pl\/de\/wp-json\/wp\/v2\/pages\/1171394627\/revisions"}],"predecessor-version":[{"id":1171394630,"href":"https:\/\/hipernet.com.pl\/de\/wp-json\/wp\/v2\/pages\/1171394627\/revisions\/1171394630"}],"wp:attachment":[{"href":"https:\/\/hipernet.com.pl\/de\/wp-json\/wp\/v2\/media?parent=1171394627"}],"curies":[{"name":"wp","href":"https:\/\/api.w.org\/{rel}","templated":true}]}}