{"id":1171394772,"date":"2024-04-14T00:02:58","date_gmt":"2024-04-14T00:02:58","guid":{"rendered":"https:\/\/hipernet.com.pl\/geschichte-der-marke-motorynka\/"},"modified":"2025-11-07T22:30:26","modified_gmt":"2025-11-07T22:30:26","slug":"geschichte-der-marke-motorynka","status":"publish","type":"page","link":"https:\/\/hipernet.com.pl\/de\/geschichte-der-marke-motorynka\/","title":{"rendered":"Geschichte der Marke Motorynka"},"content":{"rendered":"<p>Wir schreiben das Jahr 2001. <strong>Die Gruppe der polnischen Hersteller und Vertreiber &#8222;Operator&#8220;<\/strong> gr\u00fcndet auf einem Treffen in Ku\u017ania Ko\u0142\u0142\u0105tajowska in der N\u00e4he von B\u0142onie die nationale Marke f\u00fcr Kosmetik und Automobilchemikalien Motorynka. Zu Beginn des Konzepts einer neuen polnischen Marke gab es die Idee, hochwertige polnische unabh\u00e4ngige H\u00e4ndler und Hersteller rund um das Produkt zu vereinen. Das Produkt sollte auch seinen Platz in Einzelhandelsketten finden, die im Land ans\u00e4ssig sind. W\u00e4hrend der Zeit der T\u00e4tigkeit der Motorynka-Gruppe hat sie unter anderem ihren Platz in den Regalen gefunden. Tankstellen: BP, Jet, Danziger Raffinerie; Gro\u00dfformat- und Discounterketten: Tesco, Hypernowa, Albert, Plus Discount, Leclerc, Carrefour, Selgros, Obi, Bricomarche. Im Laufe der Zeit \u00fcbernahm Hipernet \u2013 ein Mitglied der Gruppe, die auf dem Markt f\u00fcr Einzelhandelsketten t\u00e4tig ist \u2013 die nationale Marke auf der Grundlage von Marktver\u00e4nderungen und f\u00fchrte das Projekt in Eigenregie fort. Hipernet hat exzellente Fachkr\u00e4fte aus der Branche f\u00fcr die Zusammenarbeit rekrutiert und dem Projekt eine neue, moderne Ausrichtung gegeben.     <\/p>\n<p><strong>Heute ist Motorynka nicht nur Kosmetik und Autochemie<\/strong>, sondern auch Autozubeh\u00f6r und -zubeh\u00f6r \u2013 Motorynka ist ein komplettes Set an Produkten, die f\u00fcr einen modernen Autofahrer notwendig sind.<\/p>\n<p>Durch den Kauf hochwertiger Produkte der nationalen Marke Motorynka unterst\u00fctzen Sie polnische Arbeitspl\u00e4tze. Sie erhalten ein Produkt von h\u00f6chster Qualit\u00e4t. <\/p>\n<p>Motorynka ist eine Gelegenheit f\u00fcr polnische Produkte von h\u00f6chster Qualit\u00e4t im Kampf um einen Platz auf dem polnischen Markt. Es ist auch eine Gelegenheit, Produkte in benachbarte M\u00e4rkte zu exportieren. <\/p>\n<style>\/*! elementor - v3.21.0 - 26-05-2024 *\/\n.elementor-widget-image{text-align:center}.elementor-widget-image a{display:inline-block}.elementor-widget-image a img[src$=\".svg\"]{width:48px}.elementor-widget-image img{vertical-align:middle;display:inline-block}<\/style>\n<p>\t\t\t\t\t\t\t\t\t\t<img loading=\"lazy\" decoding=\"async\" width=\"300\" height=\"54\" src=\"https:\/\/hipernet.com.pl\/wp-content\/uploads\/2024\/04\/Motorynka-1.jpg\" alt=\"\" srcset=\"https:\/\/hipernet.com.pl\/wp-content\/uploads\/2024\/04\/Motorynka-1.jpg 300w, https:\/\/hipernet.com.pl\/wp-content\/uploads\/2024\/04\/Motorynka-1-150x27.jpg 150w\" sizes=\"auto, (max-width: 300px) 100vw, 300px\">\t\t\t\t\t\t\t\t\t\t\t\t\t<\/p>\n<p>Motorynka ist ein Produkt, das die Grenzen der Verkaufsbereiche respektiert, in denen Sie arbeiten. Motorynka ist ein treuer Gesch\u00e4ftspartner. <\/p>\n","protected":false},"excerpt":{"rendered":"<p>Wir schreiben das Jahr 2001. Die Gruppe der polnischen Hersteller und Vertreiber &#8222;Operator&#8220; gr\u00fcndet auf einem Treffen in Ku\u017ania Ko\u0142\u0142\u0105tajowska in der N\u00e4he von B\u0142onie die nationale Marke f\u00fcr Kosmetik und Automobilchemikalien Motorynka. Zu Beginn des Konzepts einer neuen polnischen Marke gab es die Idee, hochwertige polnische unabh\u00e4ngige H\u00e4ndler und Hersteller rund um das Produkt &#8230; <\/p>\n<p class=\"read-more-container\"><a title=\"Geschichte der Marke Motorynka\" class=\"read-more button\" href=\"https:\/\/hipernet.com.pl\/de\/geschichte-der-marke-motorynka\/#more-1171394772\" aria-label=\"Mehr Informationen \u00fcber Geschichte der Marke Motorynka\">Weiterlesen &#8230;<\/a><\/p>\n","protected":false},"author":1,"featured_media":0,"parent":0,"menu_order":0,"comment_status":"closed","ping_status":"closed","template":"","meta":{"footnotes":""},"class_list":["post-1171394772","page","type-page","status-publish"],"_links":{"self":[{"href":"https:\/\/hipernet.com.pl\/de\/wp-json\/wp\/v2\/pages\/1171394772","targetHints":{"allow":["GET"]}}],"collection":[{"href":"https:\/\/hipernet.com.pl\/de\/wp-json\/wp\/v2\/pages"}],"about":[{"href":"https:\/\/hipernet.com.pl\/de\/wp-json\/wp\/v2\/types\/page"}],"author":[{"embeddable":true,"href":"https:\/\/hipernet.com.pl\/de\/wp-json\/wp\/v2\/users\/1"}],"replies":[{"embeddable":true,"href":"https:\/\/hipernet.com.pl\/de\/wp-json\/wp\/v2\/comments?post=1171394772"}],"version-history":[{"count":1,"href":"https:\/\/hipernet.com.pl\/de\/wp-json\/wp\/v2\/pages\/1171394772\/revisions"}],"predecessor-version":[{"id":1171394774,"href":"https:\/\/hipernet.com.pl\/de\/wp-json\/wp\/v2\/pages\/1171394772\/revisions\/1171394774"}],"wp:attachment":[{"href":"https:\/\/hipernet.com.pl\/de\/wp-json\/wp\/v2\/media?parent=1171394772"}],"curies":[{"name":"wp","href":"https:\/\/api.w.org\/{rel}","templated":true}]}}