{"id":1171394885,"date":"2025-10-27T07:49:11","date_gmt":"2025-10-27T07:49:11","guid":{"rendered":"https:\/\/hipernet.com.pl\/haeufig-gestellte-fragen\/"},"modified":"2025-11-08T09:37:53","modified_gmt":"2025-11-08T09:37:53","slug":"haeufig-gestellte-fragen","status":"publish","type":"page","link":"https:\/\/hipernet.com.pl\/de\/haeufig-gestellte-fragen\/","title":{"rendered":"H\u00e4ufig gestellte Fragen"},"content":{"rendered":"<div class=\"container\">\n<section class=\"section\" aria-labelledby=\"faq-tytul\">\n<div class=\"card\">\n<div class=\"kicker\">H\u00e4ufig gestellte Fragen<\/div>\n<h2 id=\"faq-tytul\">H\u00e4ufig gestellte Fragen<\/h2>\n<details>\n<summary>Erf\u00fcllen Ihre Produkte die Sicherheitsstandards?<\/summary>\n<p>Ja. Unsere Produkte sind von hoher Qualit\u00e4t und erf\u00fcllen die geltenden Sicherheitsstandards, was sich in ihrer Wirksamkeit niederschl\u00e4gt. <\/p>\n<\/details>\n<details>\n<summary>Was ist die Produktionszeit?<\/summary>\n<p>Je nach Art des Auftrags \u2013 standardm\u00e4\u00dfig bis zu <strong>10 Werktage<\/strong>.<\/p>\n<\/details>\n<details>\n<summary>Bieten Sie After-Sales-Support an?<\/summary>\n<p>Ja, jeder Kunde hat nach dem Kauf Zugang zu technischem und materiellem Support.<\/p>\n<\/details>\n<details>\n<summary>Versenden Sie Muster?<\/summary>\n<p>Ja, auf Anfrage senden wir Muster zur Qualit\u00e4tsbewertung.<\/p>\n<\/details>\n<details>\n<summary>Welche Zahlungsmethoden akzeptieren Sie?<\/summary>\n<p>Verschiedene Zahlungsarten \u2013 wir passen die Bedingungen an die Bed\u00fcrfnisse des B2B-Kunden an.<\/p>\n<\/details>\n<\/div>\n<\/section>\n<\/div>\n","protected":false},"excerpt":{"rendered":"<p>H\u00e4ufig gestellte Fragen H\u00e4ufig gestellte Fragen Erf\u00fcllen Ihre Produkte die Sicherheitsstandards? Ja. Unsere Produkte sind von hoher Qualit\u00e4t und erf\u00fcllen die geltenden Sicherheitsstandards, was sich in ihrer Wirksamkeit niederschl\u00e4gt. Was ist die Produktionszeit? Je nach Art des Auftrags \u2013 standardm\u00e4\u00dfig bis zu 10 Werktage. Bieten Sie After-Sales-Support an? Ja, jeder Kunde hat nach dem Kauf &#8230; <\/p>\n<p class=\"read-more-container\"><a title=\"H\u00e4ufig gestellte Fragen\" class=\"read-more button\" href=\"https:\/\/hipernet.com.pl\/de\/haeufig-gestellte-fragen\/#more-1171394885\" aria-label=\"Mehr Informationen \u00fcber H\u00e4ufig gestellte Fragen\">Weiterlesen &#8230;<\/a><\/p>\n","protected":false},"author":1,"featured_media":0,"parent":0,"menu_order":0,"comment_status":"closed","ping_status":"closed","template":"","meta":{"footnotes":""},"class_list":["post-1171394885","page","type-page","status-publish"],"_links":{"self":[{"href":"https:\/\/hipernet.com.pl\/de\/wp-json\/wp\/v2\/pages\/1171394885","targetHints":{"allow":["GET"]}}],"collection":[{"href":"https:\/\/hipernet.com.pl\/de\/wp-json\/wp\/v2\/pages"}],"about":[{"href":"https:\/\/hipernet.com.pl\/de\/wp-json\/wp\/v2\/types\/page"}],"author":[{"embeddable":true,"href":"https:\/\/hipernet.com.pl\/de\/wp-json\/wp\/v2\/users\/1"}],"replies":[{"embeddable":true,"href":"https:\/\/hipernet.com.pl\/de\/wp-json\/wp\/v2\/comments?post=1171394885"}],"version-history":[{"count":1,"href":"https:\/\/hipernet.com.pl\/de\/wp-json\/wp\/v2\/pages\/1171394885\/revisions"}],"predecessor-version":[{"id":1171394891,"href":"https:\/\/hipernet.com.pl\/de\/wp-json\/wp\/v2\/pages\/1171394885\/revisions\/1171394891"}],"wp:attachment":[{"href":"https:\/\/hipernet.com.pl\/de\/wp-json\/wp\/v2\/media?parent=1171394885"}],"curies":[{"name":"wp","href":"https:\/\/api.w.org\/{rel}","templated":true}]}}