{"id":1171394547,"date":"2024-04-14T01:23:06","date_gmt":"2024-04-14T01:23:06","guid":{"rendered":"https:\/\/hipernet.com.pl\/marques-de-distributeur\/"},"modified":"2025-11-14T14:36:35","modified_gmt":"2025-11-14T14:36:35","slug":"marques-de-distributeur","status":"publish","type":"page","link":"https:\/\/hipernet.com.pl\/fr\/marques-de-distributeur\/","title":{"rendered":"Marques de distributeur"},"content":{"rendered":"<p><!-- ===== HIPERNET: PRIVATE LABEL \u2013 GUTENBERG (PL) ===== --><\/p>\n<p><!-- HERO --><\/p>\n\n<div class=\"wp-block-group alignfull has-background\" style=\"background-color:#f1f1f1;padding-top:40px;padding-bottom:40px\"><div class=\"wp-block-group__inner-container is-layout-constrained wp-block-group-is-layout-constrained\">\n<div class=\"wp-block-group\"><div class=\"wp-block-group__inner-container is-layout-constrained wp-container-core-group-is-layout-48c9aa2a wp-block-group-is-layout-constrained\">\n<div class=\"wp-block-columns are-vertically-aligned-center is-layout-flex wp-container-core-columns-is-layout-00a7dfc8 wp-block-columns-is-layout-flex\">\n<div class=\"wp-block-column is-vertically-aligned-center is-layout-flow wp-block-column-is-layout-flow\">\n<p class=\"has-black-color has-text-color has-background\" style=\"background-color:#e6e6e6;padding-top:6px;padding-right:12px;padding-bottom:6px;padding-left:12px;font-size:12px;font-style:normal;font-weight:700;letter-spacing:.2px\"><\/p>\n\n\n\n<h1 class=\"wp-block-heading has-black-color has-text-color\" style=\"margin-top:8px;margin-bottom:8px;font-size:48px;font-style:normal;font-weight:800;line-height:1.15\">Nous fabriquerons des produits sous <em>votre<\/em> \u00e9tiquette<\/h1>\n\n\n\n<p style=\"font-size:18px;line-height:1.6\">Un service complet de fabrication de marques de distributeur : du d\u00e9veloppement du produit, en passant par la conception de l\u2019\u00e9tiquette et la s\u00e9lection de l\u2019emballage, jusqu\u2019au contr\u00f4le qualit\u00e9 certifi\u00e9 <strong>ISO 9001:2015<\/strong>.<\/p>\n\n\n\n<div class=\"wp-block-buttons is-layout-flex wp-block-buttons-is-layout-flex\">\n<div class=\"wp-block-button is-style-fill\"><a class=\"wp-block-button__link has-vivid-red-background-color has-background wp-element-button\" href=\"#kontakt\" style=\"border-radius:8px;font-style:normal;font-weight:700\">Demander un devis<\/a><\/div>\n\n\n\n<div class=\"wp-block-button is-style-outline is-style-outline--1\"><a class=\"wp-block-button__link has-border-color wp-element-button\" href=\"#faq\" style=\"border-color:#1a1a1a;border-width:2px;border-radius:8px\">Comment cela fonctionne-t-il ?<\/a><\/div>\n<\/div>\n\n\n\n<div class=\"wp-block-group has-border-color\" style=\"border-color:#dcdcdc;border-width:1px;border-radius:12px;padding-top:18px;padding-right:20px;padding-bottom:18px;padding-left:20px\"><div class=\"wp-block-group__inner-container is-layout-flow wp-block-group-is-layout-flow\">\n<div class=\"wp-block-columns is-layout-flex wp-container-core-columns-is-layout-f0ef66cd wp-block-columns-is-layout-flex\">\n<div class=\"wp-block-column is-layout-flow wp-block-column-is-layout-flow\">\n<h3 class=\"wp-block-heading has-vivid-red-color has-text-color\" style=\"font-size:28px;font-weight:800\">1:1<\/h3>\n\n\n\n<p style=\"font-size:14px;line-height:1.4\">Collaboration de projet<\/p>\n<\/div>\n\n\n\n<div class=\"wp-block-column is-layout-flow wp-block-column-is-layout-flow\">\n<h3 class=\"wp-block-heading has-vivid-red-color has-text-color\" style=\"font-size:28px;font-weight:800\">ISO<\/h3>\n\n\n\n<p style=\"font-size:14px;line-height:1.4\">9001:2015<\/p>\n<\/div>\n\n\n\n<div class=\"wp-block-column is-layout-flow wp-block-column-is-layout-flow\">\n<h3 class=\"wp-block-heading has-vivid-red-color has-text-color\" style=\"font-size:28px;font-weight:800\">100%<\/h3>\n\n\n\n<p style=\"font-size:14px;line-height:1.4\">Marque du client<\/p>\n<\/div>\n<\/div>\n\n\n\n<p style=\"margin-top:12px;font-size:14px\">De la conception au produit fini, avec un contr\u00f4le total de l\u2019image de marque.<\/p>\n<\/div><\/div>\n<\/div>\n<\/div>\n<\/div><\/div>\n<\/div><\/div>\n<p><!-- KORZY\u015aCI --><\/p>\n\n<div id=\"korzysci\" class=\"wp-block-group\"><div class=\"wp-block-group__inner-container is-layout-constrained wp-container-core-group-is-layout-48c9aa2a wp-block-group-is-layout-constrained\">\n<h2 class=\"wp-block-heading\">Pourquoi vaut-il la peine de miser sur les marques de distributeur avec Hipernet<\/h2>\n\n\n\n<div class=\"wp-block-columns is-layout-flex wp-container-core-columns-is-layout-3200dbe6 wp-block-columns-is-layout-flex\">\n<div class=\"wp-block-column is-layout-flow wp-block-column-is-layout-flow\">\n<div class=\"wp-block-group has-border-color\" style=\"border-color:#dedede;border-width:1px;border-radius:12px;padding-top:16px;padding-right:16px;padding-bottom:16px;padding-left:16px\"><div class=\"wp-block-group__inner-container is-layout-flow wp-block-group-is-layout-flow\">\n<h3 class=\"wp-block-heading\">Contr\u00f4le de la marque<\/h3>\n\n\n\n<ul class=\"wp-block-list is-style-default\">\n<li>Vous construisez la reconnaissance et d\u00e9cidez de chaque d\u00e9tail.<\/li>\n\n\n\n<li>Positionnement et image coh\u00e9rents sur l\u2019\u00e9tag\u00e8re.<\/li>\n<\/ul>\n<\/div><\/div>\n<\/div>\n\n\n\n<div class=\"wp-block-column is-layout-flow wp-block-column-is-layout-flow\">\n<div class=\"wp-block-group has-border-color\" style=\"border-color:#dedede;border-width:1px;border-radius:12px;padding-top:16px;padding-right:16px;padding-bottom:16px;padding-left:16px\"><div class=\"wp-block-group__inner-container is-layout-flow wp-block-group-is-layout-flow\">\n<h3 class=\"wp-block-heading\">Marge plus \u00e9lev\u00e9e<\/h3>\n\n\n\n<ul class=\"wp-block-list\">\n<li>Une meilleure rentabilit\u00e9 que de vendre les marques d\u2019autres personnes.<\/li>\n\n\n\n<li>Volumes et co\u00fbts flexibles.<\/li>\n<\/ul>\n<\/div><\/div>\n<\/div>\n\n\n\n<div class=\"wp-block-column is-layout-flow wp-block-column-is-layout-flow\">\n<div class=\"wp-block-group has-border-color\" style=\"border-color:#dedede;border-width:1px;border-radius:12px;padding-top:16px;padding-right:16px;padding-bottom:16px;padding-left:16px\"><div class=\"wp-block-group__inner-container is-layout-flow wp-block-group-is-layout-flow\">\n<h3 class=\"wp-block-heading\">Fid\u00e9lisation<\/h3>\n\n\n\n<ul class=\"wp-block-list\">\n<li>Marque priv\u00e9e forte = achats r\u00e9p\u00e9t\u00e9s.<\/li>\n\n\n\n<li>Une meilleure ma\u00eetrise de l\u2019exp\u00e9rience client.<\/li>\n<\/ul>\n<\/div><\/div>\n<\/div>\n\n\n\n<div class=\"wp-block-column is-layout-flow wp-block-column-is-layout-flow\">\n<div class=\"wp-block-group has-border-color\" style=\"border-color:#dedede;border-width:1px;border-radius:12px;padding-top:16px;padding-right:16px;padding-bottom:16px;padding-left:16px\"><div class=\"wp-block-group__inner-container is-layout-flow wp-block-group-is-layout-flow\">\n<h3 class=\"wp-block-heading\">Offre de contrepartie<\/h3>\n\n\n\n<ul class=\"wp-block-list\">\n<li>Un produit con\u00e7u pour les besoins de votre groupe cible.<\/li>\n\n\n\n<li>Recettes individuelles, formats et variantes.<\/li>\n<\/ul>\n<\/div><\/div>\n<\/div>\n<\/div>\n<\/div><\/div>\n<p><!-- PROJEKT I OPAKOWANIE --><\/p>\n\n<div class=\"wp-block-group\"><div class=\"wp-block-group__inner-container is-layout-constrained wp-container-core-group-is-layout-48c9aa2a wp-block-group-is-layout-constrained\">\n<h2 class=\"wp-block-heading\">Conception de l\u2019\u00e9tiquette et s\u00e9lection de l\u2019emballage<\/h2>\n\n\n\n<div class=\"wp-block-group has-border-color\" style=\"border-color:#dedede;border-width:1px;border-radius:12px;padding-top:16px;padding-right:16px;padding-bottom:16px;padding-left:16px\"><div class=\"wp-block-group__inner-container is-layout-flow wp-block-group-is-layout-flow\">\n<p>\u00c0 la demande du client, <strong>nous concevons les \u00e9tiquettes<\/strong>, <strong>s\u00e9lectionnons les emballages<\/strong> et pr\u00e9parons le mat\u00e9riel graphique complet. Nous r\u00e9pondons aux attentes en termes de propri\u00e9t\u00e9s du produit, de qualit\u00e9 et d\u2019esth\u00e9tique. Nous sommes <strong>flexibles et cr\u00e9atifs<\/strong> , du concept au produit fini.  <\/p>\n<\/div><\/div>\n<\/div><\/div>\n<p><!-- JAKO\u015a\u0106 \/ ISO --><\/p>\n\n<div class=\"wp-block-group\"><div class=\"wp-block-group__inner-container is-layout-constrained wp-container-core-group-is-layout-48c9aa2a wp-block-group-is-layout-constrained\">\n<h2 class=\"wp-block-heading\">Qualit\u00e9 certifi\u00e9e<\/h2>\n\n\n\n<div class=\"wp-block-columns is-layout-flex wp-container-core-columns-is-layout-27d3582e wp-block-columns-is-layout-flex\">\n<div class=\"wp-block-column has-background is-layout-flow wp-block-column-is-layout-flow\" style=\"background-color:#d13616;flex-basis:6px\"><\/div>\n\n\n\n<div class=\"wp-block-column is-layout-flow wp-block-column-is-layout-flow\">\n<div class=\"wp-block-group has-border-color\" style=\"border-color:#dedede;border-width:1px;border-radius:12px;padding-top:16px;padding-right:16px;padding-bottom:16px;padding-left:16px\"><div class=\"wp-block-group__inner-container is-layout-flow wp-block-group-is-layout-flow\">\n<p>\u00ab La cr\u00e9dibilit\u00e9 de nos efforts pour fournir des services de haute qualit\u00e9, r\u00e9pondant aux exigences sans cesse croissantes de nos clients, repose sur des syst\u00e8mes de gestion de la qualit\u00e9 \u00e9prouv\u00e9s conform\u00e9ment \u00e0 <strong>la norme ISO 9001:2015<\/strong>. \u00bb<\/p>\n\n\n\n<p style=\"font-style:normal;font-weight:700\">Zdzis\u0142aw Oracz<br\/><span class=\"has-contrast-2-color has-text-color\">Pr\u00e9sident du conseil d\u2019administration de Hipernet Sp. z o.o.<\/span><\/p>\n<\/div><\/div>\n<\/div>\n<\/div>\n<\/div><\/div>\n<p><!-- FAQ --><\/p>\n\n<div id=\"faq\" class=\"wp-block-group\"><div class=\"wp-block-group__inner-container is-layout-constrained wp-container-core-group-is-layout-48c9aa2a wp-block-group-is-layout-constrained\">\n<h2 class=\"wp-block-heading\">Comment \u00e7a marche \u2013 Foire aux questions<\/h2>\n\n\n\n<div class=\"wp-block-columns is-layout-flex wp-container-core-columns-is-layout-9d6595d7 wp-block-columns-is-layout-flex\">\n<div class=\"wp-block-column is-layout-flow wp-block-column-is-layout-flow\">\n<details class=\"wp-block-details is-layout-flow wp-block-details-is-layout-flow\"><summary>Combien de temps faut-il pour lancer la premi\u00e8re s\u00e9rie ?<\/summary>\n<p>G\u00e9n\u00e9ralement 4 \u00e0 8 semaines apr\u00e8s l\u2019acceptation de la sp\u00e9cification et de la conception de l\u2019\u00e9tiquette. Le calendrier d\u00e9pend de la disponibilit\u00e9 des mati\u00e8res premi\u00e8res et de l\u2019emballage. <\/p>\n<\/details>\n<\/div>\n\n\n\n<div class=\"wp-block-column is-layout-flow wp-block-column-is-layout-flow\">\n<details class=\"wp-block-details is-layout-flow wp-block-details-is-layout-flow\"><summary>Pouvez-vous concevoir une identit\u00e9 visuelle ?<\/summary>\n<p>Oui. Nous pr\u00e9parons des \u00e9tiquettes, des fiches produits et des supports marketing coh\u00e9rents avec votre marque. <\/p>\n<\/details>\n<\/div>\n\n\n\n<div class=\"wp-block-column is-layout-flow wp-block-column-is-layout-flow\">\n<details class=\"wp-block-details is-layout-flow wp-block-details-is-layout-flow\"><summary>Effectuez-vous des tests de s\u00e9ries \/ de march\u00e9 plus courts ?<\/summary>\n<p>Oui. Nous proposons des volumes flexibles, du pilote \u00e0 la production compl\u00e8te. <\/p>\n<\/details>\n<\/div>\n<\/div>\n<\/div><\/div>\n<p><!-- KONTAKT --><\/p>\n\n<div id=\"kontakt\" class=\"wp-block-group\"><div class=\"wp-block-group__inner-container is-layout-constrained wp-container-core-group-is-layout-48c9aa2a wp-block-group-is-layout-constrained\">\n<h2 class=\"wp-block-heading\">Parlons de votre marque<\/h2>\n\n\n\n<div class=\"wp-block-group has-border-color\" style=\"border-color:#dedede;border-width:1px;border-radius:12px;padding-top:16px;padding-right:16px;padding-bottom:16px;padding-left:16px\"><div class=\"wp-block-group__inner-container is-layout-flow wp-block-group-is-layout-flow\">\n<p>D\u00e9crivez le produit dont vous avez besoin (type, variantes, volume pr\u00e9vu). Nous reviendrons vers vous avec une proposition et un calendrier. <\/p>\n\n\n\n<div class=\"wp-block-buttons is-layout-flex wp-block-buttons-is-layout-flex\">\n<div class=\"wp-block-button\"><a class=\"wp-block-button__link has-vivid-red-background-color has-background wp-element-button\" href=\"mailto:biuro@hipernet.com.pl&amp;nbsp;?subject=Requ&#xEA;te&amp;nbsp;%20Priv&#xE9;&amp;nbsp;%20Label\" style=\"border-radius:8px;font-style:normal;font-weight:700\">\u00c9crivez-nous<\/a><\/div>\n\n\n\n<div class=\"wp-block-button is-style-outline is-style-outline--2\"><a class=\"wp-block-button__link has-border-color wp-element-button\" href=\"tel:+48226790145\" style=\"border-color:#1a1a1a;border-width:2px;border-radius:8px\">Appeler\u00a0: +48 22 679 01 45<\/a><\/div>\n<\/div>\n<\/div><\/div>\n<\/div><\/div>\n<p><!-- CTA STOPKA --><\/p>\n\n<div class=\"wp-block-group\" style=\"margin-top:24px\"><div class=\"wp-block-group__inner-container is-layout-constrained wp-container-core-group-is-layout-d47ae597 wp-block-group-is-layout-constrained\">\n<div class=\"wp-block-buttons is-content-justification-center is-layout-flex wp-container-core-buttons-is-layout-0e1542cd wp-block-buttons-is-layout-flex\">\n<div class=\"wp-block-button\"><a class=\"wp-block-button__link has-vivid-red-background-color has-background wp-element-button\" href=\"#kontakt\" style=\"border-radius:8px;font-style:normal;font-weight:700\">Faire une demande<\/a><\/div>\n\n\n\n<div class=\"wp-block-button is-style-outline is-style-outline--3\"><a class=\"wp-block-button__link has-border-color wp-element-button\" href=\"#korzysci\" style=\"border-color:#1a1a1a;border-width:2px;border-radius:8px\">Voir les avantages<\/a><\/div>\n<\/div>\n<\/div><\/div>\n\n<p><\/p>\n","protected":false},"excerpt":{"rendered":"<p>Nous fabriquerons des produits sous votre \u00e9tiquette Un service complet de fabrication de marques de distributeur : du d\u00e9veloppement du produit, en passant par la conception de l\u2019\u00e9tiquette et la s\u00e9lection de l\u2019emballage, jusqu\u2019au contr\u00f4le qualit\u00e9 certifi\u00e9 ISO 9001:2015. 1:1 Collaboration de projet ISO 9001:2015 100% Marque du client De la conception au produit fini, &#8230; <\/p>\n<p class=\"read-more-container\"><a title=\"Marques de distributeur\" class=\"read-more button\" href=\"https:\/\/hipernet.com.pl\/fr\/marques-de-distributeur\/#more-1171394547\" aria-label=\"En savoir plus sur Marques de distributeur\">Lire plus<\/a><\/p>\n","protected":false},"author":1,"featured_media":0,"parent":0,"menu_order":0,"comment_status":"closed","ping_status":"closed","template":"","meta":{"footnotes":""},"class_list":["post-1171394547","page","type-page","status-publish"],"_links":{"self":[{"href":"https:\/\/hipernet.com.pl\/fr\/wp-json\/wp\/v2\/pages\/1171394547","targetHints":{"allow":["GET"]}}],"collection":[{"href":"https:\/\/hipernet.com.pl\/fr\/wp-json\/wp\/v2\/pages"}],"about":[{"href":"https:\/\/hipernet.com.pl\/fr\/wp-json\/wp\/v2\/types\/page"}],"author":[{"embeddable":true,"href":"https:\/\/hipernet.com.pl\/fr\/wp-json\/wp\/v2\/users\/1"}],"replies":[{"embeddable":true,"href":"https:\/\/hipernet.com.pl\/fr\/wp-json\/wp\/v2\/comments?post=1171394547"}],"version-history":[{"count":6,"href":"https:\/\/hipernet.com.pl\/fr\/wp-json\/wp\/v2\/pages\/1171394547\/revisions"}],"predecessor-version":[{"id":1171394940,"href":"https:\/\/hipernet.com.pl\/fr\/wp-json\/wp\/v2\/pages\/1171394547\/revisions\/1171394940"}],"wp:attachment":[{"href":"https:\/\/hipernet.com.pl\/fr\/wp-json\/wp\/v2\/media?parent=1171394547"}],"curies":[{"name":"wp","href":"https:\/\/api.w.org\/{rel}","templated":true}]}}