{"id":1171394596,"date":"2024-04-13T21:23:54","date_gmt":"2024-04-13T21:23:54","guid":{"rendered":"https:\/\/hipernet.com.pl\/politique-de-qualite\/"},"modified":"2025-11-07T12:19:52","modified_gmt":"2025-11-07T12:19:52","slug":"politique-de-qualite","status":"publish","type":"page","link":"https:\/\/hipernet.com.pl\/fr\/politique-de-qualite\/","title":{"rendered":"Politique de qualit\u00e9"},"content":{"rendered":"<style>\/*! elementor - v3.21.0 - 26-05-2024 *\/<br \/>\n.elementor-heading-title{padding:0;margin:0;line-height:1}.elementor-widget-heading .elementor-heading-title[class*=elementor-size-]>a{color:inherit;font-size:inherit;line-height:inherit}.elementor-widget-heading .elementor-heading-title.elementor-size-small{font-size:15px}.elementor-widget-heading .elementor-heading-title.elementor-size-medium{font-size:19px}.elementor-widget-heading .elementor-heading-title.elementor-size-large{font-size:29px}.elementor-widget-heading .elementor-heading-title.elementor-size-xl{font-size:39px}.elementor-widget-heading .elementor-heading-title.elementor-size-xxl{font-size:59px}<\/style>\n<h2 data-start=\"237\" data-end=\"277\"><strong data-start=\"240\" data-end=\"277\">Notre engagement envers nos clients<\/strong><\/h2>\n<p data-start=\"278\" data-end=\"584\">Chez <strong data-start=\"287\" data-end=\"317\">Hipernet Sp. z o.o. Sp. K.<\/strong> , nous pensons qu\u2019une qualit\u00e9 \u00e9lev\u00e9e est la cl\u00e9 de la confiance et d\u2019une coop\u00e9ration \u00e0 long terme. Notre objectif principal est <strong data-start=\"422\" data-end=\"460\">d\u2019augmenter continuellement la satisfaction de nos clients<\/strong> en fournissant des produits qui r\u00e9pondent aux normes les plus \u00e9lev\u00e9es d\u2019efficacit\u00e9, de s\u00e9curit\u00e9 et de fiabilit\u00e9. <\/p>\n<h2 data-start=\"586\" data-end=\"626\"><strong data-start=\"589\" data-end=\"626\">Objectifs et hypoth\u00e8ses de la politique de qualit\u00e9<\/strong><\/h2>\n<p data-start=\"627\" data-end=\"801\">Dans le cadre de la politique de qualit\u00e9 adopt\u00e9e, nous nous effor\u00e7ons d\u2019am\u00e9liorer continuellement tous les processus de production, d\u2019organisation et de gestion. Les principales hypoth\u00e8ses de notre politique sont les suivantes : <\/p>\n<ul data-start=\"803\" data-end=\"1516\">\n<li data-start=\"803\" data-end=\"957\">\n<p data-start=\"805\" data-end=\"957\"><strong data-start=\"805\" data-end=\"860\">Identification correcte des besoins et des attentes des clients<\/strong> \u2013 nous analysons activement le march\u00e9 et adaptons l\u2019offre aux exigences changeantes des utilisateurs.<\/p>\n<\/li>\n<li data-start=\"958\" data-end=\"1114\">\n<p data-start=\"960\" data-end=\"1114\"><strong data-start=\"960\" data-end=\"1029\">En fournissant des produits qui satisfont pleinement nos clients<\/strong> \u2013 nous garantissons une qualit\u00e9 reproductible et le respect des normes ISO 9001:2015 applicables.<\/p>\n<\/li>\n<li data-start=\"1115\" data-end=\"1268\">\n<p data-start=\"1117\" data-end=\"1268\"><strong data-start=\"1117\" data-end=\"1185\">\u00c9quilibre optimal entre la qualit\u00e9, les d\u00e9lais et les co\u00fbts<\/strong> &#8211; nous veillons \u00e0 l\u2019efficacit\u00e9 des processus pour offrir des produits comp\u00e9titifs et fiables.<\/p>\n<\/li>\n<li data-start=\"1269\" data-end=\"1407\">\n<p data-start=\"1271\" data-end=\"1407\"><strong data-start=\"1271\" data-end=\"1329\">Am\u00e9lioration syst\u00e9matique de la qualit\u00e9 des produits et des processus<\/strong> \u2013 nous introduisons des innovations technologiques et contr\u00f4lons chaque \u00e9tape de la production.<\/p>\n<\/li>\n<li data-start=\"1408\" data-end=\"1516\">\n<p data-start=\"1410\" data-end=\"1516\"><strong data-start=\"1410\" data-end=\"1444\">Prendre soin de l\u2019environnement naturel<\/strong> \u2013 nous minimisons les pertes et les d\u00e9chets en mettant en \u0153uvre des solutions pro-\u00e9cologiques.<\/p>\n<\/li>\n<\/ul>\n<h2 data-start=\"1518\" data-end=\"1545\"><strong data-start=\"1521\" data-end=\"1545\">Obligations du conseil d\u2019administration<\/strong><\/h2>\n<p data-start=\"1546\" data-end=\"1636\">Afin de mettre en \u0153uvre efficacement les objectifs de la politique de qualit\u00e9, le conseil d\u2019administration d\u2019Hipernet s\u2019engage \u00e0 :<\/p>\n<ul data-start=\"1638\" data-end=\"1994\">\n<li data-start=\"1638\" data-end=\"1715\">\n<p data-start=\"1640\" data-end=\"1715\">reconna\u00eetre les principes de la politique qualit\u00e9 comme <strong data-start=\"1674\" data-end=\"1712\">un \u00e9l\u00e9ment fondamental de la strat\u00e9gie de l\u2019entreprise<\/strong>,<\/p>\n<\/li>\n<li data-start=\"1716\" data-end=\"1828\">\n<p data-start=\"1718\" data-end=\"1828\"><strong data-start=\"1718\" data-end=\"1757\">l\u2019obtention de ressources et de moyens techniques ad\u00e9quats<\/strong> pour atteindre les objectifs de qualit\u00e9,<\/p>\n<\/li>\n<li data-start=\"1829\" data-end=\"1913\">\n<p data-start=\"1831\" data-end=\"1913\"><strong data-start=\"1831\" data-end=\"1871\">motiver et accompagner les collaborateurs<\/strong> dans le domaine de la responsabilit\u00e9 qualit\u00e9,<\/p>\n<\/li>\n<li data-start=\"1914\" data-end=\"1994\">\n<p data-start=\"1916\" data-end=\"1994\">Suivi continu de l\u2019efficacit\u00e9 des processus mis en \u0153uvre et de leur am\u00e9lioration.<\/p>\n<\/li>\n<\/ul>\n<h2 data-start=\"1996\" data-end=\"2022\"><strong data-start=\"1999\" data-end=\"2022\">Notre mission de qualit\u00e9<\/strong><\/h2>\n<p data-start=\"2023\" data-end=\"2335\">L\u2019objectif de l\u2019activit\u00e9 d\u2019Hipernet est <strong data-start=\"2062\" data-end=\"2151\">de maintenir et de d\u00e9velopper la position d\u2019un fabricant fiable de produits chimiques techniques et automobiles<\/strong>, en fournissant \u00e0 ses clients des produits \u00e0 la plus haute valeur d\u2019utilit\u00e9.<br data-start=\"2219\" data-end=\"2222\">Nous nous effor\u00e7ons de faire en sorte que <strong data-start=\"2241\" data-end=\"2278\">la qualit\u00e9, la s\u00e9curit\u00e9 et la confiance<\/strong> soient \u00e0 la base de toute relation avec nos clients.<\/p>\n","protected":false},"excerpt":{"rendered":"<p>Notre engagement envers nos clients Chez Hipernet Sp. z o.o. Sp. K. , nous pensons qu\u2019une qualit\u00e9 \u00e9lev\u00e9e est la cl\u00e9 de la confiance et d\u2019une coop\u00e9ration \u00e0 long terme. Notre objectif principal est d\u2019augmenter continuellement la satisfaction de nos clients en fournissant des produits qui r\u00e9pondent aux normes les plus \u00e9lev\u00e9es d\u2019efficacit\u00e9, de s\u00e9curit\u00e9 &#8230; <\/p>\n<p class=\"read-more-container\"><a title=\"Politique de qualit\u00e9\" class=\"read-more button\" href=\"https:\/\/hipernet.com.pl\/fr\/politique-de-qualite\/#more-1171394596\" aria-label=\"En savoir plus sur Politique de qualit\u00e9\">Lire plus<\/a><\/p>\n","protected":false},"author":1,"featured_media":0,"parent":0,"menu_order":0,"comment_status":"closed","ping_status":"closed","template":"","meta":{"footnotes":""},"class_list":["post-1171394596","page","type-page","status-publish"],"_links":{"self":[{"href":"https:\/\/hipernet.com.pl\/fr\/wp-json\/wp\/v2\/pages\/1171394596","targetHints":{"allow":["GET"]}}],"collection":[{"href":"https:\/\/hipernet.com.pl\/fr\/wp-json\/wp\/v2\/pages"}],"about":[{"href":"https:\/\/hipernet.com.pl\/fr\/wp-json\/wp\/v2\/types\/page"}],"author":[{"embeddable":true,"href":"https:\/\/hipernet.com.pl\/fr\/wp-json\/wp\/v2\/users\/1"}],"replies":[{"embeddable":true,"href":"https:\/\/hipernet.com.pl\/fr\/wp-json\/wp\/v2\/comments?post=1171394596"}],"version-history":[{"count":1,"href":"https:\/\/hipernet.com.pl\/fr\/wp-json\/wp\/v2\/pages\/1171394596\/revisions"}],"predecessor-version":[{"id":1171394603,"href":"https:\/\/hipernet.com.pl\/fr\/wp-json\/wp\/v2\/pages\/1171394596\/revisions\/1171394603"}],"wp:attachment":[{"href":"https:\/\/hipernet.com.pl\/fr\/wp-json\/wp\/v2\/media?parent=1171394596"}],"curies":[{"name":"wp","href":"https:\/\/api.w.org\/{rel}","templated":true}]}}