{"id":1171394631,"date":"2025-11-06T13:31:48","date_gmt":"2025-11-06T13:31:48","guid":{"rendered":"https:\/\/hipernet.com.pl\/qui-sommes-nous\/"},"modified":"2025-11-07T16:22:35","modified_gmt":"2025-11-07T16:22:35","slug":"qui-sommes-nous","status":"publish","type":"page","link":"https:\/\/hipernet.com.pl\/fr\/qui-sommes-nous\/","title":{"rendered":"Qui sommes-nous"},"content":{"rendered":"\n<p>Une entreprise polonaise avec de la tradition et des principes<\/p>\n\n<p>Hipernet est <strong>une soci\u00e9t\u00e9 polonaise bas\u00e9e \u00e0 Varsovie<\/strong>, en activit\u00e9 depuis 2001. D\u00e8s le d\u00e9but, nous avons mis l\u2019accent sur <g id=\"gid_1\">la fiabilit\u00e9, la qualit\u00e9 et les partenariats<\/g>. Nous ne courons pas apr\u00e8s la mode, nous faisons ce que nous faisons le mieux : <strong>nous produisons et distribuons des produits chimiques techniques, des produits chimiques automobiles, des accessoires automobiles et des produits pour barbecue<\/strong>.<br\/>Nous sommes <strong>un partenaire B2B \u00e9prouv\u00e9<\/strong>, au service des cha\u00eenes de vente au d\u00e9tail, des grossistes et des entreprises de l\u2019industrie automobile et de la consommation g\u00e9n\u00e9rale dans toute la Pologne.  <\/p>\n\n<hr class=\"wp-block-separator has-alpha-channel-opacity\"\/>\n\n<p>Ce que nous faisons<\/p>\n\n<p>Depuis des ann\u00e9es, nous d\u00e9veloppons notre gamme de produits techniques, automobiles et saisonniers, en veillant \u00e0 ce que chaque lot r\u00e9ponde aux normes de qualit\u00e9 les plus \u00e9lev\u00e9es.<br\/>Notre offre comprend, entre autres :<\/p>\n\n<ul class=\"wp-block-list\">\n<li><strong>produits chimiques pour l\u2019automobile<\/strong> \u2013 liquides, cires, agents de nettoyage, cosm\u00e9tiques automobiles,<\/li>\n\n\n\n<li><strong>produits chimiques techniques<\/strong> \u2013 lubrifiants, silicones, huiles, conservateurs,<\/li>\n\n\n\n<li><strong>accessoires de voiture<\/strong> \u2013 \u00e9ponges, brosses, parfums, chiffons et mat\u00e9riel d\u2019atelier,<\/li>\n\n\n\n<li><strong>Produits pour barbecue<\/strong> \u2013 briquettes, briquets, liquides et cubes d\u2019allumage, accessoires de gril, grilles et plateaux en aluminium.<\/li>\n<\/ul>\n\n<p>Nous fournissons des produits sous notre propre <strong>marque Hipernet<\/strong> et cr\u00e9ons des gammes de produits pour les clients et les distributeurs de r\u00e9seaux.<\/p>\n\n<hr class=\"wp-block-separator has-alpha-channel-opacity\"\/>\n\n<p>Un partenaire sur lequel vous pouvez compter<\/p>\n\n<p>Nous ne sommes pas une entreprise sans \u00e2me. Nous op\u00e9rons en polonais \u2013 <g id=\"gid_0\">dans le respect du travail et de notre partenaire<\/g>. Nos relations avec nos clients sont bas\u00e9es sur la confiance, la rapidit\u00e9 et la transparence des politiques.<br\/>Nous connaissons les r\u00e9alit\u00e9s du march\u00e9, c\u2019est pourquoi nous adaptons notre offre aux besoins des grossistes, des d\u00e9taillants et des cha\u00eenes de magasins.<br\/>Si vous \u00eates \u00e0 la recherche <strong>d\u2019un fournisseur fiable de produits chimiques automobiles, d\u2019accessoires automobiles ou de produits de barbecue<\/strong> qui comprend votre entreprise, vous \u00eates au bon endroit.  <\/p>\n\n<hr class=\"wp-block-separator has-alpha-channel-opacity\"\/>\n\n<p>Nos avantages<\/p>\n\n<p><strong>Une entreprise polonaise avec de l\u2019exp\u00e9rience<\/strong> \u2013 nous op\u00e9rons sans interruption depuis 2001.<br\/><strong>Production et distribution B2B<\/strong> \u2013 nous desservons des cha\u00eenes de vente au d\u00e9tail, des magasins et des grossistes dans tout le pays.<br\/><strong>Haute qualit\u00e9 et s\u00e9curit\u00e9 des produits<\/strong> &#8211; chaque lot a \u00e9t\u00e9 test\u00e9 avant d\u2019\u00eatre mis sur le march\u00e9.<br\/><strong>Flexibilit\u00e9<\/strong> \u2013 nous ex\u00e9cutons \u00e9galement les commandes sous la marque du client (marque de distributeur).<br\/><strong>Confiance et honn\u00eatet\u00e9<\/strong> \u2013 nous agissons \u00e0 l\u2019ancienne : de mani\u00e8re fiable, \u00e0 temps et avec honneur.<\/p>\n\n<hr class=\"wp-block-separator has-alpha-channel-opacity\"\/>\n\n<p>Hypernet \u2013 tradition, qualit\u00e9, confiance<\/p>\n\n<p>Depuis plus de deux d\u00e9cennies, nous construisons constamment une marque \u00e0 laquelle on peut faire confiance.<br\/><strong>Hipernet n\u2019est pas seulement un fabricant et distributeur de produits chimiques techniques ou d\u2019accessoires automobiles, c\u2019est aussi un fournisseur de produits de barbecue de haute qualit\u00e9, qui se concentre sur un travail fiable et des normes polonaises.<\/strong><\/p>\n","protected":false},"excerpt":{"rendered":"<p>Une entreprise polonaise avec de la tradition et des principes Hipernet est une soci\u00e9t\u00e9 polonaise bas\u00e9e \u00e0 Varsovie, en activit\u00e9 depuis 2001. D\u00e8s le d\u00e9but, nous avons mis l\u2019accent sur la fiabilit\u00e9, la qualit\u00e9 et les partenariats. Nous ne courons pas apr\u00e8s la mode, nous faisons ce que nous faisons le mieux : nous produisons &#8230; <\/p>\n<p class=\"read-more-container\"><a title=\"Qui sommes-nous\" class=\"read-more button\" href=\"https:\/\/hipernet.com.pl\/fr\/qui-sommes-nous\/#more-1171394631\" aria-label=\"En savoir plus sur Qui sommes-nous\">Lire plus<\/a><\/p>\n","protected":false},"author":1,"featured_media":0,"parent":0,"menu_order":0,"comment_status":"closed","ping_status":"closed","template":"","meta":{"footnotes":""},"class_list":["post-1171394631","page","type-page","status-publish"],"_links":{"self":[{"href":"https:\/\/hipernet.com.pl\/fr\/wp-json\/wp\/v2\/pages\/1171394631","targetHints":{"allow":["GET"]}}],"collection":[{"href":"https:\/\/hipernet.com.pl\/fr\/wp-json\/wp\/v2\/pages"}],"about":[{"href":"https:\/\/hipernet.com.pl\/fr\/wp-json\/wp\/v2\/types\/page"}],"author":[{"embeddable":true,"href":"https:\/\/hipernet.com.pl\/fr\/wp-json\/wp\/v2\/users\/1"}],"replies":[{"embeddable":true,"href":"https:\/\/hipernet.com.pl\/fr\/wp-json\/wp\/v2\/comments?post=1171394631"}],"version-history":[{"count":1,"href":"https:\/\/hipernet.com.pl\/fr\/wp-json\/wp\/v2\/pages\/1171394631\/revisions"}],"predecessor-version":[{"id":1171394635,"href":"https:\/\/hipernet.com.pl\/fr\/wp-json\/wp\/v2\/pages\/1171394631\/revisions\/1171394635"}],"wp:attachment":[{"href":"https:\/\/hipernet.com.pl\/fr\/wp-json\/wp\/v2\/media?parent=1171394631"}],"curies":[{"name":"wp","href":"https:\/\/api.w.org\/{rel}","templated":true}]}}