{"id":1171394714,"date":"2025-10-27T07:49:11","date_gmt":"2025-10-27T07:49:11","guid":{"rendered":"https:\/\/hipernet.com.pl\/contact\/"},"modified":"2025-11-07T17:51:16","modified_gmt":"2025-11-07T17:51:16","slug":"contact","status":"publish","type":"page","link":"https:\/\/hipernet.com.pl\/fr\/contact\/","title":{"rendered":"Contact"},"content":{"rendered":"\n<div><\/div>\n\n<p class=\"gb-text\"><strong>Hipernet Soci\u00e9t\u00e9 \u00e0 responsabilit\u00e9 limit\u00e9e Soci\u00e9t\u00e9 en commandite<br><\/strong><br>03-329 Varsovie<br>Balkonowa 5 lok.u3 <br>Courriel : biuro@hipernet.com.pl<br>T\u00e9l. : + (48) 22 679 01 45<br>Lundi-Vendredi&nbsp;:<br> 9:00 \u2013 16:00 <\/p>\n\n<p class=\"gb-text\"><strong>Hipernet Soci\u00e9t\u00e9 \u00e0 responsabilit\u00e9 limit\u00e9e Soci\u00e9t\u00e9 en commandite<br><\/strong>Entrep\u00f4t \/ Production <br>26-411 Rusin\u00f3w<br>Przysuska 7<br>Courriel : biuro@hipernet.com.pl<br>T\u00e9l. : + (48) 486727187<br>Lundi-Vendredi : <br>&nbsp;8:30 \u2013 16:00<\/p>\n","protected":false},"excerpt":{"rendered":"<p>Hipernet Soci\u00e9t\u00e9 \u00e0 responsabilit\u00e9 limit\u00e9e Soci\u00e9t\u00e9 en commandite03-329 VarsovieBalkonowa 5 lok.u3 Courriel : biuro@hipernet.com.plT\u00e9l. : + (48) 22 679 01 45Lundi-Vendredi&nbsp;: 9:00 \u2013 16:00 Hipernet Soci\u00e9t\u00e9 \u00e0 responsabilit\u00e9 limit\u00e9e Soci\u00e9t\u00e9 en commanditeEntrep\u00f4t \/ Production 26-411 Rusin\u00f3wPrzysuska 7Courriel : biuro@hipernet.com.plT\u00e9l. : + (48) 486727187Lundi-Vendredi : &nbsp;8:30 \u2013 16:00<\/p>\n","protected":false},"author":1,"featured_media":0,"parent":0,"menu_order":0,"comment_status":"closed","ping_status":"closed","template":"","meta":{"footnotes":""},"class_list":["post-1171394714","page","type-page","status-publish"],"_links":{"self":[{"href":"https:\/\/hipernet.com.pl\/fr\/wp-json\/wp\/v2\/pages\/1171394714","targetHints":{"allow":["GET"]}}],"collection":[{"href":"https:\/\/hipernet.com.pl\/fr\/wp-json\/wp\/v2\/pages"}],"about":[{"href":"https:\/\/hipernet.com.pl\/fr\/wp-json\/wp\/v2\/types\/page"}],"author":[{"embeddable":true,"href":"https:\/\/hipernet.com.pl\/fr\/wp-json\/wp\/v2\/users\/1"}],"replies":[{"embeddable":true,"href":"https:\/\/hipernet.com.pl\/fr\/wp-json\/wp\/v2\/comments?post=1171394714"}],"version-history":[{"count":4,"href":"https:\/\/hipernet.com.pl\/fr\/wp-json\/wp\/v2\/pages\/1171394714\/revisions"}],"predecessor-version":[{"id":1171394743,"href":"https:\/\/hipernet.com.pl\/fr\/wp-json\/wp\/v2\/pages\/1171394714\/revisions\/1171394743"}],"wp:attachment":[{"href":"https:\/\/hipernet.com.pl\/fr\/wp-json\/wp\/v2\/media?parent=1171394714"}],"curies":[{"name":"wp","href":"https:\/\/api.w.org\/{rel}","templated":true}]}}