{"id":1171394769,"date":"2024-04-14T00:02:58","date_gmt":"2024-04-14T00:02:58","guid":{"rendered":"https:\/\/hipernet.com.pl\/histoire-de-la-marque-motorynka\/"},"modified":"2025-11-07T22:30:14","modified_gmt":"2025-11-07T22:30:14","slug":"histoire-de-la-marque-motorynka","status":"publish","type":"page","link":"https:\/\/hipernet.com.pl\/fr\/histoire-de-la-marque-motorynka\/","title":{"rendered":"Histoire de la marque Motorynka"},"content":{"rendered":"<p>Nous sommes en 2001. <strong>Le groupe des fabricants et distributeurs polonais \u00ab&nbsp;Op\u00e9rateur&nbsp;\u00bb<\/strong> lors d\u2019une r\u00e9union \u00e0 Ku\u017ania Ko\u0142\u0142\u0105tajowska pr\u00e8s de B\u0142onie cr\u00e9e la marque nationale de cosm\u00e9tiques et de produits chimiques automobiles Motorynka. \u00c0 l\u2019aube du concept d\u2019une nouvelle marque polonaise, il y a eu l\u2019id\u00e9e d\u2019unir autour du produit des distributeurs et des fabricants ind\u00e9pendants polonais de haute qualit\u00e9. Le produit devait \u00e9galement trouver sa place dans les cha\u00eenes de distribution situ\u00e9es dans le pays. Pendant la p\u00e9riode d\u2019activit\u00e9 du groupe Motorynka, il a trouv\u00e9 sa place sur les \u00e9tag\u00e8res de, entre autres. stations-service : BP, Jet, Raffinerie de Gda\u0144sk ; enseignes grand format et discount : Tesco, Hypernowa, Albert, Plus Discount, Leclerc, Carrefour, Selgros, Obi, Bricomarche. Au fil du temps, Hipernet \u2013 membre du groupe op\u00e9rant sur le march\u00e9 de la cha\u00eene de distribution \u2013 a repris la marque nationale sur la base des transformations du march\u00e9, poursuivant le projet de son propre chef. Hipernet a recrut\u00e9 d\u2019excellents sp\u00e9cialistes de l\u2019industrie pour coop\u00e9rer avec elle, donnant au projet une nouvelle direction moderne.     <\/p>\n<p>Aujourd\u2019hui, <strong>Motorynka ne se limite pas aux cosm\u00e9tiques et aux produits chimiques automobiles<\/strong>, mais aussi aux accessoires et accessoires automobiles &#8211; Motorynka est un ensemble complet de produits n\u00e9cessaires pour un conducteur moderne.<\/p>\n<p>En achetant des produits de haute qualit\u00e9 de la marque nationale Motorynka, vous soutenez les emplois polonais. Vous obtenez un produit de la plus haute qualit\u00e9. <\/p>\n<p>Motorynka est une opportunit\u00e9 pour les produits polonais de la plus haute qualit\u00e9 dans la lutte pour une place sur le march\u00e9 polonais. C\u2019est aussi l\u2019occasion d\u2019exporter des produits vers les march\u00e9s voisins. <\/p>\n<style>\/*! elementor - v3.21.0 - 26-05-2024 *\/\n.elementor-widget-image{text-align:center}.elementor-widget-image a{display:inline-block}.elementor-widget-image a img[src$=\".svg\"]{width:48px}.elementor-widget-image img{vertical-align:middle;display:inline-block}<\/style>\n<p>\t\t\t\t\t\t\t\t\t\t<img loading=\"lazy\" decoding=\"async\" width=\"300\" height=\"54\" src=\"https:\/\/hipernet.com.pl\/wp-content\/uploads\/2024\/04\/Motorynka-1.jpg\" alt=\"\" srcset=\"https:\/\/hipernet.com.pl\/wp-content\/uploads\/2024\/04\/Motorynka-1.jpg 300w, https:\/\/hipernet.com.pl\/wp-content\/uploads\/2024\/04\/Motorynka-1-150x27.jpg 150w\" sizes=\"auto, (max-width: 300px) 100vw, 300px\">\t\t\t\t\t\t\t\t\t\t\t\t\t<\/p>\n<p>Motorynka est un produit qui respecte les limites des zones de vente o\u00f9 vous travaillez. Motorynka est un partenaire commercial fid\u00e8le. <\/p>\n","protected":false},"excerpt":{"rendered":"<p>Nous sommes en 2001. Le groupe des fabricants et distributeurs polonais \u00ab&nbsp;Op\u00e9rateur&nbsp;\u00bb lors d\u2019une r\u00e9union \u00e0 Ku\u017ania Ko\u0142\u0142\u0105tajowska pr\u00e8s de B\u0142onie cr\u00e9e la marque nationale de cosm\u00e9tiques et de produits chimiques automobiles Motorynka. \u00c0 l\u2019aube du concept d\u2019une nouvelle marque polonaise, il y a eu l\u2019id\u00e9e d\u2019unir autour du produit des distributeurs et des fabricants &#8230; <\/p>\n<p class=\"read-more-container\"><a title=\"Histoire de la marque Motorynka\" class=\"read-more button\" href=\"https:\/\/hipernet.com.pl\/fr\/histoire-de-la-marque-motorynka\/#more-1171394769\" aria-label=\"En savoir plus sur Histoire de la marque Motorynka\">Lire plus<\/a><\/p>\n","protected":false},"author":1,"featured_media":0,"parent":0,"menu_order":0,"comment_status":"closed","ping_status":"closed","template":"","meta":{"footnotes":""},"class_list":["post-1171394769","page","type-page","status-publish"],"_links":{"self":[{"href":"https:\/\/hipernet.com.pl\/fr\/wp-json\/wp\/v2\/pages\/1171394769","targetHints":{"allow":["GET"]}}],"collection":[{"href":"https:\/\/hipernet.com.pl\/fr\/wp-json\/wp\/v2\/pages"}],"about":[{"href":"https:\/\/hipernet.com.pl\/fr\/wp-json\/wp\/v2\/types\/page"}],"author":[{"embeddable":true,"href":"https:\/\/hipernet.com.pl\/fr\/wp-json\/wp\/v2\/users\/1"}],"replies":[{"embeddable":true,"href":"https:\/\/hipernet.com.pl\/fr\/wp-json\/wp\/v2\/comments?post=1171394769"}],"version-history":[{"count":1,"href":"https:\/\/hipernet.com.pl\/fr\/wp-json\/wp\/v2\/pages\/1171394769\/revisions"}],"predecessor-version":[{"id":1171394771,"href":"https:\/\/hipernet.com.pl\/fr\/wp-json\/wp\/v2\/pages\/1171394769\/revisions\/1171394771"}],"wp:attachment":[{"href":"https:\/\/hipernet.com.pl\/fr\/wp-json\/wp\/v2\/media?parent=1171394769"}],"curies":[{"name":"wp","href":"https:\/\/api.w.org\/{rel}","templated":true}]}}