{"id":1171394872,"date":"2025-10-27T07:49:11","date_gmt":"2025-10-27T07:49:11","guid":{"rendered":"https:\/\/hipernet.com.pl\/faq\/"},"modified":"2025-11-08T09:37:42","modified_gmt":"2025-11-08T09:37:42","slug":"faq","status":"publish","type":"page","link":"https:\/\/hipernet.com.pl\/fr\/faq\/","title":{"rendered":"FAQ"},"content":{"rendered":"<div class=\"container\">\n<section class=\"section\" aria-labelledby=\"faq-tytul\">\n<div class=\"card\">\n<div class=\"kicker\">Foire aux questions<\/div>\n<h2 id=\"faq-tytul\">FAQ<\/h2>\n<details>\n<summary>Vos produits r\u00e9pondent-ils aux normes de s\u00e9curit\u00e9 ?<\/summary>\n<p>Oui. Nos produits sont de haute qualit\u00e9 et r\u00e9pondent aux normes de s\u00e9curit\u00e9 en vigueur, ce qui se traduit par leur efficacit\u00e9. <\/p>\n<\/details>\n<details>\n<summary>Quel est le temps de production ?<\/summary>\n<p>Selon le type de commande \u2013 jusqu\u2019\u00e0 <strong>10 jours ouvrables<\/strong> en standard.<\/p>\n<\/details>\n<details>\n<summary>Assurez-vous le service apr\u00e8s-vente ?<\/summary>\n<p>Oui, chaque client a acc\u00e8s \u00e0 une assistance technique et mat\u00e9rielle apr\u00e8s l\u2019achat.<\/p>\n<\/details>\n<details>\n<summary>Envoyez-vous des \u00e9chantillons ?<\/summary>\n<p>Oui, nous envoyons des \u00e9chantillons pour \u00e9valuation de la qualit\u00e9 sur demande.<\/p>\n<\/details>\n<details>\n<summary>Quels modes de paiement acceptez-vous ?<\/summary>\n<p>Diff\u00e9rentes formes de paiement \u2013 nous adaptons les conditions aux besoins du client B2B.<\/p>\n<\/details>\n<\/div>\n<\/section>\n<\/div>\n","protected":false},"excerpt":{"rendered":"<p>Foire aux questions FAQ Vos produits r\u00e9pondent-ils aux normes de s\u00e9curit\u00e9 ? Oui. Nos produits sont de haute qualit\u00e9 et r\u00e9pondent aux normes de s\u00e9curit\u00e9 en vigueur, ce qui se traduit par leur efficacit\u00e9. Quel est le temps de production ? Selon le type de commande \u2013 jusqu\u2019\u00e0 10 jours ouvrables en standard. Assurez-vous le &#8230; <\/p>\n<p class=\"read-more-container\"><a title=\"FAQ\" class=\"read-more button\" href=\"https:\/\/hipernet.com.pl\/fr\/faq\/#more-1171394872\" aria-label=\"En savoir plus sur FAQ\">Lire plus<\/a><\/p>\n","protected":false},"author":1,"featured_media":0,"parent":0,"menu_order":0,"comment_status":"closed","ping_status":"closed","template":"","meta":{"footnotes":""},"class_list":["post-1171394872","page","type-page","status-publish"],"_links":{"self":[{"href":"https:\/\/hipernet.com.pl\/fr\/wp-json\/wp\/v2\/pages\/1171394872","targetHints":{"allow":["GET"]}}],"collection":[{"href":"https:\/\/hipernet.com.pl\/fr\/wp-json\/wp\/v2\/pages"}],"about":[{"href":"https:\/\/hipernet.com.pl\/fr\/wp-json\/wp\/v2\/types\/page"}],"author":[{"embeddable":true,"href":"https:\/\/hipernet.com.pl\/fr\/wp-json\/wp\/v2\/users\/1"}],"replies":[{"embeddable":true,"href":"https:\/\/hipernet.com.pl\/fr\/wp-json\/wp\/v2\/comments?post=1171394872"}],"version-history":[{"count":1,"href":"https:\/\/hipernet.com.pl\/fr\/wp-json\/wp\/v2\/pages\/1171394872\/revisions"}],"predecessor-version":[{"id":1171394876,"href":"https:\/\/hipernet.com.pl\/fr\/wp-json\/wp\/v2\/pages\/1171394872\/revisions\/1171394876"}],"wp:attachment":[{"href":"https:\/\/hipernet.com.pl\/fr\/wp-json\/wp\/v2\/media?parent=1171394872"}],"curies":[{"name":"wp","href":"https:\/\/api.w.org\/{rel}","templated":true}]}}