{"id":1171394585,"date":"2024-04-14T01:23:06","date_gmt":"2024-04-14T01:23:06","guid":{"rendered":"https:\/\/hipernet.com.pl\/sajat-markak\/"},"modified":"2025-11-15T04:21:19","modified_gmt":"2025-11-15T04:21:19","slug":"sajat-markak","status":"publish","type":"page","link":"https:\/\/hipernet.com.pl\/hu\/sajat-markak\/","title":{"rendered":"Saj\u00e1t m\u00e1rk\u00e1k"},"content":{"rendered":"<p><!-- ===== HIPERNET: PRIVATE LABEL \u2013 GUTENBERG (PL) ===== --><\/p>\n<p><!-- HERO --><\/p>\n\n<div class=\"wp-block-group alignfull has-background\" style=\"background-color:#f1f1f1;padding-top:40px;padding-bottom:40px\"><div class=\"wp-block-group__inner-container is-layout-constrained wp-block-group-is-layout-constrained\">\n<div class=\"wp-block-group\"><div class=\"wp-block-group__inner-container is-layout-constrained wp-container-core-group-is-layout-48c9aa2a wp-block-group-is-layout-constrained\">\n<div class=\"wp-block-columns are-vertically-aligned-center is-layout-flex wp-container-core-columns-is-layout-00a7dfc8 wp-block-columns-is-layout-flex\">\n<div class=\"wp-block-column is-vertically-aligned-center is-layout-flow wp-block-column-is-layout-flow\">\n<p class=\"has-black-color has-text-color has-background\" style=\"background-color:#e6e6e6;padding-top:6px;padding-right:12px;padding-bottom:6px;padding-left:12px;font-size:12px;font-style:normal;font-weight:700;letter-spacing:.2px\"><\/p>\n\n\n\n<h1 class=\"wp-block-heading has-black-color has-text-color\" style=\"margin-top:8px;margin-bottom:8px;font-size:48px;font-style:normal;font-weight:800;line-height:1.15\">Az <em>\u00d6n<\/em> c\u00edmk\u00e9je alatt k\u00e9sz\u00edt\u00fcnk term\u00e9keket<\/h1>\n\n\n\n<p style=\"font-size:18px;line-height:1.6\">\u00c1tfog\u00f3 saj\u00e1t m\u00e1rk\u00e1s gy\u00e1rt\u00e1si szolg\u00e1ltat\u00e1s: a term\u00e9kfejleszt\u00e9st\u0151l a c\u00edmketervez\u00e9sen \u00e9s a csomagol\u00e1s kiv\u00e1laszt\u00e1s\u00e1n \u00e1t az <strong>ISO 9001:2015<\/strong> tan\u00fas\u00edtv\u00e1nnyal rendelkez\u0151 min\u0151s\u00e9gellen\u0151rz\u00e9sig.<\/p>\n\n\n\n<div class=\"wp-block-buttons is-layout-flex wp-block-buttons-is-layout-flex\">\n<div class=\"wp-block-button is-style-fill\"><a class=\"wp-block-button__link has-vivid-red-background-color has-background wp-element-button\" href=\"#kapcsolat\" style=\"border-radius:8px;font-style:normal;font-weight:700\">\u00c1raj\u00e1nlatot k\u00e9r<\/a><\/div>\n\n\n\n<div class=\"wp-block-button is-style-outline is-style-outline--1\"><a class=\"wp-block-button__link has-border-color wp-element-button\" href=\"#faq\" style=\"border-color:#1a1a1a;border-width:2px;border-radius:8px\">Hogyan m\u0171k\u00f6dik?<\/a><\/div>\n<\/div>\n\n\n\n<div class=\"wp-block-group has-border-color\" style=\"border-color:#dcdcdc;border-width:1px;border-radius:12px;padding-top:18px;padding-right:20px;padding-bottom:18px;padding-left:20px\"><div class=\"wp-block-group__inner-container is-layout-flow wp-block-group-is-layout-flow\">\n<div class=\"wp-block-columns is-layout-flex wp-container-core-columns-is-layout-f0ef66cd wp-block-columns-is-layout-flex\">\n<div class=\"wp-block-column is-layout-flow wp-block-column-is-layout-flow\">\n<h3 class=\"wp-block-heading has-vivid-red-color has-text-color\" style=\"font-size:28px;font-weight:800\">1:1<\/h3>\n\n\n\n<p style=\"font-size:14px;line-height:1.4\">Projekt egy\u00fcttm\u0171k\u00f6d\u00e9s<\/p>\n<\/div>\n\n\n\n<div class=\"wp-block-column is-layout-flow wp-block-column-is-layout-flow\">\n<h3 class=\"wp-block-heading has-vivid-red-color has-text-color\" style=\"font-size:28px;font-weight:800\">ISO<\/h3>\n\n\n\n<p style=\"font-size:14px;line-height:1.4\">9001:2015<\/p>\n<\/div>\n\n\n\n<div class=\"wp-block-column is-layout-flow wp-block-column-is-layout-flow\">\n<h3 class=\"wp-block-heading has-vivid-red-color has-text-color\" style=\"font-size:28px;font-weight:800\">100%<\/h3>\n\n\n\n<p style=\"font-size:14px;line-height:1.4\">V\u00e1s\u00e1rl\u00f3i m\u00e1rka<\/p>\n<\/div>\n<\/div>\n\n\n\n<p style=\"margin-top:12px;font-size:14px\">A koncepci\u00f3t\u00f3l a k\u00e9sz term\u00e9kig \u2013 a m\u00e1rka\u00e9p\u00edt\u00e9s teljes ellen\u0151rz\u00e9s\u00e9vel.<\/p>\n<\/div><\/div>\n<\/div>\n<\/div>\n<\/div><\/div>\n<\/div><\/div>\n<p><!-- KORZY\u015aCI --><\/p>\n\n<div id=\"korzysci\" class=\"wp-block-group\"><div class=\"wp-block-group__inner-container is-layout-constrained wp-container-core-group-is-layout-48c9aa2a wp-block-group-is-layout-constrained\">\n<h2 class=\"wp-block-heading\">Mi\u00e9rt \u00e9rdemes fogadni a Private Label with Hipernet-re?<\/h2>\n\n\n\n<div class=\"wp-block-columns is-layout-flex wp-container-core-columns-is-layout-3200dbe6 wp-block-columns-is-layout-flex\">\n<div class=\"wp-block-column is-layout-flow wp-block-column-is-layout-flow\">\n<div class=\"wp-block-group has-border-color\" style=\"border-color:#dedede;border-width:1px;border-radius:12px;padding-top:16px;padding-right:16px;padding-bottom:16px;padding-left:16px\"><div class=\"wp-block-group__inner-container is-layout-flow wp-block-group-is-layout-flow\">\n<h3 class=\"wp-block-heading\">M\u00e1rka ellen\u0151rz\u00e9se<\/h3>\n\n\n\n<ul class=\"wp-block-list is-style-default\">\n<li>Elismer\u00e9st \u00e9p\u00edtesz, \u00e9s minden r\u00e9szletr\u0151l d\u00f6ntesz.<\/li>\n\n\n\n<li>K\u00f6vetkezetes elhelyez\u00e9s \u00e9s k\u00e9p a polcon.<\/li>\n<\/ul>\n<\/div><\/div>\n<\/div>\n\n\n\n<div class=\"wp-block-column is-layout-flow wp-block-column-is-layout-flow\">\n<div class=\"wp-block-group has-border-color\" style=\"border-color:#dedede;border-width:1px;border-radius:12px;padding-top:16px;padding-right:16px;padding-bottom:16px;padding-left:16px\"><div class=\"wp-block-group__inner-container is-layout-flow wp-block-group-is-layout-flow\">\n<h3 class=\"wp-block-heading\">Magasabb \u00e1rr\u00e9s<\/h3>\n\n\n\n<ul class=\"wp-block-list\">\n<li>Jobb j\u00f6vedelmez\u0151s\u00e9g, mint m\u00e1sok m\u00e1rk\u00e1inak elad\u00e1sa.<\/li>\n\n\n\n<li>Rugalmas mennyis\u00e9gek \u00e9s k\u00f6lts\u00e9gek.<\/li>\n<\/ul>\n<\/div><\/div>\n<\/div>\n\n\n\n<div class=\"wp-block-column is-layout-flow wp-block-column-is-layout-flow\">\n<div class=\"wp-block-group has-border-color\" style=\"border-color:#dedede;border-width:1px;border-radius:12px;padding-top:16px;padding-right:16px;padding-bottom:16px;padding-left:16px\"><div class=\"wp-block-group__inner-container is-layout-flow wp-block-group-is-layout-flow\">\n<h3 class=\"wp-block-heading\">V\u00e1s\u00e1rl\u00f3i h\u0171s\u00e9g<\/h3>\n\n\n\n<ul class=\"wp-block-list\">\n<li>Er\u0151s saj\u00e1t m\u00e1rka = ism\u00e9telt v\u00e1s\u00e1rl\u00e1sok.<\/li>\n\n\n\n<li>Az \u00fcgyf\u00e9l\u00e9lm\u00e9ny jobb ellen\u0151rz\u00e9se.<\/li>\n<\/ul>\n<\/div><\/div>\n<\/div>\n\n\n\n<div class=\"wp-block-column is-layout-flow wp-block-column-is-layout-flow\">\n<div class=\"wp-block-group has-border-color\" style=\"border-color:#dedede;border-width:1px;border-radius:12px;padding-top:16px;padding-right:16px;padding-bottom:16px;padding-left:16px\"><div class=\"wp-block-group__inner-container is-layout-flow wp-block-group-is-layout-flow\">\n<h3 class=\"wp-block-heading\">Aj\u00e1nlat egyeztet\u00e9se<\/h3>\n\n\n\n<ul class=\"wp-block-list\">\n<li>A c\u00e9lcsoport ig\u00e9nyeihez tervezett term\u00e9k.<\/li>\n\n\n\n<li>Egyedi receptek, form\u00e1tumok \u00e9s v\u00e1ltozatok.<\/li>\n<\/ul>\n<\/div><\/div>\n<\/div>\n<\/div>\n<\/div><\/div>\n<p><!-- PROJEKT I OPAKOWANIE --><\/p>\n\n<div class=\"wp-block-group\"><div class=\"wp-block-group__inner-container is-layout-constrained wp-container-core-group-is-layout-48c9aa2a wp-block-group-is-layout-constrained\">\n<h2 class=\"wp-block-heading\">C\u00edmketervez\u00e9s \u00e9s csomagol\u00e1s kiv\u00e1laszt\u00e1sa<\/h2>\n\n\n\n<div class=\"wp-block-group has-border-color\" style=\"border-color:#dedede;border-width:1px;border-radius:12px;padding-top:16px;padding-right:16px;padding-bottom:16px;padding-left:16px\"><div class=\"wp-block-group__inner-container is-layout-flow wp-block-group-is-layout-flow\">\n<p>A megrendel\u0151 k\u00e9r\u00e9s\u00e9re <strong>c\u00edmk\u00e9ket tervez\u00fcnk<\/strong>, <strong>csomagol\u00e1st v\u00e1lasztunk<\/strong> \u00e9s komplett grafikai anyagokat k\u00e9sz\u00edt\u00fcnk. Megfelel\u00fcnk az elv\u00e1r\u00e1soknak a term\u00e9k tulajdons\u00e1gai, min\u0151s\u00e9ge \u00e9s eszt\u00e9tik\u00e1ja tekintet\u00e9ben. <strong>Rugalmasak \u00e9s kreat\u00edvak<\/strong> vagyunk \u2013 a koncepci\u00f3t\u00f3l a k\u00e9sz term\u00e9kig.  <\/p>\n<\/div><\/div>\n<\/div><\/div>\n<p><!-- JAKO\u015a\u0106 \/ ISO --><\/p>\n\n<div class=\"wp-block-group\"><div class=\"wp-block-group__inner-container is-layout-constrained wp-container-core-group-is-layout-48c9aa2a wp-block-group-is-layout-constrained\">\n<h2 class=\"wp-block-heading\">Tan\u00fas\u00edtott min\u0151s\u00e9g<\/h2>\n\n\n\n<div class=\"wp-block-columns is-layout-flex wp-container-core-columns-is-layout-27d3582e wp-block-columns-is-layout-flex\">\n<div class=\"wp-block-column has-background is-layout-flow wp-block-column-is-layout-flow\" style=\"background-color:#d13616;flex-basis:6px\"><\/div>\n\n\n\n<div class=\"wp-block-column is-layout-flow wp-block-column-is-layout-flow\">\n<div class=\"wp-block-group has-border-color\" style=\"border-color:#dedede;border-width:1px;border-radius:12px;padding-top:16px;padding-right:16px;padding-bottom:16px;padding-left:16px\"><div class=\"wp-block-group__inner-container is-layout-flow wp-block-group-is-layout-flow\">\n<p>&#8222;\u00dcgyfeleink folyamatosan n\u00f6vekv\u0151 ig\u00e9nyeinek megfelel\u0151, magas sz\u00ednvonal\u00fa szolg\u00e1ltat\u00e1sok ny\u00fajt\u00e1s\u00e1ra ir\u00e1nyul\u00f3 er\u0151fesz\u00edt\u00e9seink hiteless\u00e9ge az <strong>ISO 9001:2015<\/strong> szabv\u00e1nynak megfelel\u0151, bev\u00e1lt min\u0151s\u00e9gir\u00e1ny\u00edt\u00e1si rendszereken alapul.&#8221;<\/p>\n\n\n\n<p style=\"font-style:normal;font-weight:700\">Zdzis\u0142aw Oracz<br\/><span class=\"has-contrast-2-color has-text-color\">A Hipernet Sp. z o.o. igazgat\u00f3tan\u00e1cs\u00e1nak eln\u00f6ke<\/span><\/p>\n<\/div><\/div>\n<\/div>\n<\/div>\n<\/div><\/div>\n<p><!-- FAQ --><\/p>\n\n<div id=\"faq\" class=\"wp-block-group\"><div class=\"wp-block-group__inner-container is-layout-constrained wp-container-core-group-is-layout-48c9aa2a wp-block-group-is-layout-constrained\">\n<h2 class=\"wp-block-heading\">Hogyan m\u0171k\u00f6dik \u2013 gyakran ism\u00e9telt k\u00e9rd\u00e9sek<\/h2>\n\n\n\n<div class=\"wp-block-columns is-layout-flex wp-container-core-columns-is-layout-9d6595d7 wp-block-columns-is-layout-flex\">\n<div class=\"wp-block-column is-layout-flow wp-block-column-is-layout-flow\">\n<details class=\"wp-block-details is-layout-flow wp-block-details-is-layout-flow\"><summary>Mennyi ideig tart az els\u0151 sorozat elind\u00edt\u00e1sa?<\/summary>\n<p>\u00c1ltal\u00e1ban 4-8 h\u00e9ttel a specifik\u00e1ci\u00f3 \u00e9s a c\u00edmke kialak\u00edt\u00e1sa ut\u00e1n elfogadj\u00e1k. Az id\u0151z\u00edt\u00e9s a nyersanyagok \u00e9s a csomagol\u00e1s rendelkez\u00e9sre \u00e1ll\u00e1s\u00e1t\u00f3l f\u00fcgg. <\/p>\n<\/details>\n<\/div>\n\n\n\n<div class=\"wp-block-column is-layout-flow wp-block-column-is-layout-flow\">\n<details class=\"wp-block-details is-layout-flow wp-block-details-is-layout-flow\"><summary>Tudsz vizu\u00e1lis identit\u00e1st tervezni?<\/summary>\n<p>Igen. M\u00e1rk\u00e1j\u00e1nak megfelel\u0151 c\u00edmk\u00e9ket, term\u00e9kk\u00e1rty\u00e1kat \u00e9s marketinganyagokat k\u00e9sz\u00edt\u00fcnk. <\/p>\n<\/details>\n<\/div>\n\n\n\n<div class=\"wp-block-column is-layout-flow wp-block-column-is-layout-flow\">\n<details class=\"wp-block-details is-layout-flow wp-block-details-is-layout-flow\"><summary>R\u00f6videbb sorozatokat\/piaci teszteket v\u00e9geznek?<\/summary>\n<p>Igen. Rugalmas mennyis\u00e9geket k\u00edn\u00e1lunk \u2013 a k\u00eds\u00e9rlett\u0151l a teljes gy\u00e1rt\u00e1sig. <\/p>\n<\/details>\n<\/div>\n<\/div>\n<\/div><\/div>\n<p><!-- KONTAKT --><\/p>\n\n<div id=\"kontakt\" class=\"wp-block-group\"><div class=\"wp-block-group__inner-container is-layout-constrained wp-container-core-group-is-layout-48c9aa2a wp-block-group-is-layout-constrained\">\n<h2 class=\"wp-block-heading\">Besz\u00e9lj\u00fcnk a m\u00e1rk\u00e1dr\u00f3l<\/h2>\n\n\n\n<div class=\"wp-block-group has-border-color\" style=\"border-color:#dedede;border-width:1px;border-radius:12px;padding-top:16px;padding-right:16px;padding-bottom:16px;padding-left:16px\"><div class=\"wp-block-group__inner-container is-layout-flow wp-block-group-is-layout-flow\">\n<p>\u00cdrja le a sz\u00fcks\u00e9ges term\u00e9ket (t\u00edpus, v\u00e1ltozatok, tervezett mennyis\u00e9g). Javaslattal \u00e9s \u00fctemtervvel felvessz\u00fck \u00d6nnel a kapcsolatot. <\/p>\n\n\n\n<div class=\"wp-block-buttons is-layout-flex wp-block-buttons-is-layout-flex\">\n<div class=\"wp-block-button\"><a class=\"wp-block-button__link has-vivid-red-background-color has-background wp-element-button\" href=\"mailto:biuro@hipernet.com.pl?subject=Lek&#xE9;rdez&#xE9;s%20Priv&#xE1;%20C&#xED;mke\" style=\"border-radius:8px;font-style:normal;font-weight:700\">\u00cdrjon nek\u00fcnk<\/a><\/div>\n\n\n\n<div class=\"wp-block-button is-style-outline is-style-outline--2\"><a class=\"wp-block-button__link has-border-color wp-element-button\" href=\"tel:+48226790145\" style=\"border-color:#1a1a1a;border-width:2px;border-radius:8px\">H\u00edvja: +48 22 679 01 45<\/a><\/div>\n<\/div>\n<\/div><\/div>\n<\/div><\/div>\n<p><!-- CTA STOPKA --><\/p>\n\n<div class=\"wp-block-group\" style=\"margin-top:24px\"><div class=\"wp-block-group__inner-container is-layout-constrained wp-container-core-group-is-layout-d47ae597 wp-block-group-is-layout-constrained\">\n<div class=\"wp-block-buttons is-content-justification-center is-layout-flex wp-container-core-buttons-is-layout-0e1542cd wp-block-buttons-is-layout-flex\">\n<div class=\"wp-block-button\"><a class=\"wp-block-button__link has-vivid-red-background-color has-background wp-element-button\" href=\"#kapcsolat\" style=\"border-radius:8px;font-style:normal;font-weight:700\">\u00c9rdekl\u0151dj\u00f6n<\/a><\/div>\n\n\n\n<div class=\"wp-block-button is-style-outline is-style-outline--3\"><a class=\"wp-block-button__link has-border-color wp-element-button\" href=\"#el&#x151;ny&#xF6;k\" style=\"border-color:#1a1a1a;border-width:2px;border-radius:8px\">Tekintse meg az el\u0151ny\u00f6ket<\/a><\/div>\n<\/div>\n<\/div><\/div>\n\n<p><\/p>\n","protected":false},"excerpt":{"rendered":"<p>Az \u00d6n c\u00edmk\u00e9je alatt k\u00e9sz\u00edt\u00fcnk term\u00e9keket \u00c1tfog\u00f3 saj\u00e1t m\u00e1rk\u00e1s gy\u00e1rt\u00e1si szolg\u00e1ltat\u00e1s: a term\u00e9kfejleszt\u00e9st\u0151l a c\u00edmketervez\u00e9sen \u00e9s a csomagol\u00e1s kiv\u00e1laszt\u00e1s\u00e1n \u00e1t az ISO 9001:2015 tan\u00fas\u00edtv\u00e1nnyal rendelkez\u0151 min\u0151s\u00e9gellen\u0151rz\u00e9sig. 1:1 Projekt egy\u00fcttm\u0171k\u00f6d\u00e9s ISO 9001:2015 100% V\u00e1s\u00e1rl\u00f3i m\u00e1rka A koncepci\u00f3t\u00f3l a k\u00e9sz term\u00e9kig \u2013 a m\u00e1rka\u00e9p\u00edt\u00e9s teljes ellen\u0151rz\u00e9s\u00e9vel. Mi\u00e9rt \u00e9rdemes fogadni a Private Label with Hipernet-re? M\u00e1rka ellen\u0151rz\u00e9se Magasabb &#8230; <\/p>\n<p class=\"read-more-container\"><a title=\"Saj\u00e1t m\u00e1rk\u00e1k\" class=\"read-more button\" href=\"https:\/\/hipernet.com.pl\/hu\/sajat-markak\/#more-1171394585\" aria-label=\"Read more about Saj\u00e1t m\u00e1rk\u00e1k\">Olvass tov\u00e1bb<\/a><\/p>\n","protected":false},"author":1,"featured_media":0,"parent":0,"menu_order":0,"comment_status":"closed","ping_status":"closed","template":"","meta":{"footnotes":""},"class_list":["post-1171394585","page","type-page","status-publish"],"_links":{"self":[{"href":"https:\/\/hipernet.com.pl\/hu\/wp-json\/wp\/v2\/pages\/1171394585","targetHints":{"allow":["GET"]}}],"collection":[{"href":"https:\/\/hipernet.com.pl\/hu\/wp-json\/wp\/v2\/pages"}],"about":[{"href":"https:\/\/hipernet.com.pl\/hu\/wp-json\/wp\/v2\/types\/page"}],"author":[{"embeddable":true,"href":"https:\/\/hipernet.com.pl\/hu\/wp-json\/wp\/v2\/users\/1"}],"replies":[{"embeddable":true,"href":"https:\/\/hipernet.com.pl\/hu\/wp-json\/wp\/v2\/comments?post=1171394585"}],"version-history":[{"count":3,"href":"https:\/\/hipernet.com.pl\/hu\/wp-json\/wp\/v2\/pages\/1171394585\/revisions"}],"predecessor-version":[{"id":1171394946,"href":"https:\/\/hipernet.com.pl\/hu\/wp-json\/wp\/v2\/pages\/1171394585\/revisions\/1171394946"}],"wp:attachment":[{"href":"https:\/\/hipernet.com.pl\/hu\/wp-json\/wp\/v2\/media?parent=1171394585"}],"curies":[{"name":"wp","href":"https:\/\/api.w.org\/{rel}","templated":true}]}}