{"id":1171394614,"date":"2024-04-13T21:23:54","date_gmt":"2024-04-13T21:23:54","guid":{"rendered":"https:\/\/hipernet.com.pl\/minosegpolitika\/"},"modified":"2025-11-07T12:20:00","modified_gmt":"2025-11-07T12:20:00","slug":"minosegpolitika","status":"publish","type":"page","link":"https:\/\/hipernet.com.pl\/hu\/minosegpolitika\/","title":{"rendered":"Min\u0151s\u00e9gpolitika"},"content":{"rendered":"<style>\/*! elementor - v3.21.0 - 26-05-2024 *\/<br \/>\n.elementor-heading-title{padding:0;margin:0;line-height:1}.elementor-widget-heading .elementor-heading-title[class*=elementor-size-]>a{color:inherit;font-size:inherit;line-height:inherit}.elementor-widget-heading .elementor-heading-title.elementor-size-small{font-size:15px}.elementor-widget-heading .elementor-heading-title.elementor-size-medium{font-size:19px}.elementor-widget-heading .elementor-heading-title.elementor-size-large{font-size:29px}.elementor-widget-heading .elementor-heading-title.elementor-size-xl{font-size:39px}.elementor-widget-heading .elementor-heading-title.elementor-size-xxl{font-size:59px}<\/style>\n<h2 data-start=\"237\" data-end=\"277\"><strong data-start=\"240\" data-end=\"277\">Elk\u00f6telezetts\u00e9g\u00fcnk \u00fcgyfeleink ir\u00e1nt<\/strong><\/h2>\n<p data-start=\"278\" data-end=\"584\">A <strong data-start=\"287\" data-end=\"317\">Hipernet Sp. z o.o. Sp. K.-n\u00e1l<\/strong> hisz\u00fcnk abban, hogy a magas min\u0151s\u00e9g a bizalom \u00e9s a hossz\u00fa t\u00e1v\u00fa egy\u00fcttm\u0171k\u00f6d\u00e9s kulcsa. Els\u0151dleges c\u00e9lunk, <strong data-start=\"422\" data-end=\"460\">hogy folyamatosan n\u00f6velj\u00fck az \u00fcgyfelek el\u00e9gedetts\u00e9g\u00e9t<\/strong> olyan term\u00e9kek biztos\u00edt\u00e1s\u00e1val, amelyek megfelelnek a legmagasabb hat\u00e9konys\u00e1gi, biztons\u00e1gi \u00e9s megb\u00edzhat\u00f3s\u00e1gi k\u00f6vetelm\u00e9nyeknek. <\/p>\n<h2 data-start=\"586\" data-end=\"626\"><strong data-start=\"589\" data-end=\"626\">A min\u0151s\u00e9gpolitika c\u00e9lkit\u0171z\u00e9sei \u00e9s felt\u00e9telez\u00e9sei<\/strong><\/h2>\n<p data-start=\"627\" data-end=\"801\">Az elfogadott min\u0151s\u00e9gpolitika r\u00e9szek\u00e9nt t\u00f6reksz\u00fcnk az \u00f6sszes termel\u00e9si, szervez\u00e9si \u00e9s ir\u00e1ny\u00edt\u00e1si folyamat folyamatos fejleszt\u00e9s\u00e9re. Politik\u00e1nk f\u0151 felt\u00e9telez\u00e9sei a k\u00f6vetkez\u0151k: <\/p>\n<ul data-start=\"803\" data-end=\"1516\">\n<li data-start=\"803\" data-end=\"957\">\n<p data-start=\"805\" data-end=\"957\"><strong data-start=\"805\" data-end=\"860\">Az \u00fcgyfelek ig\u00e9nyeinek \u00e9s elv\u00e1r\u00e1sainak megfelel\u0151 azonos\u00edt\u00e1sa<\/strong> \u2013 akt\u00edvan elemezz\u00fck a piacot, \u00e9s az aj\u00e1nlatot a felhaszn\u00e1l\u00f3k v\u00e1ltoz\u00f3 ig\u00e9nyeihez igaz\u00edtjuk.<\/p>\n<\/li>\n<li data-start=\"958\" data-end=\"1114\">\n<p data-start=\"960\" data-end=\"1114\"><strong data-start=\"960\" data-end=\"1029\">Olyan term\u00e9keket sz\u00e1ll\u00edtunk, amelyek teljes m\u00e9rt\u00e9kben kiel\u00e9g\u00edtik \u00fcgyfeleinket<\/strong> \u2013 biztos\u00edtjuk a megism\u00e9telhet\u0151 min\u0151s\u00e9get \u00e9s a vonatkoz\u00f3 ISO 9001:2015 szabv\u00e1nyoknak val\u00f3 megfelel\u00e9st.<\/p>\n<\/li>\n<li data-start=\"1115\" data-end=\"1268\">\n<p data-start=\"1117\" data-end=\"1268\"><strong data-start=\"1117\" data-end=\"1185\">Optim\u00e1lis egyens\u00faly a min\u0151s\u00e9g, az \u00e1tfut\u00e1si id\u0151 \u00e9s a k\u00f6lts\u00e9gek k\u00f6z\u00f6tt<\/strong> \u2013 gondoskodunk a folyamatok hat\u00e9konys\u00e1g\u00e1r\u00f3l, hogy versenyk\u00e9pes \u00e9s megb\u00edzhat\u00f3 term\u00e9keket k\u00edn\u00e1ljunk.<\/p>\n<\/li>\n<li data-start=\"1269\" data-end=\"1407\">\n<p data-start=\"1271\" data-end=\"1407\"><strong data-start=\"1271\" data-end=\"1329\">A term\u00e9kek \u00e9s folyamatok min\u0151s\u00e9g\u00e9nek szisztematikus jav\u00edt\u00e1sa<\/strong> \u2013 technol\u00f3giai \u00faj\u00edt\u00e1sokat vezet\u00fcnk be \u00e9s a gy\u00e1rt\u00e1s minden szakasz\u00e1t ellen\u0151rizz\u00fck.<\/p>\n<\/li>\n<li data-start=\"1408\" data-end=\"1516\">\n<p data-start=\"1410\" data-end=\"1516\"><strong data-start=\"1410\" data-end=\"1444\">A term\u00e9szeti k\u00f6rnyezet gondoz\u00e1sa<\/strong> \u2013 k\u00f6rnyezetbar\u00e1t megold\u00e1sok bevezet\u00e9s\u00e9vel minimaliz\u00e1ljuk a vesztes\u00e9geket \u00e9s a hullad\u00e9kot.<\/p>\n<\/li>\n<\/ul>\n<h2 data-start=\"1518\" data-end=\"1545\"><strong data-start=\"1521\" data-end=\"1545\">Az igazgat\u00f3tan\u00e1cs k\u00f6telezetts\u00e9gei<\/strong><\/h2>\n<p data-start=\"1546\" data-end=\"1636\">A min\u0151s\u00e9gpolitika c\u00e9lkit\u0171z\u00e9seinek hat\u00e9kony megval\u00f3s\u00edt\u00e1sa \u00e9rdek\u00e9ben a Hipernet igazgat\u00f3tan\u00e1csa v\u00e1llalja, hogy:<\/p>\n<ul data-start=\"1638\" data-end=\"1994\">\n<li data-start=\"1638\" data-end=\"1715\">\n<p data-start=\"1640\" data-end=\"1715\">a min\u0151s\u00e9gpolitika alapelveinek a <strong data-start=\"1674\" data-end=\"1712\">v\u00e1llalat strat\u00e9gi\u00e1j\u00e1nak alapvet\u0151 elemek\u00e9nt<\/strong> val\u00f3 elismer\u00e9se,<\/p>\n<\/li>\n<li data-start=\"1716\" data-end=\"1828\">\n<p data-start=\"1718\" data-end=\"1828\">a min\u0151s\u00e9gi c\u00e9lok el\u00e9r\u00e9s\u00e9hez sz\u00fcks\u00e9ges megfelel\u0151 er\u0151forr\u00e1sok \u00e9s technikai eszk\u00f6z\u00f6k <strong data-start=\"1718\" data-end=\"1757\">biztos\u00edt\u00e1sa<\/strong>,<\/p>\n<\/li>\n<li data-start=\"1829\" data-end=\"1913\">\n<p data-start=\"1831\" data-end=\"1913\"><strong data-start=\"1831\" data-end=\"1871\">a munkav\u00e1llal\u00f3k motiv\u00e1l\u00e1sa \u00e9s t\u00e1mogat\u00e1sa<\/strong> a min\u0151s\u00e9gfelel\u0151ss\u00e9g ter\u00fclet\u00e9n,<\/p>\n<\/li>\n<li data-start=\"1914\" data-end=\"1994\">\n<p data-start=\"1916\" data-end=\"1994\">a bevezetett folyamatok hat\u00e9konys\u00e1g\u00e1nak \u00e9s jav\u00edt\u00e1s\u00e1nak folyamatos nyomon k\u00f6vet\u00e9se.<\/p>\n<\/li>\n<\/ul>\n<h2 data-start=\"1996\" data-end=\"2022\"><strong data-start=\"1999\" data-end=\"2022\">Min\u0151s\u00e9gi k\u00fcldet\u00e9s\u00fcnk<\/strong><\/h2>\n<p data-start=\"2023\" data-end=\"2335\">A Hipernet tev\u00e9kenys\u00e9g\u00e9nek c\u00e9lja, <strong data-start=\"2062\" data-end=\"2151\">hogy meg\u0151rizze \u00e9s fejlessze a m\u0171szaki \u00e9s aut\u00f3ipari vegyszerek megb\u00edzhat\u00f3 gy\u00e1rt\u00f3j\u00e1nak poz\u00edci\u00f3j\u00e1t, biztos\u00edtva \u00fcgyfeleinek<\/strong> a legmagasabb haszn\u00e1lati \u00e9rt\u00e9k\u0171 term\u00e9keket.<br data-start=\"2219\" data-end=\"2222\">Arra t\u00f6reksz\u00fcnk, hogy a <strong data-start=\"2241\" data-end=\"2278\">min\u0151s\u00e9g, a biztons\u00e1g \u00e9s a bizalom<\/strong> az \u00fcgyfeleinkkel val\u00f3 minden kapcsolat alapja legyen.<\/p>\n","protected":false},"excerpt":{"rendered":"<p>Elk\u00f6telezetts\u00e9g\u00fcnk \u00fcgyfeleink ir\u00e1nt A Hipernet Sp. z o.o. Sp. K.-n\u00e1l hisz\u00fcnk abban, hogy a magas min\u0151s\u00e9g a bizalom \u00e9s a hossz\u00fa t\u00e1v\u00fa egy\u00fcttm\u0171k\u00f6d\u00e9s kulcsa. Els\u0151dleges c\u00e9lunk, hogy folyamatosan n\u00f6velj\u00fck az \u00fcgyfelek el\u00e9gedetts\u00e9g\u00e9t olyan term\u00e9kek biztos\u00edt\u00e1s\u00e1val, amelyek megfelelnek a legmagasabb hat\u00e9konys\u00e1gi, biztons\u00e1gi \u00e9s megb\u00edzhat\u00f3s\u00e1gi k\u00f6vetelm\u00e9nyeknek. A min\u0151s\u00e9gpolitika c\u00e9lkit\u0171z\u00e9sei \u00e9s felt\u00e9telez\u00e9sei Az elfogadott min\u0151s\u00e9gpolitika r\u00e9szek\u00e9nt t\u00f6reksz\u00fcnk az &#8230; <\/p>\n<p class=\"read-more-container\"><a title=\"Min\u0151s\u00e9gpolitika\" class=\"read-more button\" href=\"https:\/\/hipernet.com.pl\/hu\/minosegpolitika\/#more-1171394614\" aria-label=\"Read more about Min\u0151s\u00e9gpolitika\">Olvass tov\u00e1bb<\/a><\/p>\n","protected":false},"author":1,"featured_media":0,"parent":0,"menu_order":0,"comment_status":"closed","ping_status":"closed","template":"","meta":{"footnotes":""},"class_list":["post-1171394614","page","type-page","status-publish"],"_links":{"self":[{"href":"https:\/\/hipernet.com.pl\/hu\/wp-json\/wp\/v2\/pages\/1171394614","targetHints":{"allow":["GET"]}}],"collection":[{"href":"https:\/\/hipernet.com.pl\/hu\/wp-json\/wp\/v2\/pages"}],"about":[{"href":"https:\/\/hipernet.com.pl\/hu\/wp-json\/wp\/v2\/types\/page"}],"author":[{"embeddable":true,"href":"https:\/\/hipernet.com.pl\/hu\/wp-json\/wp\/v2\/users\/1"}],"replies":[{"embeddable":true,"href":"https:\/\/hipernet.com.pl\/hu\/wp-json\/wp\/v2\/comments?post=1171394614"}],"version-history":[{"count":1,"href":"https:\/\/hipernet.com.pl\/hu\/wp-json\/wp\/v2\/pages\/1171394614\/revisions"}],"predecessor-version":[{"id":1171394616,"href":"https:\/\/hipernet.com.pl\/hu\/wp-json\/wp\/v2\/pages\/1171394614\/revisions\/1171394616"}],"wp:attachment":[{"href":"https:\/\/hipernet.com.pl\/hu\/wp-json\/wp\/v2\/media?parent=1171394614"}],"curies":[{"name":"wp","href":"https:\/\/api.w.org\/{rel}","templated":true}]}}