{"id":1171394649,"date":"2025-11-06T13:31:48","date_gmt":"2025-11-06T13:31:48","guid":{"rendered":"https:\/\/hipernet.com.pl\/rolunk\/"},"modified":"2025-11-07T16:22:36","modified_gmt":"2025-11-07T16:22:36","slug":"rolunk","status":"publish","type":"page","link":"https:\/\/hipernet.com.pl\/hu\/rolunk\/","title":{"rendered":"R\u00f3lunk"},"content":{"rendered":"\n<p>Lengyel c\u00e9g hagyom\u00e1nyokkal \u00e9s elvekkel<\/p>\n\n<p>A Hipernet <strong>egy vars\u00f3i sz\u00e9khely\u0171 lengyel v\u00e1llalat<\/strong>, amely 2001 \u00f3ta m\u0171k\u00f6dik. A kezdetekt\u0151l fogva a <g id=\"gid_1\">megb\u00edzhat\u00f3s\u00e1gra, a min\u0151s\u00e9gre \u00e9s a partners\u00e9gre<\/g> \u00f6sszpontos\u00edtottunk. Nem hajszoljuk a divatot \u2013 azt tessz\u00fck, amihez a legjobban \u00e9rt\u00fcnk: <strong>m\u0171szaki vegyszereket, aut\u00f3s vegyszereket, aut\u00f3kieg\u00e9sz\u00edt\u0151ket \u00e9s grillterm\u00e9keket gy\u00e1rtunk \u00e9s forgalmazunk<\/strong>.<br\/><strong>Bev\u00e1lt B2B partner<\/strong> vagyunk, amely kiskereskedelmi l\u00e1ncokat, nagykeresked\u0151ket \u00e9s v\u00e1llalatokat szolg\u00e1l ki az aut\u00f3iparban \u00e9s az \u00e1ltal\u00e1nos fogyaszt\u00f3i iparban Lengyelorsz\u00e1gban.  <\/p>\n\n<hr class=\"wp-block-separator has-alpha-channel-opacity\"\/>\n\n<p>Amit csin\u00e1lunk<\/p>\n\n<p>\u00c9vek \u00f3ta fejlesztj\u00fck m\u0171szaki, aut\u00f3ipari \u00e9s szezon\u00e1lis term\u00e9keink v\u00e1laszt\u00e9k\u00e1t, \u00fcgyelve arra, hogy minden t\u00e9tel megfeleljen a legmagasabb min\u0151s\u00e9gi el\u0151\u00edr\u00e1soknak.<br\/>K\u00edn\u00e1latunk t\u00f6bbek k\u00f6z\u00f6tt a k\u00f6vetkez\u0151ket tartalmazza:<\/p>\n\n<ul class=\"wp-block-list\">\n<li><strong>aut\u00f3 vegyi anyagok<\/strong> \u2013 folyad\u00e9kok, viaszok, tiszt\u00edt\u00f3szerek, aut\u00f3kozmetikumok,<\/li>\n\n\n\n<li><strong>m\u0171szaki vegyszerek<\/strong> \u2013 ken\u0151anyagok, szilikonok, olajok, tart\u00f3s\u00edt\u00f3szerek,<\/li>\n\n\n\n<li><strong>aut\u00f3s kieg\u00e9sz\u00edt\u0151k<\/strong> \u2013 szivacsok, kef\u00e9k, illatanyagok, t\u00f6rl\u0151kend\u0151k \u00e9s m\u0171helyfelszerel\u00e9sek,<\/li>\n\n\n\n<li><strong>Grillterm\u00e9kek<\/strong> \u2013 brikett, \u00f6ngy\u00fajt\u00f3, gy\u00fajt\u00f3folyad\u00e9k \u00e9s gy\u00fajt\u00f3kocka, grill kieg\u00e9sz\u00edt\u0151k, r\u00e1csok \u00e9s alum\u00ednium t\u00e1lc\u00e1k.<\/li>\n<\/ul>\n\n<p>Saj\u00e1t m\u00e1rkan\u00e9v alatt sz\u00e1ll\u00edtunk term\u00e9keket, <strong>Hipernet,<\/strong> valamint term\u00e9kcsal\u00e1dokat hozunk l\u00e9tre a h\u00e1l\u00f3zati \u00fcgyfelek \u00e9s forgalmaz\u00f3k sz\u00e1m\u00e1ra.<\/p>\n\n<hr class=\"wp-block-separator has-alpha-channel-opacity\"\/>\n\n<p>Egy partner, akire sz\u00e1m\u00edthat<\/p>\n\n<p>Nem vagyunk l\u00e9lektelen v\u00e1llalat. Lengyel\u00fcl m\u0171k\u00f6d\u00fcnk \u2013 <strong>a munka \u00e9s a partner\u00fcnk tisztelet\u00e9vel<\/strong>. \u00dcgyfeleinkkel val\u00f3 kapcsolataink a bizalomon, az id\u0151szer\u0171s\u00e9gen \u00e9s a szab\u00e1lyzatok \u00e1tl\u00e1that\u00f3s\u00e1g\u00e1n alapulnak.<br\/>Ismerj\u00fck a piac realit\u00e1sait, ez\u00e9rt k\u00edn\u00e1latunkat a nagykeresked\u0151k, kiskereskedelmi \u00e9s kiskereskedelmi l\u00e1ncok ig\u00e9nyeihez igaz\u00edtjuk.<br\/>Ha megb\u00edzhat\u00f3 <strong>aut\u00f3s vegyszerek, aut\u00f3ipari kieg\u00e9sz\u00edt\u0151k vagy grillez\u00e9si term\u00e9kek sz\u00e1ll\u00edt\u00f3j\u00e1t<\/strong> keresi, aki meg\u00e9rti v\u00e1llalkoz\u00e1s\u00e1t, akkor j\u00f3 helyen j\u00e1r.  <\/p>\n\n<hr class=\"wp-block-separator has-alpha-channel-opacity\"\/>\n\n<p>El\u0151nyeink<\/p>\n\n<p><strong>Tapasztalattal rendelkez\u0151 lengyel c\u00e9g<\/strong> \u2013 2001 \u00f3ta folyamatosan m\u0171k\u00f6d\u00fcnk.<br\/><strong>B2B gy\u00e1rt\u00e1s \u00e9s disztrib\u00faci\u00f3<\/strong> \u2013 kiskereskedelmi l\u00e1ncokat, \u00fczleteket \u00e9s nagykeresked\u0151ket szolg\u00e1lunk ki orsz\u00e1gszerte.<br\/>A <strong>term\u00e9kek kiv\u00e1l\u00f3 min\u0151s\u00e9ge \u00e9s biztons\u00e1ga<\/strong> \u2013 minden t\u00e9telt tesztelnek a forgalomba hozatal el\u0151tt.<br\/><strong>Rugalmass\u00e1g<\/strong> \u2013 megrendel\u00e9seket is teljes\u00edt\u00fcnk az \u00fcgyf\u00e9l m\u00e1rkaneve alatt (saj\u00e1t m\u00e1rka).<br\/><strong>Bizalom \u00e9s \u0151szintes\u00e9g<\/strong> \u2013 a r\u00e9gi m\u00f3don cseleksz\u00fcnk: megb\u00edzhat\u00f3an, id\u0151ben \u00e9s becs\u00fclettel.<\/p>\n\n<hr class=\"wp-block-separator has-alpha-channel-opacity\"\/>\n\n<p>Hypernet \u2013 hagyom\u00e1ny, min\u0151s\u00e9g, bizalom<\/p>\n\n<p>T\u00f6bb mint k\u00e9t \u00e9vtizede k\u00f6vetkezetesen \u00e9p\u00edt\u00fcnk egy megb\u00edzhat\u00f3 m\u00e1rk\u00e1t.<br\/><strong>A Hipernet nem csak m\u0171szaki vegyszerek vagy aut\u00f3s kieg\u00e9sz\u00edt\u0151k gy\u00e1rt\u00f3ja \u00e9s forgalmaz\u00f3ja, hanem kiv\u00e1l\u00f3 min\u0151s\u00e9g\u0171 grillterm\u00e9kek sz\u00e1ll\u00edt\u00f3ja is, amely a megb\u00edzhat\u00f3 munk\u00e1ra \u00e9s a lengyel szabv\u00e1nyokra \u00f6sszpontos\u00edt.<\/strong><\/p>\n","protected":false},"excerpt":{"rendered":"<p>Lengyel c\u00e9g hagyom\u00e1nyokkal \u00e9s elvekkel A Hipernet egy vars\u00f3i sz\u00e9khely\u0171 lengyel v\u00e1llalat, amely 2001 \u00f3ta m\u0171k\u00f6dik. A kezdetekt\u0151l fogva a megb\u00edzhat\u00f3s\u00e1gra, a min\u0151s\u00e9gre \u00e9s a partners\u00e9gre \u00f6sszpontos\u00edtottunk. Nem hajszoljuk a divatot \u2013 azt tessz\u00fck, amihez a legjobban \u00e9rt\u00fcnk: m\u0171szaki vegyszereket, aut\u00f3s vegyszereket, aut\u00f3kieg\u00e9sz\u00edt\u0151ket \u00e9s grillterm\u00e9keket gy\u00e1rtunk \u00e9s forgalmazunk.Bev\u00e1lt B2B partner vagyunk, amely kiskereskedelmi l\u00e1ncokat, nagykeresked\u0151ket &#8230; <\/p>\n<p class=\"read-more-container\"><a title=\"R\u00f3lunk\" class=\"read-more button\" href=\"https:\/\/hipernet.com.pl\/hu\/rolunk\/#more-1171394649\" aria-label=\"Read more about R\u00f3lunk\">Olvass tov\u00e1bb<\/a><\/p>\n","protected":false},"author":1,"featured_media":0,"parent":0,"menu_order":0,"comment_status":"closed","ping_status":"closed","template":"","meta":{"footnotes":""},"class_list":["post-1171394649","page","type-page","status-publish"],"_links":{"self":[{"href":"https:\/\/hipernet.com.pl\/hu\/wp-json\/wp\/v2\/pages\/1171394649","targetHints":{"allow":["GET"]}}],"collection":[{"href":"https:\/\/hipernet.com.pl\/hu\/wp-json\/wp\/v2\/pages"}],"about":[{"href":"https:\/\/hipernet.com.pl\/hu\/wp-json\/wp\/v2\/types\/page"}],"author":[{"embeddable":true,"href":"https:\/\/hipernet.com.pl\/hu\/wp-json\/wp\/v2\/users\/1"}],"replies":[{"embeddable":true,"href":"https:\/\/hipernet.com.pl\/hu\/wp-json\/wp\/v2\/comments?post=1171394649"}],"version-history":[{"count":1,"href":"https:\/\/hipernet.com.pl\/hu\/wp-json\/wp\/v2\/pages\/1171394649\/revisions"}],"predecessor-version":[{"id":1171394651,"href":"https:\/\/hipernet.com.pl\/hu\/wp-json\/wp\/v2\/pages\/1171394649\/revisions\/1171394651"}],"wp:attachment":[{"href":"https:\/\/hipernet.com.pl\/hu\/wp-json\/wp\/v2\/media?parent=1171394649"}],"curies":[{"name":"wp","href":"https:\/\/api.w.org\/{rel}","templated":true}]}}