{"id":1171394738,"date":"2025-10-27T07:49:11","date_gmt":"2025-10-27T07:49:11","guid":{"rendered":"https:\/\/hipernet.com.pl\/erintkezes\/"},"modified":"2025-11-07T17:53:01","modified_gmt":"2025-11-07T17:53:01","slug":"erintkezes","status":"publish","type":"page","link":"https:\/\/hipernet.com.pl\/hu\/erintkezes\/","title":{"rendered":"\u00c9rintkez\u00e9s"},"content":{"rendered":"\n<div><\/div>\n\n<p class=\"gb-text\"><strong>Hipernet Korl\u00e1tolt Felel\u0151ss\u00e9g\u0171 T\u00e1rsas\u00e1g Korl\u00e1tolt Felel\u0151ss\u00e9g\u0171 T\u00e1rsas\u00e1g<br><\/strong><br>03-329 Vars\u00f3<br>Balkonowa 5 lok.u3 <br>E-mail: biuro@hipernet.com.pl<br>Tel.: + (48) 22 679 01 45<br>H\u00e9tf\u0151-p\u00e9ntek:<br> 9:00 \u2013 16:00 <\/p>\n\n<p class=\"gb-text\"><strong>Hipernet Korl\u00e1tolt Felel\u0151ss\u00e9g\u0171 T\u00e1rsas\u00e1g Korl\u00e1tolt Felel\u0151ss\u00e9g\u0171 T\u00e1rsas\u00e1g<br><\/strong>rakt\u00e1r \/ gy\u00e1rt\u00e1s <br>26-411 Rusin\u00f3w<br>Przysuska 7<br>E-mail: biuro@hipernet.com.pl<br>Tel: + (48) 486727187<br>H\u00e9tf\u0151-p\u00e9ntek: <br>&nbsp;8:30 \u2013 16:00<\/p>\n","protected":false},"excerpt":{"rendered":"<p>Hipernet Korl\u00e1tolt Felel\u0151ss\u00e9g\u0171 T\u00e1rsas\u00e1g Korl\u00e1tolt Felel\u0151ss\u00e9g\u0171 T\u00e1rsas\u00e1g03-329 Vars\u00f3Balkonowa 5 lok.u3 E-mail: biuro@hipernet.com.plTel.: + (48) 22 679 01 45H\u00e9tf\u0151-p\u00e9ntek: 9:00 \u2013 16:00 Hipernet Korl\u00e1tolt Felel\u0151ss\u00e9g\u0171 T\u00e1rsas\u00e1g Korl\u00e1tolt Felel\u0151ss\u00e9g\u0171 T\u00e1rsas\u00e1grakt\u00e1r \/ gy\u00e1rt\u00e1s 26-411 Rusin\u00f3wPrzysuska 7E-mail: biuro@hipernet.com.plTel: + (48) 486727187H\u00e9tf\u0151-p\u00e9ntek: &nbsp;8:30 \u2013 16:00<\/p>\n","protected":false},"author":1,"featured_media":0,"parent":0,"menu_order":0,"comment_status":"closed","ping_status":"closed","template":"","meta":{"footnotes":""},"class_list":["post-1171394738","page","type-page","status-publish"],"_links":{"self":[{"href":"https:\/\/hipernet.com.pl\/hu\/wp-json\/wp\/v2\/pages\/1171394738","targetHints":{"allow":["GET"]}}],"collection":[{"href":"https:\/\/hipernet.com.pl\/hu\/wp-json\/wp\/v2\/pages"}],"about":[{"href":"https:\/\/hipernet.com.pl\/hu\/wp-json\/wp\/v2\/types\/page"}],"author":[{"embeddable":true,"href":"https:\/\/hipernet.com.pl\/hu\/wp-json\/wp\/v2\/users\/1"}],"replies":[{"embeddable":true,"href":"https:\/\/hipernet.com.pl\/hu\/wp-json\/wp\/v2\/comments?post=1171394738"}],"version-history":[{"count":4,"href":"https:\/\/hipernet.com.pl\/hu\/wp-json\/wp\/v2\/pages\/1171394738\/revisions"}],"predecessor-version":[{"id":1171394747,"href":"https:\/\/hipernet.com.pl\/hu\/wp-json\/wp\/v2\/pages\/1171394738\/revisions\/1171394747"}],"wp:attachment":[{"href":"https:\/\/hipernet.com.pl\/hu\/wp-json\/wp\/v2\/media?parent=1171394738"}],"curies":[{"name":"wp","href":"https:\/\/api.w.org\/{rel}","templated":true}]}}