{"id":1171394766,"date":"2024-04-14T00:02:58","date_gmt":"2024-04-14T00:02:58","guid":{"rendered":"https:\/\/hipernet.com.pl\/a-motorynka-marka-tortenete\/"},"modified":"2025-11-07T22:30:13","modified_gmt":"2025-11-07T22:30:13","slug":"a-motorynka-marka-tortenete","status":"publish","type":"page","link":"https:\/\/hipernet.com.pl\/hu\/a-motorynka-marka-tortenete\/","title":{"rendered":"A Motorynka m\u00e1rka t\u00f6rt\u00e9nete"},"content":{"rendered":"<p>2001-et \u00edrunk. <strong>A lengyel gy\u00e1rt\u00f3k \u00e9s forgalmaz\u00f3k &#8222;\u00dczemeltet\u0151&#8221; csoportja<\/strong> a B\u0142onie melletti Ku\u017ania Ko\u0142\u0142\u0105tajowska-ban tartott tal\u00e1lkoz\u00f3n megalap\u00edtja a Motorynka kozmetikai \u00e9s aut\u00f3ipari vegyi term\u00e9kek nemzeti m\u00e1rk\u00e1j\u00e1t. Az \u00faj lengyel m\u00e1rka koncepci\u00f3j\u00e1nak hajnal\u00e1n felmer\u00fclt az az \u00f6tlet, hogy a term\u00e9k k\u00f6r\u00e9 kiv\u00e1l\u00f3 min\u0151s\u00e9g\u0171 lengyel f\u00fcggetlen forgalmaz\u00f3kat \u00e9s gy\u00e1rt\u00f3kat egyes\u00edtsenek. A term\u00e9knek az orsz\u00e1gban tal\u00e1lhat\u00f3 kiskereskedelmi l\u00e1ncokban is meg kellett volna tal\u00e1lnia a hely\u00e9t. A Motorynka Csoport tev\u00e9kenys\u00e9g\u00e9nek id\u0151szak\u00e1ban t\u00f6bbek k\u00f6z\u00f6tt a polcokon tal\u00e1lta meg a hely\u00e9t. benzinkutak: BP, Jet, Gda\u0144sk finom\u00edt\u00f3; nagyform\u00e1tum\u00fa \u00e9s diszkont l\u00e1ncok: Tesco, Hypernowa, Albert, Plus Discount, Leclerc, Carrefour, Selgros, Obi, Bricomarche. A kiskereskedelmi l\u00e1ncok piac\u00e1n m\u0171k\u00f6d\u0151 csoport tagja, a Hipernet id\u0151vel a piaci \u00e1talakul\u00e1sok alapj\u00e1n vette \u00e1t a nemzeti m\u00e1rk\u00e1t, \u00f6n\u00e1ll\u00f3an folytatva a projektet. A Hipernet kiv\u00e1l\u00f3 szakembereket toborzott az ipar\u00e1gb\u00f3l, hogy egy\u00fcttm\u0171k\u00f6djenek vele, \u00faj, modern ir\u00e1nyt adva a projektnek.     <\/p>\n<p>Ma a <strong>Motorynka nemcsak kozmetikumok \u00e9s aut\u00f3s vegyszerek<\/strong>, hanem aut\u00f3ipari kieg\u00e9sz\u00edt\u0151k \u00e9s kieg\u00e9sz\u00edt\u0151k is \u2013 a Motorynka a modern sof\u0151r sz\u00e1m\u00e1ra sz\u00fcks\u00e9ges term\u00e9kek teljes k\u00e9szlete.<\/p>\n<p>A Motorynka Nemzeti M\u00e1rka kiv\u00e1l\u00f3 min\u0151s\u00e9g\u0171 term\u00e9keinek megv\u00e1s\u00e1rl\u00e1s\u00e1val t\u00e1mogatja a lengyel munkahelyeket. A legjobb min\u0151s\u00e9g\u0171 term\u00e9ket kapja. <\/p>\n<p>A Motorynka lehet\u0151s\u00e9get k\u00edn\u00e1l a legmagasabb min\u0151s\u00e9g\u0171 lengyel term\u00e9kek sz\u00e1m\u00e1ra a lengyel piacon val\u00f3 hely\u00e9rt folytatott k\u00fczdelemben. Ez egy lehet\u0151s\u00e9g a term\u00e9kek szomsz\u00e9dos piacokra t\u00f6rt\u00e9n\u0151 export\u00e1l\u00e1s\u00e1ra is. <\/p>\n<style>\/*! elementor - v3.21.0 - 26-05-2024 *\/\n.elementor-widget-image{text-align:center}.elementor-widget-image a{display:inline-block}.elementor-widget-image a img[src$=\".svg\"]{width:48px}.elementor-widget-image img{vertical-align:middle;display:inline-block}<\/style>\n<p>\t\t\t\t\t\t\t\t\t\t<img loading=\"lazy\" decoding=\"async\" width=\"300\" height=\"54\" src=\"https:\/\/hipernet.com.pl\/wp-content\/uploads\/2024\/04\/Motorynka-1.jpg\" alt=\"\" srcset=\"https:\/\/hipernet.com.pl\/wp-content\/uploads\/2024\/04\/Motorynka-1.jpg 300w, https:\/\/hipernet.com.pl\/wp-content\/uploads\/2024\/04\/Motorynka-1-150x27.jpg 150w\" sizes=\"auto, (max-width: 300px) 100vw, 300px\">\t\t\t\t\t\t\t\t\t\t\t\t\t<\/p>\n<p>A Motorynka egy olyan term\u00e9k, amely tiszteletben tartja az \u00e9rt\u00e9kes\u00edt\u00e9si ter\u00fcletek hat\u00e1rait, ahol dolgozik. A Motorynka h\u0171s\u00e9ges \u00fczleti partner. <\/p>\n","protected":false},"excerpt":{"rendered":"<p>2001-et \u00edrunk. A lengyel gy\u00e1rt\u00f3k \u00e9s forgalmaz\u00f3k &#8222;\u00dczemeltet\u0151&#8221; csoportja a B\u0142onie melletti Ku\u017ania Ko\u0142\u0142\u0105tajowska-ban tartott tal\u00e1lkoz\u00f3n megalap\u00edtja a Motorynka kozmetikai \u00e9s aut\u00f3ipari vegyi term\u00e9kek nemzeti m\u00e1rk\u00e1j\u00e1t. Az \u00faj lengyel m\u00e1rka koncepci\u00f3j\u00e1nak hajnal\u00e1n felmer\u00fclt az az \u00f6tlet, hogy a term\u00e9k k\u00f6r\u00e9 kiv\u00e1l\u00f3 min\u0151s\u00e9g\u0171 lengyel f\u00fcggetlen forgalmaz\u00f3kat \u00e9s gy\u00e1rt\u00f3kat egyes\u00edtsenek. A term\u00e9knek az orsz\u00e1gban tal\u00e1lhat\u00f3 kiskereskedelmi l\u00e1ncokban &#8230; <\/p>\n<p class=\"read-more-container\"><a title=\"A Motorynka m\u00e1rka t\u00f6rt\u00e9nete\" class=\"read-more button\" href=\"https:\/\/hipernet.com.pl\/hu\/a-motorynka-marka-tortenete\/#more-1171394766\" aria-label=\"Read more about A Motorynka m\u00e1rka t\u00f6rt\u00e9nete\">Olvass tov\u00e1bb<\/a><\/p>\n","protected":false},"author":1,"featured_media":0,"parent":0,"menu_order":0,"comment_status":"closed","ping_status":"closed","template":"","meta":{"footnotes":""},"class_list":["post-1171394766","page","type-page","status-publish"],"_links":{"self":[{"href":"https:\/\/hipernet.com.pl\/hu\/wp-json\/wp\/v2\/pages\/1171394766","targetHints":{"allow":["GET"]}}],"collection":[{"href":"https:\/\/hipernet.com.pl\/hu\/wp-json\/wp\/v2\/pages"}],"about":[{"href":"https:\/\/hipernet.com.pl\/hu\/wp-json\/wp\/v2\/types\/page"}],"author":[{"embeddable":true,"href":"https:\/\/hipernet.com.pl\/hu\/wp-json\/wp\/v2\/users\/1"}],"replies":[{"embeddable":true,"href":"https:\/\/hipernet.com.pl\/hu\/wp-json\/wp\/v2\/comments?post=1171394766"}],"version-history":[{"count":1,"href":"https:\/\/hipernet.com.pl\/hu\/wp-json\/wp\/v2\/pages\/1171394766\/revisions"}],"predecessor-version":[{"id":1171394768,"href":"https:\/\/hipernet.com.pl\/hu\/wp-json\/wp\/v2\/pages\/1171394766\/revisions\/1171394768"}],"wp:attachment":[{"href":"https:\/\/hipernet.com.pl\/hu\/wp-json\/wp\/v2\/media?parent=1171394766"}],"curies":[{"name":"wp","href":"https:\/\/api.w.org\/{rel}","templated":true}]}}