{"id":1171394893,"date":"2025-10-27T07:49:11","date_gmt":"2025-10-27T07:49:11","guid":{"rendered":"https:\/\/hipernet.com.pl\/gyik\/"},"modified":"2025-11-08T09:37:57","modified_gmt":"2025-11-08T09:37:57","slug":"gyik","status":"publish","type":"page","link":"https:\/\/hipernet.com.pl\/hu\/gyik\/","title":{"rendered":"GYIK"},"content":{"rendered":"<div class=\"container\">\n<section class=\"section\" aria-labelledby=\"faq-tytul\">\n<div class=\"card\">\n<div class=\"kicker\">Gyakran ism\u00e9telt k\u00e9rd\u00e9sek<\/div>\n<h2 id=\"faq-tytul\">GYIK<\/h2>\n<details>\n<summary>Term\u00e9kei megfelelnek a biztons\u00e1gi el\u0151\u00edr\u00e1soknak?<\/summary>\n<p>Igen. Term\u00e9keink kiv\u00e1l\u00f3 min\u0151s\u00e9g\u0171ek \u00e9s megfelelnek a vonatkoz\u00f3 biztons\u00e1gi el\u0151\u00edr\u00e1soknak, ami hat\u00e9konys\u00e1gukban is megmutatkozik. <\/p>\n<\/details>\n<details>\n<summary>Mennyi a gy\u00e1rt\u00e1si id\u0151?<\/summary>\n<p>A megrendel\u00e9s t\u00edpus\u00e1t\u00f3l f\u00fcgg\u0151en \u2013 alapkivitelben <strong>ak\u00e1r 10 munkanap.<\/strong><\/p>\n<\/details>\n<details>\n<summary>Ny\u00fajt \u00e9rt\u00e9kes\u00edt\u00e9s ut\u00e1ni t\u00e1mogat\u00e1st?<\/summary>\n<p>Igen, minden \u00fcgyf\u00e9l hozz\u00e1f\u00e9rhet a m\u0171szaki \u00e9s anyagi t\u00e1mogat\u00e1shoz a v\u00e1s\u00e1rl\u00e1s ut\u00e1n.<\/p>\n<\/details>\n<details>\n<summary>K\u00fcldesz mint\u00e1kat?<\/summary>\n<p>Igen, k\u00e9r\u00e9sre mint\u00e1kat k\u00fcld\u00fcnk min\u0151s\u00e9g\u00e9rt\u00e9kel\u00e9sre.<\/p>\n<\/details>\n<details>\n<summary>Milyen fizet\u00e9si m\u00f3dokat fogadnak el?<\/summary>\n<p>K\u00fcl\u00f6nb\u00f6z\u0151 fizet\u00e9si m\u00f3dok \u2013 a felt\u00e9teleket a B2B \u00fcgyf\u00e9l ig\u00e9nyeihez igaz\u00edtjuk.<\/p>\n<\/details>\n<\/div>\n<\/section>\n<\/div>\n","protected":false},"excerpt":{"rendered":"<p>Gyakran ism\u00e9telt k\u00e9rd\u00e9sek GYIK Term\u00e9kei megfelelnek a biztons\u00e1gi el\u0151\u00edr\u00e1soknak? Igen. Term\u00e9keink kiv\u00e1l\u00f3 min\u0151s\u00e9g\u0171ek \u00e9s megfelelnek a vonatkoz\u00f3 biztons\u00e1gi el\u0151\u00edr\u00e1soknak, ami hat\u00e9konys\u00e1gukban is megmutatkozik. Mennyi a gy\u00e1rt\u00e1si id\u0151? A megrendel\u00e9s t\u00edpus\u00e1t\u00f3l f\u00fcgg\u0151en \u2013 alapkivitelben ak\u00e1r 10 munkanap. Ny\u00fajt \u00e9rt\u00e9kes\u00edt\u00e9s ut\u00e1ni t\u00e1mogat\u00e1st? Igen, minden \u00fcgyf\u00e9l hozz\u00e1f\u00e9rhet a m\u0171szaki \u00e9s anyagi t\u00e1mogat\u00e1shoz a v\u00e1s\u00e1rl\u00e1s ut\u00e1n. K\u00fcldesz mint\u00e1kat? Igen, &#8230; <\/p>\n<p class=\"read-more-container\"><a title=\"GYIK\" class=\"read-more button\" href=\"https:\/\/hipernet.com.pl\/hu\/gyik\/#more-1171394893\" aria-label=\"Read more about GYIK\">Olvass tov\u00e1bb<\/a><\/p>\n","protected":false},"author":1,"featured_media":0,"parent":0,"menu_order":0,"comment_status":"closed","ping_status":"closed","template":"","meta":{"footnotes":""},"class_list":["post-1171394893","page","type-page","status-publish"],"_links":{"self":[{"href":"https:\/\/hipernet.com.pl\/hu\/wp-json\/wp\/v2\/pages\/1171394893","targetHints":{"allow":["GET"]}}],"collection":[{"href":"https:\/\/hipernet.com.pl\/hu\/wp-json\/wp\/v2\/pages"}],"about":[{"href":"https:\/\/hipernet.com.pl\/hu\/wp-json\/wp\/v2\/types\/page"}],"author":[{"embeddable":true,"href":"https:\/\/hipernet.com.pl\/hu\/wp-json\/wp\/v2\/users\/1"}],"replies":[{"embeddable":true,"href":"https:\/\/hipernet.com.pl\/hu\/wp-json\/wp\/v2\/comments?post=1171394893"}],"version-history":[{"count":1,"href":"https:\/\/hipernet.com.pl\/hu\/wp-json\/wp\/v2\/pages\/1171394893\/revisions"}],"predecessor-version":[{"id":1171394895,"href":"https:\/\/hipernet.com.pl\/hu\/wp-json\/wp\/v2\/pages\/1171394893\/revisions\/1171394895"}],"wp:attachment":[{"href":"https:\/\/hipernet.com.pl\/hu\/wp-json\/wp\/v2\/media?parent=1171394893"}],"curies":[{"name":"wp","href":"https:\/\/api.w.org\/{rel}","templated":true}]}}