{"id":1171394808,"date":"2025-10-28T15:49:39","date_gmt":"2025-10-28T15:49:39","guid":{"rendered":"https:\/\/hipernet.com.pl\/produkt\/viaszos-sampon-1000ml-motorynka\/"},"modified":"2025-11-07T22:44:20","modified_gmt":"2025-11-07T22:44:20","slug":"viaszos-sampon-1000ml-motorynka","status":"publish","type":"product","link":"https:\/\/hipernet.com.pl\/hu\/produkt\/viaszos-sampon-1000ml-motorynka\/","title":{"rendered":"Viaszos sampon 1000ml (Motorynka)"},"content":{"rendered":"<h2>Viaszos sampon 1000 ml (Motorynka)<\/h2>\n<p><strong>A Motorynka viasz sampon<\/strong> kiv\u00e1l\u00f3 min\u0151s\u00e9g\u0171 k\u00e9sz\u00edtm\u00e9ny az aut\u00f3karossz\u00e9ri\u00e1k mos\u00e1s\u00e1ra \u00e9s \u00e1pol\u00e1s\u00e1ra, amely \u00f6tv\u00f6zi a tiszt\u00edt\u00f3szer hat\u00e1s\u00e1t a viasz v\u00e9d\u0151 tulajdons\u00e1gaival.<br \/>\nLehet\u0151v\u00e9 teszi az \u00fatszennyez\u0151d\u00e9sek, zs\u00edros lerak\u00f3d\u00e1sok, por \u00e9s por hat\u00e9kony elt\u00e1vol\u00edt\u00e1s\u00e1t, mik\u00f6zben a fest\u00e9knek m\u00e9ly f\u00e9nyt \u00e9s simas\u00e1got<br \/>\n ad.A viasz hozz\u00e1ad\u00e1s\u00e1val k\u00e9sz\u00fclt formula v\u00e9d\u0151r\u00e9teget hoz l\u00e9tre az aut\u00f3 fel\u00fclet\u00e9n, amely cs\u00f6kkenti a szennyez\u0151d\u00e9sek tapad\u00e1s\u00e1t \u00e9s v\u00e9d az id\u0151j\u00e1r\u00e1si viszonyok hat\u00e1sait\u00f3l.<\/p>\n<h3>A term\u00e9k jellemz\u0151i:<\/h3>\n<ul>\n<li>Alaposan elt\u00e1vol\u00edtja a szennyez\u0151d\u00e9seket, a port, a sarat \u00e9s az \u00fatlerak\u00f3d\u00e1sokat.<\/li>\n<li>A formul\u00e1ban l\u00e9v\u0151 viasz f\u00e9nyt k\u00f6lcs\u00f6n\u00f6z a testnek \u00e9s v\u00e9di a f\u00e9nyez\u00e9st.<\/li>\n<li>Hidrof\u00f3b r\u00e9teget hoz l\u00e9tre, amely megk\u00f6nny\u00edti a v\u00edz elvezet\u00e9s\u00e9t.<\/li>\n<li>Biztons\u00e1gos minden t\u00edpus\u00fa fest\u00e9khez, felnihez \u00e9s m\u0171anyag alkatr\u00e9szhez.<\/li>\n<li>Nem hagy cs\u00edkokat vagy cs\u00edkokat.<\/li>\n<li>Hat\u00e9kony kapacit\u00e1s \u2013 1000 ml (1 liter).<\/li>\n<\/ul>\n<h3>Hogyan kell haszn\u00e1lni:<\/h3>\n<ol>\n<li>\u00d6bl\u00edtse le a j\u00e1rm\u0171vet v\u00edzzel a laza szennyez\u0151d\u00e9sek elt\u00e1vol\u00edt\u00e1s\u00e1hoz.<\/li>\n<li>H\u00edg\u00edtsa fel a sampont kb. 50 ml \/ 10 liter v\u00edz. <\/li>\n<li>Mossa le aut\u00f3j\u00e1t mikrosz\u00e1las szivaccsal vagy keszty\u0171vel.<\/li>\n<li>Alaposan \u00f6bl\u00edtse le tiszta v\u00edzzel, majd sz\u00e1r\u00edtsa meg.<\/li>\n<\/ol>\n<h3>M\u0171szaki param\u00e9terek:<\/h3>\n<ul>\n<li>\u0170rtartalom: 1000ml<\/li>\n<li>Forma: Foly\u00e9kony<\/li>\n<li>Sz\u00edn: vil\u00e1goss\u00e1rga<\/li>\n<li>pH: semleges<\/li>\n<li>Csomagol\u00e1s: palack kupakkal vagy adagol\u00f3val<\/li>\n<\/ul>\n<h3>El\u0151ny\u00f6k:<\/h3>\n<ul>\n<li>A sampon \u00e9s a viasz kombin\u00e1ci\u00f3ja egy term\u00e9kben.<\/li>\n<li>V\u00e9di a fest\u00e9ket az id\u0151j\u00e1r\u00e1si viszonyokt\u00f3l.<\/li>\n<li>M\u00e9ly f\u00e9nyt \u00e9s &#8222;cs\u00fasz\u00f3s&#8221; fel\u00fcleti hat\u00e1st biztos\u00edt.<\/li>\n<li>Gazdas\u00e1gos haszn\u00e1lat \u2013 sok mos\u00e1shoz elegend\u0151.<\/li>\n<\/ul>\n<h3>Biztons\u00e1g \u00e9s t\u00e1rol\u00e1s:<\/h3>\n<ul>\n<li>Szobah\u0151m\u00e9rs\u00e9kleten, napf\u00e9nyt\u0151l v\u00e9dve t\u00e1roland\u00f3.<\/li>\n<li>Gyermekekt\u0151l elz\u00e1rva tartand\u00f3.<\/li>\n<li>Ne keverje m\u00e1s tiszt\u00edt\u00f3szerekkel.<\/li>\n<\/ul>\n<p><strong>A Motorynka viasz sampon<\/strong> t\u00f6k\u00e9letes v\u00e1laszt\u00e1s mindazok sz\u00e1m\u00e1ra, akik \u00e9rt\u00e9kelik a k\u00f6nny\u0171 mos\u00e1st, a hosszan tart\u00f3 f\u00e9nyt \u00e9s a fest\u00e9kv\u00e9delmet.<\/p>\n","protected":false},"excerpt":{"rendered":"<p><strong>Motorynka Wax Shampoo 1000 ml<\/strong> \u2013 hat\u00e9konyan t\u00e1vol\u00edtja el a szennyez\u0151d\u00e9seket, f\u00e9nyt ad a fest\u00e9knek \u00e9s v\u00e9d\u0151 viaszr\u00e9teget hoz l\u00e9tre.<br \/>\nBiztons\u00e1gos minden t\u00edpus\u00fa fest\u00e9khez, gazdas\u00e1gos \u00e9s k\u00f6nnyen haszn\u00e1lhat\u00f3.<br \/>\nIde\u00e1lis rendszeres aut\u00f3\u00e1pol\u00e1shoz.<\/p>\n","protected":false},"featured_media":1196,"comment_status":"open","ping_status":"closed","template":"","meta":[],"product_brand":[28],"product_cat":[95],"product_tag":[],"class_list":{"0":"post-1171394808","1":"product","2":"type-product","3":"status-publish","4":"has-post-thumbnail","6":"product_brand-motorynka","7":"product_cat-autokozmetikumok","8":"sales-flash-overlay","9":"woocommerce-text-align-left","10":"woocommerce-image-align-center","11":"do-quantity-buttons","12":"wc-has-gallery","14":"first","15":"instock","16":"sale","17":"shipping-taxable","18":"purchasable","19":"product-type-simple"},"_links":{"self":[{"href":"https:\/\/hipernet.com.pl\/hu\/wp-json\/wp\/v2\/product\/1171394808","targetHints":{"allow":["GET"]}}],"collection":[{"href":"https:\/\/hipernet.com.pl\/hu\/wp-json\/wp\/v2\/product"}],"about":[{"href":"https:\/\/hipernet.com.pl\/hu\/wp-json\/wp\/v2\/types\/product"}],"replies":[{"embeddable":true,"href":"https:\/\/hipernet.com.pl\/hu\/wp-json\/wp\/v2\/comments?post=1171394808"}],"wp:featuredmedia":[{"embeddable":true,"href":"https:\/\/hipernet.com.pl\/hu\/wp-json\/wp\/v2\/media\/1196"}],"wp:attachment":[{"href":"https:\/\/hipernet.com.pl\/hu\/wp-json\/wp\/v2\/media?parent=1171394808"}],"wp:term":[{"taxonomy":"product_brand","embeddable":true,"href":"https:\/\/hipernet.com.pl\/hu\/wp-json\/wp\/v2\/product_brand?post=1171394808"},{"taxonomy":"product_cat","embeddable":true,"href":"https:\/\/hipernet.com.pl\/hu\/wp-json\/wp\/v2\/product_cat?post=1171394808"},{"taxonomy":"product_tag","embeddable":true,"href":"https:\/\/hipernet.com.pl\/hu\/wp-json\/wp\/v2\/product_tag?post=1171394808"}],"curies":[{"name":"wp","href":"https:\/\/api.w.org\/{rel}","templated":true}]}}