{"id":1171394611,"date":"2024-04-13T21:23:54","date_gmt":"2024-04-13T21:23:54","guid":{"rendered":"https:\/\/hipernet.com.pl\/kokybes-politika\/"},"modified":"2025-11-07T12:19:59","modified_gmt":"2025-11-07T12:19:59","slug":"kokybes-politika","status":"publish","type":"page","link":"https:\/\/hipernet.com.pl\/lt\/kokybes-politika\/","title":{"rendered":"Kokyb\u0117s politika"},"content":{"rendered":"<style>\/*! elementor - v3.21.0 - 26-05-2024 *\/<br \/>\n.elementor-heading-title{padding:0;margin:0;line-height:1}.elementor-widget-heading .elementor-heading-title[class*=elementor-size-]>a{color:inherit;font-size:inherit;line-height:inherit}.elementor-widget-heading .elementor-heading-title.elementor-size-small{font-size:15px}.elementor-widget-heading .elementor-heading-title.elementor-size-medium{font-size:19px}.elementor-widget-heading .elementor-heading-title.elementor-size-large{font-size:29px}.elementor-widget-heading .elementor-heading-title.elementor-size-xl{font-size:39px}.elementor-widget-heading .elementor-heading-title.elementor-size-xxl{font-size:59px}<\/style>\n<h2 data-start=\"237\" data-end=\"277\"><strong data-start=\"240\" data-end=\"277\">M\u016bs\u0173 \u012fsipareigojimas klientams<\/strong><\/h2>\n<p data-start=\"278\" data-end=\"584\"><strong data-start=\"287\" data-end=\"317\">&#8222;Hipernet Sp. z o.o. Sp. K.&#8221;<\/strong> tikime, kad auk\u0161ta kokyb\u0117 yra raktas \u012f pasitik\u0117jim\u0105 ir ilgalaik\u012f bendradarbiavim\u0105. M\u016bs\u0173 pagrindinis tikslas yra <strong data-start=\"422\" data-end=\"460\">nuolat didinti klient\u0173 pasitenkinim\u0105<\/strong>, tiekiant produktus, atitinkan\u010dius auk\u0161\u010diausius efektyvumo, saugumo ir patikimumo standartus. <\/p>\n<h2 data-start=\"586\" data-end=\"626\"><strong data-start=\"589\" data-end=\"626\">Kokyb\u0117s politikos tikslai ir prielaidos<\/strong><\/h2>\n<p data-start=\"627\" data-end=\"801\">Laikydamiesi priimtos kokyb\u0117s politikos, siekiame nuolat tobulinti visus gamybos, organizacinius ir valdymo procesus. Pagrindin\u0117s m\u016bs\u0173 politikos prielaidos yra \u0161ios: <\/p>\n<ul data-start=\"803\" data-end=\"1516\">\n<li data-start=\"803\" data-end=\"957\">\n<p data-start=\"805\" data-end=\"957\"><strong data-start=\"805\" data-end=\"860\">Tinkamas klient\u0173 poreiki\u0173 ir l\u016bkes\u010di\u0173 identifikavimas<\/strong> \u2013 aktyviai analizuojame rink\u0105 ir pritaikome pasi\u016blym\u0105 prie besikei\u010dian\u010di\u0173 vartotoj\u0173 poreiki\u0173.<\/p>\n<\/li>\n<li data-start=\"958\" data-end=\"1114\">\n<p data-start=\"960\" data-end=\"1114\"><strong data-start=\"960\" data-end=\"1029\">Tiekiame produktus, kurie visi\u0161kai tenkina m\u016bs\u0173 klientus<\/strong> \u2013 u\u017etikriname pakartojam\u0105 kokyb\u0119 ir atitikt\u012f galiojantiems ISO 9001:2015 standartams.<\/p>\n<\/li>\n<li data-start=\"1115\" data-end=\"1268\">\n<p data-start=\"1117\" data-end=\"1268\"><strong data-start=\"1117\" data-end=\"1185\">Optimalus kokyb\u0117s, pristatymo laiko ir kainos balansas<\/strong> \u2013 r\u016bpinam\u0117s proceso efektyvumu, kad gal\u0117tume pasi\u016blyti konkurencingus ir patikimus produktus.<\/p>\n<\/li>\n<li data-start=\"1269\" data-end=\"1407\">\n<p data-start=\"1271\" data-end=\"1407\"><strong data-start=\"1271\" data-end=\"1329\">Sistemingas produkt\u0173 ir proces\u0173 kokyb\u0117s gerinimas<\/strong> \u2013 diegiame technologines naujoves ir kontroliuojame kiekvien\u0105 gamybos etap\u0105.<\/p>\n<\/li>\n<li data-start=\"1408\" data-end=\"1516\">\n<p data-start=\"1410\" data-end=\"1516\"><strong data-start=\"1410\" data-end=\"1444\">R\u016bpinimasis nat\u016bralia aplinka<\/strong> \u2013 ma\u017einame nuostolius ir atliekas, \u012fgyvendindami ekologi\u0161kus sprendimus.<\/p>\n<\/li>\n<\/ul>\n<h2 data-start=\"1518\" data-end=\"1545\"><strong data-start=\"1521\" data-end=\"1545\">Valdan\u010diosios tarybos pareigos<\/strong><\/h2>\n<p data-start=\"1546\" data-end=\"1636\">Siekdama veiksmingai \u012fgyvendinti kokyb\u0117s politikos tikslus, &#8222;Hipernet&#8221; valdyba \u012fsipareigoja:<\/p>\n<ul data-start=\"1638\" data-end=\"1994\">\n<li data-start=\"1638\" data-end=\"1715\">\n<p data-start=\"1640\" data-end=\"1715\">pripa\u017e\u012fstant kokyb\u0117s politikos principus kaip <strong data-start=\"1674\" data-end=\"1712\">pagrindin\u012f \u012fmon\u0117s strategijos element\u0105<\/strong>,<\/p>\n<\/li>\n<li data-start=\"1716\" data-end=\"1828\">\n<p data-start=\"1718\" data-end=\"1828\"><strong data-start=\"1718\" data-end=\"1757\">u\u017etikrinti tinkamus i\u0161teklius<\/strong> ir technines priemones, reikalingas kokyb\u0117s tikslams pasiekti,<\/p>\n<\/li>\n<li data-start=\"1829\" data-end=\"1913\">\n<p data-start=\"1831\" data-end=\"1913\"><strong data-start=\"1831\" data-end=\"1871\">motyvuoti ir remti darbuotojus<\/strong> kokyb\u0117s atsakomyb\u0117s srityje,<\/p>\n<\/li>\n<li data-start=\"1914\" data-end=\"1994\">\n<p data-start=\"1916\" data-end=\"1994\">nuolatinis \u012fgyvendinam\u0173 proces\u0173 efektyvumo steb\u0117jimas ir j\u0173 tobulinimas.<\/p>\n<\/li>\n<\/ul>\n<h2 data-start=\"1996\" data-end=\"2022\"><strong data-start=\"1999\" data-end=\"2022\">M\u016bs\u0173 kokyb\u0117s misija<\/strong><\/h2>\n<p data-start=\"2023\" data-end=\"2335\">&#8222;Hipernet&#8221; veiklos tikslas \u2013 <strong data-start=\"2062\" data-end=\"2151\">i\u0161laikyti ir pl\u0117toti patikimo technini\u0173 ir automobili\u0173 chemikal\u0173 gamintojo pozicijas<\/strong>, teikiant klientams did\u017eiausi\u0105 nauding\u0105j\u0105 vert\u0119 turin\u010dius produktus.<br data-start=\"2219\" data-end=\"2222\">Siekiame <strong data-start=\"2241\" data-end=\"2278\">, kad kokyb\u0117, saugumas ir pasitik\u0117jimas<\/strong> b\u016bt\u0173 kiekvieno santykio su klientais pagrindas.<\/p>\n","protected":false},"excerpt":{"rendered":"<p>M\u016bs\u0173 \u012fsipareigojimas klientams &#8222;Hipernet Sp. z o.o. Sp. K.&#8221; tikime, kad auk\u0161ta kokyb\u0117 yra raktas \u012f pasitik\u0117jim\u0105 ir ilgalaik\u012f bendradarbiavim\u0105. M\u016bs\u0173 pagrindinis tikslas yra nuolat didinti klient\u0173 pasitenkinim\u0105, tiekiant produktus, atitinkan\u010dius auk\u0161\u010diausius efektyvumo, saugumo ir patikimumo standartus. Kokyb\u0117s politikos tikslai ir prielaidos Laikydamiesi priimtos kokyb\u0117s politikos, siekiame nuolat tobulinti visus gamybos, organizacinius ir valdymo procesus. &#8230; <\/p>\n<p class=\"read-more-container\"><a title=\"Kokyb\u0117s politika\" class=\"read-more button\" href=\"https:\/\/hipernet.com.pl\/lt\/kokybes-politika\/#more-1171394611\" aria-label=\"Read more about Kokyb\u0117s politika\">Read more<\/a><\/p>\n","protected":false},"author":1,"featured_media":0,"parent":0,"menu_order":0,"comment_status":"closed","ping_status":"closed","template":"","meta":{"footnotes":""},"class_list":["post-1171394611","page","type-page","status-publish"],"_links":{"self":[{"href":"https:\/\/hipernet.com.pl\/lt\/wp-json\/wp\/v2\/pages\/1171394611","targetHints":{"allow":["GET"]}}],"collection":[{"href":"https:\/\/hipernet.com.pl\/lt\/wp-json\/wp\/v2\/pages"}],"about":[{"href":"https:\/\/hipernet.com.pl\/lt\/wp-json\/wp\/v2\/types\/page"}],"author":[{"embeddable":true,"href":"https:\/\/hipernet.com.pl\/lt\/wp-json\/wp\/v2\/users\/1"}],"replies":[{"embeddable":true,"href":"https:\/\/hipernet.com.pl\/lt\/wp-json\/wp\/v2\/comments?post=1171394611"}],"version-history":[{"count":1,"href":"https:\/\/hipernet.com.pl\/lt\/wp-json\/wp\/v2\/pages\/1171394611\/revisions"}],"predecessor-version":[{"id":1171394613,"href":"https:\/\/hipernet.com.pl\/lt\/wp-json\/wp\/v2\/pages\/1171394611\/revisions\/1171394613"}],"wp:attachment":[{"href":"https:\/\/hipernet.com.pl\/lt\/wp-json\/wp\/v2\/media?parent=1171394611"}],"curies":[{"name":"wp","href":"https:\/\/api.w.org\/{rel}","templated":true}]}}