{"id":1171394670,"date":"2024-05-30T00:11:07","date_gmt":"2024-05-30T00:11:07","guid":{"rendered":"https:\/\/hipernet.com.pl\/citatu-generatorius\/"},"modified":"2025-11-07T17:41:10","modified_gmt":"2025-11-07T17:41:10","slug":"citatu-generatorius","status":"publish","type":"page","link":"https:\/\/hipernet.com.pl\/lt\/citatu-generatorius\/","title":{"rendered":"Citat\u0173 generatorius"},"content":{"rendered":"<style>\/*! elementor - v3.21.0 - 26-05-2024 *\/<br \/>.elementor-widget-image{text-align:center}.elementor-widget-image a{display:inline-block}.elementor-widget-image a img[src$=\".svg\"]{width:48px}.elementor-widget-image img{vertical-align:middle;display:inline-block}<\/style>\n<figure style=\"width: 477px\" class=\"wp-caption alignnone\"><img loading=\"lazy\" decoding=\"async\" class=\"\" title=\"kalkulator oferty Hipernet\" src=\"https:\/\/hipernet.com.pl\/wp-content\/uploads\/2024\/05\/4-1024x1024.png\" sizes=\"auto, (max-width: 640px) 100vw, 640px\" srcset=\"https:\/\/hipernet.com.pl\/wp-content\/uploads\/2024\/05\/4-1024x1024.png 1024w, https:\/\/hipernet.com.pl\/wp-content\/uploads\/2024\/05\/4-300x300.png 300w, https:\/\/hipernet.com.pl\/wp-content\/uploads\/2024\/05\/4-150x150.png 150w, https:\/\/hipernet.com.pl\/wp-content\/uploads\/2024\/05\/4-600x600.png 600w, https:\/\/hipernet.com.pl\/wp-content\/uploads\/2024\/05\/4-768x768.png 768w, https:\/\/hipernet.com.pl\/wp-content\/uploads\/2024\/05\/4-1536x1536.png 1536w, https:\/\/hipernet.com.pl\/wp-content\/uploads\/2024\/05\/4-96x96.png 96w, https:\/\/hipernet.com.pl\/wp-content\/uploads\/2024\/05\/4.png 1563w\" alt=\"kalkulator oferty Hipernet\" width=\"487\" height=\"487\" \/><figcaption class=\"wp-caption-text\">kalkulator oferty Hipernet<\/figcaption><\/figure>\n<style>\/*! elementor - v3.21.0 - 26-05-2024 *\/<br \/>.elementor-heading-title{padding:0;margin:0;line-height:1}.elementor-widget-heading .elementor-heading-title[class*=elementor-size-]>a{color:inherit;font-size:inherit;line-height:inherit}.elementor-widget-heading .elementor-heading-title.elementor-size-small{font-size:15px}.elementor-widget-heading .elementor-heading-title.elementor-size-medium{font-size:19px}.elementor-widget-heading .elementor-heading-title.elementor-size-large{font-size:29px}.elementor-widget-heading .elementor-heading-title.elementor-size-xl{font-size:39px}.elementor-widget-heading .elementor-heading-title.elementor-size-xxl{font-size:59px}<\/style>\n<h2>Generator oferty Excel<\/h2>\n<p>Wybierz konkretne produkty  <strong>chwile poczekaj<\/strong> oraz mar\u017c\u0119 jak\u0105 chcesz narzuci\u0107.<br \/>\n(Domy\u015blnie wyeksportowane zostan\u0105 wszystkie produkty z 10% mar\u017c\u0105.)<\/p>\n<p>Aby skorzysta\u0107 z kalkularota zaloguj si\u0119.<\/p>\n<style>\/*! elementor - v3.21.0 - 26-05-2024 *\/<br \/>.elementor-column .elementor-spacer-inner{height:var(--spacer-size)}.e-con{--container-widget-width:100%}.e-con-inner>.elementor-widget-spacer,.e-con>.elementor-widget-spacer{width:var(--container-widget-width,var(--spacer-size));--align-self:var(--container-widget-align-self,initial);--flex-shrink:0}.e-con-inner>.elementor-widget-spacer>.elementor-widget-container,.e-con>.elementor-widget-spacer>.elementor-widget-container{height:100%;width:100%}.e-con-inner>.elementor-widget-spacer>.elementor-widget-container>.elementor-spacer,.e-con>.elementor-widget-spacer>.elementor-widget-container>.elementor-spacer{height:100%}.e-con-inner>.elementor-widget-spacer>.elementor-widget-container>.elementor-spacer>.elementor-spacer-inner,.e-con>.elementor-widget-spacer>.elementor-widget-container>.elementor-spacer>.elementor-spacer-inner{height:var(--container-widget-height,var(--spacer-size))}.e-con-inner>.elementor-widget-spacer.elementor-widget-empty,.e-con>.elementor-widget-spacer.elementor-widget-empty{position:relative;min-height:22px;min-width:22px}.e-con-inner>.elementor-widget-spacer.elementor-widget-empty .elementor-widget-empty-icon,.e-con>.elementor-widget-spacer.elementor-widget-empty .elementor-widget-empty-icon{position:absolute;top:0;bottom:0;left:0;right:0;margin:auto;padding:0;width:22px;height:22px}<\/style>\n","protected":false},"excerpt":{"rendered":"<p>Generator oferty Excel Wybierz konkretne produkty chwile poczekaj oraz mar\u017c\u0119 jak\u0105 chcesz narzuci\u0107. (Domy\u015blnie wyeksportowane zostan\u0105 wszystkie produkty z 10% mar\u017c\u0105.)<\/p>\n","protected":false},"author":1,"featured_media":0,"parent":0,"menu_order":0,"comment_status":"closed","ping_status":"closed","template":"","meta":{"footnotes":""},"class_list":["post-1171394670","page","type-page","status-publish"],"_links":{"self":[{"href":"https:\/\/hipernet.com.pl\/lt\/wp-json\/wp\/v2\/pages\/1171394670","targetHints":{"allow":["GET"]}}],"collection":[{"href":"https:\/\/hipernet.com.pl\/lt\/wp-json\/wp\/v2\/pages"}],"about":[{"href":"https:\/\/hipernet.com.pl\/lt\/wp-json\/wp\/v2\/types\/page"}],"author":[{"embeddable":true,"href":"https:\/\/hipernet.com.pl\/lt\/wp-json\/wp\/v2\/users\/1"}],"replies":[{"embeddable":true,"href":"https:\/\/hipernet.com.pl\/lt\/wp-json\/wp\/v2\/comments?post=1171394670"}],"version-history":[{"count":1,"href":"https:\/\/hipernet.com.pl\/lt\/wp-json\/wp\/v2\/pages\/1171394670\/revisions"}],"predecessor-version":[{"id":1171394674,"href":"https:\/\/hipernet.com.pl\/lt\/wp-json\/wp\/v2\/pages\/1171394670\/revisions\/1171394674"}],"wp:attachment":[{"href":"https:\/\/hipernet.com.pl\/lt\/wp-json\/wp\/v2\/media?parent=1171394670"}],"curies":[{"name":"wp","href":"https:\/\/api.w.org\/{rel}","templated":true}]}}