{"id":1171394730,"date":"2025-10-27T07:49:11","date_gmt":"2025-10-27T07:49:11","guid":{"rendered":"https:\/\/hipernet.com.pl\/liestis\/"},"modified":"2025-11-08T06:25:41","modified_gmt":"2025-11-08T06:25:41","slug":"liestis","status":"publish","type":"page","link":"https:\/\/hipernet.com.pl\/lt\/liestis\/","title":{"rendered":"Liestis"},"content":{"rendered":"\n<div><\/div>\n\n<p class=\"gb-text\"><strong>Hipernet ribotos atsakomyb\u0117s bendrov\u0117 Komanditin\u0117 bendrija<br><\/strong><br>03-329 Var\u0161uva<br>Balkonowa 5 lok.u3 <br>El. pa\u0161tas: biuro@hipernet.com.pl<br>Tel.: + (48) 22 679 01 45<br>Pirmadieniais-penktadieniais:<br> 9:00 \u2013 16:00 <\/p>\n\n<p class=\"gb-text\"><strong>Hipernet ribotos atsakomyb\u0117s bendrov\u0117 Komanditin\u0117 bendrija<br><\/strong>Sand\u0117lis \/ gamyba <br>26-411 Rusin\u00f3w<br>Przysuska 7<br>El. pa\u0161tas: biuro@hipernet.com.pl<br>Tel: + (48) 486727187<br>Pirmadieniais-penktadieniais: <br>&nbsp;8:30 \u2013 16:00<\/p>\n","protected":false},"excerpt":{"rendered":"<p>Hipernet ribotos atsakomyb\u0117s bendrov\u0117 Komanditin\u0117 bendrija03-329 Var\u0161uvaBalkonowa 5 lok.u3 El. pa\u0161tas: biuro@hipernet.com.plTel.: + (48) 22 679 01 45Pirmadieniais-penktadieniais: 9:00 \u2013 16:00 Hipernet ribotos atsakomyb\u0117s bendrov\u0117 Komanditin\u0117 bendrijaSand\u0117lis \/ gamyba 26-411 Rusin\u00f3wPrzysuska 7El. pa\u0161tas: biuro@hipernet.com.plTel: + (48) 486727187Pirmadieniais-penktadieniais: &nbsp;8:30 \u2013 16:00<\/p>\n","protected":false},"author":1,"featured_media":0,"parent":0,"menu_order":0,"comment_status":"closed","ping_status":"closed","template":"","meta":{"footnotes":""},"class_list":["post-1171394730","page","type-page","status-publish"],"_links":{"self":[{"href":"https:\/\/hipernet.com.pl\/lt\/wp-json\/wp\/v2\/pages\/1171394730","targetHints":{"allow":["GET"]}}],"collection":[{"href":"https:\/\/hipernet.com.pl\/lt\/wp-json\/wp\/v2\/pages"}],"about":[{"href":"https:\/\/hipernet.com.pl\/lt\/wp-json\/wp\/v2\/types\/page"}],"author":[{"embeddable":true,"href":"https:\/\/hipernet.com.pl\/lt\/wp-json\/wp\/v2\/users\/1"}],"replies":[{"embeddable":true,"href":"https:\/\/hipernet.com.pl\/lt\/wp-json\/wp\/v2\/comments?post=1171394730"}],"version-history":[{"count":4,"href":"https:\/\/hipernet.com.pl\/lt\/wp-json\/wp\/v2\/pages\/1171394730\/revisions"}],"predecessor-version":[{"id":1171394843,"href":"https:\/\/hipernet.com.pl\/lt\/wp-json\/wp\/v2\/pages\/1171394730\/revisions\/1171394843"}],"wp:attachment":[{"href":"https:\/\/hipernet.com.pl\/lt\/wp-json\/wp\/v2\/media?parent=1171394730"}],"curies":[{"name":"wp","href":"https:\/\/api.w.org\/{rel}","templated":true}]}}