{"id":1171394763,"date":"2024-04-14T00:02:58","date_gmt":"2024-04-14T00:02:58","guid":{"rendered":"https:\/\/hipernet.com.pl\/motorynka-prekes-zenklo-istorija\/"},"modified":"2025-11-07T22:30:12","modified_gmt":"2025-11-07T22:30:12","slug":"motorynka-prekes-zenklo-istorija","status":"publish","type":"page","link":"https:\/\/hipernet.com.pl\/lt\/motorynka-prekes-zenklo-istorija\/","title":{"rendered":"&#8222;Motorynka&#8221; prek\u0117s \u017eenklo istorija"},"content":{"rendered":"<p>2001 metai. <strong>Lenkijos gamintoj\u0173 ir platintoj\u0173 grup\u0117 &#8222;Operatorius&#8221;<\/strong> susitikime Ku\u017ania Ko\u0142\u0142\u0105tajowska netoli B\u0142onie \u012fsteigia nacionalin\u012f kosmetikos ir automobili\u0173 chemikal\u0173 prek\u0117s \u017eenkl\u0105 &#8222;Motorynka&#8221;. Naujo Lenkijos prek\u0117s \u017eenklo koncepcijos au\u0161roje kilo id\u0117ja aplink produkt\u0105 suvienyti auk\u0161tos kokyb\u0117s Lenkijos nepriklausomus platintojus ir gamintojus. Produktas taip pat tur\u0117jo rasti savo viet\u0105 \u0161alyje esan\u010diuose ma\u017emenin\u0117s prekybos tinkluose. &#8222;Motorynka Group&#8221; veiklos laikotarpiu ji rado savo viet\u0105 lentynose, be kita ko. degalin\u0117s: BP, Jet, Gdansko naftos perdirbimo gamykla; didelio formato ir nuolaid\u0173 tinklai: &#8222;Tesco&#8221;, &#8222;Hypernowa&#8221;, &#8222;Albert&#8221;, &#8222;Plus Discount&#8221;, &#8222;Leclerc&#8221;, &#8222;Carrefour&#8221;, &#8222;Selgros&#8221;, &#8222;Obi&#8221;, &#8222;Bricomarche&#8221;. Laikui b\u0117gant, &#8222;Hipernet&#8221; \u2013 grup\u0117s nar\u0117, veikianti ma\u017emenin\u0117s prekybos tinkl\u0173 rinkoje, rinkos transformacij\u0173 pagrindu per\u0117m\u0117 nacionalin\u012f prek\u0117s \u017eenkl\u0105 ir t\u0119s\u0117 projekt\u0105 savaranki\u0161kai. &#8222;Hipernet&#8221; \u012fdarbino puikius pramon\u0117s specialistus bendradarbiauti su ja, suteikdama projektui nauj\u0105, moderni\u0105 krypt\u012f.     <\/p>\n<p>\u0160iandien <strong>&#8222;Motorynka&#8221; yra ne tik kosmetika ir automobili\u0173 chemija<\/strong>, bet ir automobili\u0173 aksesuarai bei aksesuarai \u2013 &#8222;Motorynka&#8221; yra pilnas \u0161iuolaikiniam vairuotojui reikaling\u0173 produkt\u0173 rinkinys.<\/p>\n<p>Pirkdami auk\u0161tos kokyb\u0117s &#8222;Motorynka National&#8221; prek\u0117s \u017eenklo produktus, palaikote darbo vietas Lenkijoje. J\u016bs gaunate auk\u0161\u010diausios kokyb\u0117s produkt\u0105. <\/p>\n<p>&#8222;Motorynka&#8221; yra galimyb\u0117 auk\u0161\u010diausios kokyb\u0117s lenki\u0161kiems produktams kovoti d\u0117l vietos Lenkijos rinkoje. Tai taip pat galimyb\u0117 eksportuoti produktus \u012f kaimynines rinkas. <\/p>\n<style>\/*! elementor - v3.21.0 - 26-05-2024 *\/\n.elementor-widget-image{text-align:center}.elementor-widget-image a{display:inline-block}.elementor-widget-image a img[src$=\".svg\"]{width:48px}.elementor-widget-image img{vertical-align:middle;display:inline-block}<\/style>\n<p>\t\t\t\t\t\t\t\t\t\t<img loading=\"lazy\" decoding=\"async\" width=\"300\" height=\"54\" src=\"https:\/\/hipernet.com.pl\/wp-content\/uploads\/2024\/04\/Motorynka-1.jpg\" alt=\"\" srcset=\"https:\/\/hipernet.com.pl\/wp-content\/uploads\/2024\/04\/Motorynka-1.jpg 300w, https:\/\/hipernet.com.pl\/wp-content\/uploads\/2024\/04\/Motorynka-1-150x27.jpg 150w\" sizes=\"auto, (max-width: 300px) 100vw, 300px\">\t\t\t\t\t\t\t\t\t\t\t\t\t<\/p>\n<p>&#8222;Motorynka&#8221; yra produktas, kuris gerbia pardavimo sri\u010di\u0173, kuriose dirbate, ribas. &#8222;Motorynka&#8221; yra i\u0161tikimas verslo partneris. <\/p>\n","protected":false},"excerpt":{"rendered":"<p>2001 metai. Lenkijos gamintoj\u0173 ir platintoj\u0173 grup\u0117 &#8222;Operatorius&#8221; susitikime Ku\u017ania Ko\u0142\u0142\u0105tajowska netoli B\u0142onie \u012fsteigia nacionalin\u012f kosmetikos ir automobili\u0173 chemikal\u0173 prek\u0117s \u017eenkl\u0105 &#8222;Motorynka&#8221;. Naujo Lenkijos prek\u0117s \u017eenklo koncepcijos au\u0161roje kilo id\u0117ja aplink produkt\u0105 suvienyti auk\u0161tos kokyb\u0117s Lenkijos nepriklausomus platintojus ir gamintojus. Produktas taip pat tur\u0117jo rasti savo viet\u0105 \u0161alyje esan\u010diuose ma\u017emenin\u0117s prekybos tinkluose. &#8222;Motorynka Group&#8221; veiklos &#8230; <\/p>\n<p class=\"read-more-container\"><a title=\"&#8222;Motorynka&#8221; prek\u0117s \u017eenklo istorija\" class=\"read-more button\" href=\"https:\/\/hipernet.com.pl\/lt\/motorynka-prekes-zenklo-istorija\/#more-1171394763\" aria-label=\"Read more about &#8222;Motorynka&#8221; prek\u0117s \u017eenklo istorija\">Read more<\/a><\/p>\n","protected":false},"author":1,"featured_media":0,"parent":0,"menu_order":0,"comment_status":"closed","ping_status":"closed","template":"","meta":{"footnotes":""},"class_list":["post-1171394763","page","type-page","status-publish"],"_links":{"self":[{"href":"https:\/\/hipernet.com.pl\/lt\/wp-json\/wp\/v2\/pages\/1171394763","targetHints":{"allow":["GET"]}}],"collection":[{"href":"https:\/\/hipernet.com.pl\/lt\/wp-json\/wp\/v2\/pages"}],"about":[{"href":"https:\/\/hipernet.com.pl\/lt\/wp-json\/wp\/v2\/types\/page"}],"author":[{"embeddable":true,"href":"https:\/\/hipernet.com.pl\/lt\/wp-json\/wp\/v2\/users\/1"}],"replies":[{"embeddable":true,"href":"https:\/\/hipernet.com.pl\/lt\/wp-json\/wp\/v2\/comments?post=1171394763"}],"version-history":[{"count":1,"href":"https:\/\/hipernet.com.pl\/lt\/wp-json\/wp\/v2\/pages\/1171394763\/revisions"}],"predecessor-version":[{"id":1171394765,"href":"https:\/\/hipernet.com.pl\/lt\/wp-json\/wp\/v2\/pages\/1171394763\/revisions\/1171394765"}],"wp:attachment":[{"href":"https:\/\/hipernet.com.pl\/lt\/wp-json\/wp\/v2\/media?parent=1171394763"}],"curies":[{"name":"wp","href":"https:\/\/api.w.org\/{rel}","templated":true}]}}