{"id":1171394873,"date":"2025-10-27T07:49:11","date_gmt":"2025-10-27T07:49:11","guid":{"rendered":"https:\/\/hipernet.com.pl\/duk\/"},"modified":"2025-11-08T09:37:42","modified_gmt":"2025-11-08T09:37:42","slug":"duk","status":"publish","type":"page","link":"https:\/\/hipernet.com.pl\/lt\/duk\/","title":{"rendered":"DUK"},"content":{"rendered":"<div class=\"container\">\n<section class=\"section\" aria-labelledby=\"faq-tytul\">\n<div class=\"card\">\n<div class=\"kicker\">Da\u017enai u\u017eduodami klausimai<\/div>\n<h2 id=\"faq-tytul\">DUK<\/h2>\n<details>\n<summary>Ar j\u016bs\u0173 gaminiai atitinka saugos standartus?<\/summary>\n<p>Taip. M\u016bs\u0173 produktai yra auk\u0161tos kokyb\u0117s ir atitinka galiojan\u010dius saugos standartus, o tai rei\u0161kia j\u0173 efektyvum\u0105. <\/p>\n<\/details>\n<details>\n<summary>Koks yra gamybos laikas?<\/summary>\n<p>Priklausomai nuo u\u017esakymo tipo \u2013 standarti\u0161kai iki <strong>10 darbo dien\u0173<\/strong>.<\/p>\n<\/details>\n<details>\n<summary>Ar teikiate pagalb\u0105 po pardavimo?<\/summary>\n<p>Taip, kiekvienas klientas turi prieig\u0105 prie technin\u0117s ir materialin\u0117s pagalbos po pirkimo.<\/p>\n<\/details>\n<details>\n<summary>Ar siun\u010diate pavyzd\u017eius?<\/summary>\n<p>Taip, papra\u0161ius siun\u010diame pavyzd\u017eius kokybei \u012fvertinti.<\/p>\n<\/details>\n<details>\n<summary>Kokius mok\u0117jimo b\u016bdus priimate?<\/summary>\n<p>\u012evairios mok\u0117jimo formos \u2013 s\u0105lygas pritaikome prie B2B kliento poreiki\u0173.<\/p>\n<\/details>\n<\/div>\n<\/section>\n<\/div>\n","protected":false},"excerpt":{"rendered":"<p>Da\u017enai u\u017eduodami klausimai DUK Ar j\u016bs\u0173 gaminiai atitinka saugos standartus? Taip. M\u016bs\u0173 produktai yra auk\u0161tos kokyb\u0117s ir atitinka galiojan\u010dius saugos standartus, o tai rei\u0161kia j\u0173 efektyvum\u0105. Koks yra gamybos laikas? Priklausomai nuo u\u017esakymo tipo \u2013 standarti\u0161kai iki 10 darbo dien\u0173. Ar teikiate pagalb\u0105 po pardavimo? Taip, kiekvienas klientas turi prieig\u0105 prie technin\u0117s ir materialin\u0117s pagalbos &#8230; <\/p>\n<p class=\"read-more-container\"><a title=\"DUK\" class=\"read-more button\" href=\"https:\/\/hipernet.com.pl\/lt\/duk\/#more-1171394873\" aria-label=\"Read more about DUK\">Read more<\/a><\/p>\n","protected":false},"author":1,"featured_media":0,"parent":0,"menu_order":0,"comment_status":"closed","ping_status":"closed","template":"","meta":{"footnotes":""},"class_list":["post-1171394873","page","type-page","status-publish"],"_links":{"self":[{"href":"https:\/\/hipernet.com.pl\/lt\/wp-json\/wp\/v2\/pages\/1171394873","targetHints":{"allow":["GET"]}}],"collection":[{"href":"https:\/\/hipernet.com.pl\/lt\/wp-json\/wp\/v2\/pages"}],"about":[{"href":"https:\/\/hipernet.com.pl\/lt\/wp-json\/wp\/v2\/types\/page"}],"author":[{"embeddable":true,"href":"https:\/\/hipernet.com.pl\/lt\/wp-json\/wp\/v2\/users\/1"}],"replies":[{"embeddable":true,"href":"https:\/\/hipernet.com.pl\/lt\/wp-json\/wp\/v2\/comments?post=1171394873"}],"version-history":[{"count":1,"href":"https:\/\/hipernet.com.pl\/lt\/wp-json\/wp\/v2\/pages\/1171394873\/revisions"}],"predecessor-version":[{"id":1171394877,"href":"https:\/\/hipernet.com.pl\/lt\/wp-json\/wp\/v2\/pages\/1171394873\/revisions\/1171394877"}],"wp:attachment":[{"href":"https:\/\/hipernet.com.pl\/lt\/wp-json\/wp\/v2\/media?parent=1171394873"}],"curies":[{"name":"wp","href":"https:\/\/api.w.org\/{rel}","templated":true}]}}