{"id":1171394573,"date":"2024-04-14T01:23:06","date_gmt":"2024-04-14T01:23:06","guid":{"rendered":"https:\/\/hipernet.com.pl\/etichete-private\/"},"modified":"2025-11-15T04:19:00","modified_gmt":"2025-11-15T04:19:00","slug":"etichete-private","status":"publish","type":"page","link":"https:\/\/hipernet.com.pl\/ro\/etichete-private\/","title":{"rendered":"Etichete private"},"content":{"rendered":"<p><!-- ===== HIPERNET: PRIVATE LABEL \u2013 GUTENBERG (PL) ===== --><\/p>\n<p><!-- HERO --><\/p>\n\n<div class=\"wp-block-group alignfull has-background\" style=\"background-color:#f1f1f1;padding-top:40px;padding-bottom:40px\"><div class=\"wp-block-group__inner-container is-layout-constrained wp-block-group-is-layout-constrained\">\n<div class=\"wp-block-group\"><div class=\"wp-block-group__inner-container is-layout-constrained wp-container-core-group-is-layout-48c9aa2a wp-block-group-is-layout-constrained\">\n<div class=\"wp-block-columns are-vertically-aligned-center is-layout-flex wp-container-core-columns-is-layout-00a7dfc8 wp-block-columns-is-layout-flex\">\n<div class=\"wp-block-column is-vertically-aligned-center is-layout-flow wp-block-column-is-layout-flow\">\n<p class=\"has-black-color has-text-color has-background\" style=\"background-color:#e6e6e6;padding-top:6px;padding-right:12px;padding-bottom:6px;padding-left:12px;font-size:12px;font-style:normal;font-weight:700;letter-spacing:.2px\"><\/p>\n\n\n\n<h1 class=\"wp-block-heading has-black-color has-text-color\" style=\"margin-top:8px;margin-bottom:8px;font-size:48px;font-style:normal;font-weight:800;line-height:1.15\">Vom realiza produse sub eticheta <em>dvs<\/em> .<\/h1>\n\n\n\n<p style=\"font-size:18px;line-height:1.6\">Un serviciu cuprinz\u0103tor de fabricare a etichetei private: de la dezvoltarea produsului, la proiectarea etichetelor \u0219i selectarea ambalajelor, p\u00e2n\u0103 la controlul calit\u0103\u021bii certificat <strong>ISO 9001:2015<\/strong>.<\/p>\n\n\n\n<div class=\"wp-block-buttons is-layout-flex wp-block-buttons-is-layout-flex\">\n<div class=\"wp-block-button is-style-fill\"><a class=\"wp-block-button__link has-vivid-red-background-color has-background wp-element-button\" href=\"#kontakt\" style=\"border-radius:8px;font-style:normal;font-weight:700\">Solicita\u021bi o ofert\u0103<\/a><\/div>\n\n\n\n<div class=\"wp-block-button is-style-outline is-style-outline--1\"><a class=\"wp-block-button__link has-border-color wp-element-button\" href=\"#faq\" style=\"border-color:#1a1a1a;border-width:2px;border-radius:8px\">Cum func\u021bioneaz\u0103?<\/a><\/div>\n<\/div>\n\n\n\n<div class=\"wp-block-group has-border-color\" style=\"border-color:#dcdcdc;border-width:1px;border-radius:12px;padding-top:18px;padding-right:20px;padding-bottom:18px;padding-left:20px\"><div class=\"wp-block-group__inner-container is-layout-flow wp-block-group-is-layout-flow\">\n<div class=\"wp-block-columns is-layout-flex wp-container-core-columns-is-layout-f0ef66cd wp-block-columns-is-layout-flex\">\n<div class=\"wp-block-column is-layout-flow wp-block-column-is-layout-flow\">\n<h3 class=\"wp-block-heading has-vivid-red-color has-text-color\" style=\"font-size:28px;font-weight:800\">1:1<\/h3>\n\n\n\n<p style=\"font-size:14px;line-height:1.4\">Colaborare de proiect<\/p>\n<\/div>\n\n\n\n<div class=\"wp-block-column is-layout-flow wp-block-column-is-layout-flow\">\n<h3 class=\"wp-block-heading has-vivid-red-color has-text-color\" style=\"font-size:28px;font-weight:800\">ISO<\/h3>\n\n\n\n<p style=\"font-size:14px;line-height:1.4\">9001:2015<\/p>\n<\/div>\n\n\n\n<div class=\"wp-block-column is-layout-flow wp-block-column-is-layout-flow\">\n<h3 class=\"wp-block-heading has-vivid-red-color has-text-color\" style=\"font-size:28px;font-weight:800\">100%<\/h3>\n\n\n\n<p style=\"font-size:14px;line-height:1.4\">Marca clientului<\/p>\n<\/div>\n<\/div>\n\n\n\n<p style=\"margin-top:12px;font-size:14px\">De la concept la produsul finit \u2013 cu control deplin asupra brandingului.<\/p>\n<\/div><\/div>\n<\/div>\n<\/div>\n<\/div><\/div>\n<\/div><\/div>\n<p><!-- KORZY\u015aCI --><\/p>\n\n<div id=\"korzysci\" class=\"wp-block-group\"><div class=\"wp-block-group__inner-container is-layout-constrained wp-container-core-group-is-layout-48c9aa2a wp-block-group-is-layout-constrained\">\n<h2 class=\"wp-block-heading\">De ce merit\u0103 s\u0103 paria\u021bi pe Private Label cu Hipernet<\/h2>\n\n\n\n<div class=\"wp-block-columns is-layout-flex wp-container-core-columns-is-layout-3200dbe6 wp-block-columns-is-layout-flex\">\n<div class=\"wp-block-column is-layout-flow wp-block-column-is-layout-flow\">\n<div class=\"wp-block-group has-border-color\" style=\"border-color:#dedede;border-width:1px;border-radius:12px;padding-top:16px;padding-right:16px;padding-bottom:16px;padding-left:16px\"><div class=\"wp-block-group__inner-container is-layout-flow wp-block-group-is-layout-flow\">\n<h3 class=\"wp-block-heading\">Controlul m\u0103rcii<\/h3>\n\n\n\n<ul class=\"wp-block-list is-style-default\">\n<li>Construie\u0219ti recunoa\u0219terea \u0219i decizi fiecare detaliu.<\/li>\n\n\n\n<li>Pozi\u021bionare \u0219i imagine consecvente pe raft.<\/li>\n<\/ul>\n<\/div><\/div>\n<\/div>\n\n\n\n<div class=\"wp-block-column is-layout-flow wp-block-column-is-layout-flow\">\n<div class=\"wp-block-group has-border-color\" style=\"border-color:#dedede;border-width:1px;border-radius:12px;padding-top:16px;padding-right:16px;padding-bottom:16px;padding-left:16px\"><div class=\"wp-block-group__inner-container is-layout-flow wp-block-group-is-layout-flow\">\n<h3 class=\"wp-block-heading\">Marj\u0103 mai mare<\/h3>\n\n\n\n<ul class=\"wp-block-list\">\n<li>Profitabilitate mai bun\u0103 dec\u00e2t v\u00e2nzarea m\u0103rcilor altora.<\/li>\n\n\n\n<li>Volume \u0219i costuri flexibile.<\/li>\n<\/ul>\n<\/div><\/div>\n<\/div>\n\n\n\n<div class=\"wp-block-column is-layout-flow wp-block-column-is-layout-flow\">\n<div class=\"wp-block-group has-border-color\" style=\"border-color:#dedede;border-width:1px;border-radius:12px;padding-top:16px;padding-right:16px;padding-bottom:16px;padding-left:16px\"><div class=\"wp-block-group__inner-container is-layout-flow wp-block-group-is-layout-flow\">\n<h3 class=\"wp-block-heading\">Fidelizare<\/h3>\n\n\n\n<ul class=\"wp-block-list\">\n<li>Etichet\u0103 privat\u0103 puternic\u0103 = achizi\u021bii repetate.<\/li>\n\n\n\n<li>Un control mai bun al experien\u021bei clien\u021bilor.<\/li>\n<\/ul>\n<\/div><\/div>\n<\/div>\n\n\n\n<div class=\"wp-block-column is-layout-flow wp-block-column-is-layout-flow\">\n<div class=\"wp-block-group has-border-color\" style=\"border-color:#dedede;border-width:1px;border-radius:12px;padding-top:16px;padding-right:16px;padding-bottom:16px;padding-left:16px\"><div class=\"wp-block-group__inner-container is-layout-flow wp-block-group-is-layout-flow\">\n<h3 class=\"wp-block-heading\">Potrivirea ofertei<\/h3>\n\n\n\n<ul class=\"wp-block-list\">\n<li>Un produs conceput pentru nevoile grupului t\u0103u \u021bint\u0103.<\/li>\n\n\n\n<li>Re\u021bete, formate \u0219i variante individuale.<\/li>\n<\/ul>\n<\/div><\/div>\n<\/div>\n<\/div>\n<\/div><\/div>\n<p><!-- PROJEKT I OPAKOWANIE --><\/p>\n\n<div class=\"wp-block-group\"><div class=\"wp-block-group__inner-container is-layout-constrained wp-container-core-group-is-layout-48c9aa2a wp-block-group-is-layout-constrained\">\n<h2 class=\"wp-block-heading\">Designul etichetelor \u0219i selectarea ambalajului<\/h2>\n\n\n\n<div class=\"wp-block-group has-border-color\" style=\"border-color:#dedede;border-width:1px;border-radius:12px;padding-top:16px;padding-right:16px;padding-bottom:16px;padding-left:16px\"><div class=\"wp-block-group__inner-container is-layout-flow wp-block-group-is-layout-flow\">\n<p>La cererea clientului, <strong>proiect\u0103m etichete<\/strong>, <strong>select\u0103m ambalaje<\/strong> \u0219i preg\u0103tim materiale grafice complete. \u00cendeplinim a\u0219tept\u0103rile \u00een ceea ce prive\u0219te propriet\u0103\u021bile, calitatea \u0219i estetica produselor. Suntem <strong>flexibili \u0219i creativi<\/strong> \u2013 de la concept la produsul finit.  <\/p>\n<\/div><\/div>\n<\/div><\/div>\n<p><!-- JAKO\u015a\u0106 \/ ISO --><\/p>\n\n<div class=\"wp-block-group\"><div class=\"wp-block-group__inner-container is-layout-constrained wp-container-core-group-is-layout-48c9aa2a wp-block-group-is-layout-constrained\">\n<h2 class=\"wp-block-heading\">Calitate certificat\u0103<\/h2>\n\n\n\n<div class=\"wp-block-columns is-layout-flex wp-container-core-columns-is-layout-27d3582e wp-block-columns-is-layout-flex\">\n<div class=\"wp-block-column has-background is-layout-flow wp-block-column-is-layout-flow\" style=\"background-color:#d13616;flex-basis:6px\"><\/div>\n\n\n\n<div class=\"wp-block-column is-layout-flow wp-block-column-is-layout-flow\">\n<div class=\"wp-block-group has-border-color\" style=\"border-color:#dedede;border-width:1px;border-radius:12px;padding-top:16px;padding-right:16px;padding-bottom:16px;padding-left:16px\"><div class=\"wp-block-group__inner-container is-layout-flow wp-block-group-is-layout-flow\">\n<p>&#8222;Credibilitatea eforturilor noastre de a oferi servicii de \u00eenalt\u0103 calitate, \u00eendeplinind cerin\u021bele \u00een continu\u0103 cre\u0219tere ale clien\u021bilor no\u0219tri, se bazeaz\u0103 pe sisteme de management al calit\u0103\u021bii dovedite \u00een conformitate cu <strong>standardul ISO 9001:2015<\/strong>.&#8221;<\/p>\n\n\n\n<p style=\"font-style:normal;font-weight:700\">Zdzis\u0142aw Oracz<br\/><span class=\"has-contrast-2-color has-text-color\">Pre\u0219edinte al Consiliului de Administra\u021bie al Hipernet Sp. z o.o.<\/span><\/p>\n<\/div><\/div>\n<\/div>\n<\/div>\n<\/div><\/div>\n<p><!-- FAQ --><\/p>\n\n<div id=\"faq\" class=\"wp-block-group\"><div class=\"wp-block-group__inner-container is-layout-constrained wp-container-core-group-is-layout-48c9aa2a wp-block-group-is-layout-constrained\">\n<h2 class=\"wp-block-heading\">Cum func\u021bioneaz\u0103 \u2013 \u00eentreb\u0103ri frecvente<\/h2>\n\n\n\n<div class=\"wp-block-columns is-layout-flex wp-container-core-columns-is-layout-9d6595d7 wp-block-columns-is-layout-flex\">\n<div class=\"wp-block-column is-layout-flow wp-block-column-is-layout-flow\">\n<details class=\"wp-block-details is-layout-flow wp-block-details-is-layout-flow\"><summary>C\u00e2t dureaz\u0103 lansarea primei serii?<\/summary>\n<p>De obicei, 4-8 s\u0103pt\u0103m\u00e2ni dup\u0103 ce sunt acceptate specifica\u021biile \u0219i designul etichetei. Calendarul depinde de disponibilitatea materiilor prime \u0219i a ambalajelor. <\/p>\n<\/details>\n<\/div>\n\n\n\n<div class=\"wp-block-column is-layout-flow wp-block-column-is-layout-flow\">\n<details class=\"wp-block-details is-layout-flow wp-block-details-is-layout-flow\"><summary>Po\u021bi proiecta o identitate vizual\u0103?<\/summary>\n<p>Da. Preg\u0103tim etichete, fi\u0219e de produse \u0219i materiale de marketing \u00een concordan\u021b\u0103 cu marca dvs. <\/p>\n<\/details>\n<\/div>\n\n\n\n<div class=\"wp-block-column is-layout-flow wp-block-column-is-layout-flow\">\n<details class=\"wp-block-details is-layout-flow wp-block-details-is-layout-flow\"><summary>Efectua\u021bi teste de serie \/ pia\u021b\u0103 mai scurte?<\/summary>\n<p>Da. Oferim volume flexibile \u2013 de la produc\u021bie pilot la produc\u021bie complet\u0103. <\/p>\n<\/details>\n<\/div>\n<\/div>\n<\/div><\/div>\n<p><!-- KONTAKT --><\/p>\n\n<div id=\"kontakt\" class=\"wp-block-group\"><div class=\"wp-block-group__inner-container is-layout-constrained wp-container-core-group-is-layout-48c9aa2a wp-block-group-is-layout-constrained\">\n<h2 class=\"wp-block-heading\">S\u0103 vorbim despre marca ta<\/h2>\n\n\n\n<div class=\"wp-block-group has-border-color\" style=\"border-color:#dedede;border-width:1px;border-radius:12px;padding-top:16px;padding-right:16px;padding-bottom:16px;padding-left:16px\"><div class=\"wp-block-group__inner-container is-layout-flow wp-block-group-is-layout-flow\">\n<p>Descrie\u021bi produsul de care ave\u021bi nevoie (tip, variante, volum planificat). V\u0103 vom contacta cu o propunere \u0219i un program. <\/p>\n\n\n\n<div class=\"wp-block-buttons is-layout-flex wp-block-buttons-is-layout-flex\">\n<div class=\"wp-block-button\"><a class=\"wp-block-button__link has-vivid-red-background-color has-background wp-element-button\" href=\"mailto:biuro@hipernet.com.pl?subject=Interogare%20Private%20Label\" style=\"border-radius:8px;font-style:normal;font-weight:700\">Scrie-ne<\/a><\/div>\n\n\n\n<div class=\"wp-block-button is-style-outline is-style-outline--2\"><a class=\"wp-block-button__link has-border-color wp-element-button\" href=\"tel:+48226790145\" style=\"border-color:#1a1a1a;border-width:2px;border-radius:8px\">Sun\u0103: +48 22 679 01 45<\/a><\/div>\n<\/div>\n<\/div><\/div>\n<\/div><\/div>\n<p><!-- CTA STOPKA --><\/p>\n\n<div class=\"wp-block-group\" style=\"margin-top:24px\"><div class=\"wp-block-group__inner-container is-layout-constrained wp-container-core-group-is-layout-d47ae597 wp-block-group-is-layout-constrained\">\n<div class=\"wp-block-buttons is-content-justification-center is-layout-flex wp-container-core-buttons-is-layout-0e1542cd wp-block-buttons-is-layout-flex\">\n<div class=\"wp-block-button\"><a class=\"wp-block-button__link has-vivid-red-background-color has-background wp-element-button\" href=\"#kontakt\" style=\"border-radius:8px;font-style:normal;font-weight:700\">Face\u021bi o anchet\u0103<\/a><\/div>\n\n\n\n<div class=\"wp-block-button is-style-outline is-style-outline--3\"><a class=\"wp-block-button__link has-border-color wp-element-button\" href=\"#beneficii\" style=\"border-color:#1a1a1a;border-width:2px;border-radius:8px\">Vezi beneficiile<\/a><\/div>\n<\/div>\n<\/div><\/div>\n\n<p><\/p>\n","protected":false},"excerpt":{"rendered":"<p>Vom realiza produse sub eticheta dvs . Un serviciu cuprinz\u0103tor de fabricare a etichetei private: de la dezvoltarea produsului, la proiectarea etichetelor \u0219i selectarea ambalajelor, p\u00e2n\u0103 la controlul calit\u0103\u021bii certificat ISO 9001:2015. 1:1 Colaborare de proiect ISO 9001:2015 100% Marca clientului De la concept la produsul finit \u2013 cu control deplin asupra brandingului. De ce &#8230; <\/p>\n<p class=\"read-more-container\"><a title=\"Etichete private\" class=\"read-more button\" href=\"https:\/\/hipernet.com.pl\/ro\/etichete-private\/#more-1171394573\" aria-label=\"Cite\u0219te mai multe despre Etichete private\">Read more<\/a><\/p>\n","protected":false},"author":1,"featured_media":0,"parent":0,"menu_order":0,"comment_status":"closed","ping_status":"closed","template":"","meta":{"footnotes":""},"class_list":["post-1171394573","page","type-page","status-publish"],"_links":{"self":[{"href":"https:\/\/hipernet.com.pl\/ro\/wp-json\/wp\/v2\/pages\/1171394573","targetHints":{"allow":["GET"]}}],"collection":[{"href":"https:\/\/hipernet.com.pl\/ro\/wp-json\/wp\/v2\/pages"}],"about":[{"href":"https:\/\/hipernet.com.pl\/ro\/wp-json\/wp\/v2\/types\/page"}],"author":[{"embeddable":true,"href":"https:\/\/hipernet.com.pl\/ro\/wp-json\/wp\/v2\/users\/1"}],"replies":[{"embeddable":true,"href":"https:\/\/hipernet.com.pl\/ro\/wp-json\/wp\/v2\/comments?post=1171394573"}],"version-history":[{"count":3,"href":"https:\/\/hipernet.com.pl\/ro\/wp-json\/wp\/v2\/pages\/1171394573\/revisions"}],"predecessor-version":[{"id":1171394945,"href":"https:\/\/hipernet.com.pl\/ro\/wp-json\/wp\/v2\/pages\/1171394573\/revisions\/1171394945"}],"wp:attachment":[{"href":"https:\/\/hipernet.com.pl\/ro\/wp-json\/wp\/v2\/media?parent=1171394573"}],"curies":[{"name":"wp","href":"https:\/\/api.w.org\/{rel}","templated":true}]}}