{"id":1171394620,"date":"2024-04-13T21:23:54","date_gmt":"2024-04-13T21:23:54","guid":{"rendered":"https:\/\/hipernet.com.pl\/politica-de-calitate\/"},"modified":"2025-11-07T12:20:13","modified_gmt":"2025-11-07T12:20:13","slug":"politica-de-calitate","status":"publish","type":"page","link":"https:\/\/hipernet.com.pl\/ro\/politica-de-calitate\/","title":{"rendered":"Politica de calitate"},"content":{"rendered":"<style>\/*! elementor - v3.21.0 - 26-05-2024 *\/<br \/>\n.elementor-heading-title{padding:0;margin:0;line-height:1}.elementor-widget-heading .elementor-heading-title[class*=elementor-size-]>a{color:inherit;font-size:inherit;line-height:inherit}.elementor-widget-heading .elementor-heading-title.elementor-size-small{font-size:15px}.elementor-widget-heading .elementor-heading-title.elementor-size-medium{font-size:19px}.elementor-widget-heading .elementor-heading-title.elementor-size-large{font-size:29px}.elementor-widget-heading .elementor-heading-title.elementor-size-xl{font-size:39px}.elementor-widget-heading .elementor-heading-title.elementor-size-xxl{font-size:59px}<\/style>\n<h2 data-start=\"237\" data-end=\"277\"><strong data-start=\"240\" data-end=\"277\">Angajamentul nostru fa\u021b\u0103 de clien\u021bii no\u0219tri<\/strong><\/h2>\n<p data-start=\"278\" data-end=\"584\">La <strong data-start=\"287\" data-end=\"317\">Hipernet Sp. z o.o. Sp. K.<\/strong> , credem c\u0103 calitatea \u00eenalt\u0103 este cheia \u00eencrederii \u0219i a cooper\u0103rii pe termen lung. Scopul nostru principal este <strong data-start=\"422\" data-end=\"460\">de a cre\u0219te continuu satisfac\u021bia clien\u021bilor<\/strong> prin furnizarea de produse care \u00eendeplinesc cele mai \u00eenalte standarde de eficacitate, siguran\u021b\u0103 \u0219i fiabilitate. <\/p>\n<h2 data-start=\"586\" data-end=\"626\"><strong data-start=\"589\" data-end=\"626\">Obiectivele \u0219i ipotezele politicii de calitate<\/strong><\/h2>\n<p data-start=\"627\" data-end=\"801\">Ca parte a Politicii de calitate adoptate, ne str\u0103duim s\u0103 \u00eembun\u0103t\u0103\u021bim continuu toate procesele de produc\u021bie, organiza\u021bionale \u0219i de management. Principalele ipoteze ale politicii noastre sunt: <\/p>\n<ul data-start=\"803\" data-end=\"1516\">\n<li data-start=\"803\" data-end=\"957\">\n<p data-start=\"805\" data-end=\"957\"><strong data-start=\"805\" data-end=\"860\">Identificarea corect\u0103 a nevoilor \u0219i a\u0219tept\u0103rilor clien\u021bilor<\/strong> \u2013 analiz\u0103m activ pia\u021ba \u0219i adapt\u0103m oferta la cerin\u021bele \u00een schimbare ale utilizatorilor.<\/p>\n<\/li>\n<li data-start=\"958\" data-end=\"1114\">\n<p data-start=\"960\" data-end=\"1114\"><strong data-start=\"960\" data-end=\"1029\">Livrarea de produse care ne satisfac pe deplin clien\u021bii<\/strong> \u2013 asigur\u0103m o calitate repetabil\u0103 \u0219i conformitatea cu standardele ISO 9001:2015 aplicabile.<\/p>\n<\/li>\n<li data-start=\"1115\" data-end=\"1268\">\n<p data-start=\"1117\" data-end=\"1268\"><strong data-start=\"1117\" data-end=\"1185\">Echilibru optim \u00eentre calitate, timp de livrare \u0219i cost<\/strong> \u2013 avem grij\u0103 de eficien\u021ba proceselor pentru a oferi produse competitive \u0219i fiabile.<\/p>\n<\/li>\n<li data-start=\"1269\" data-end=\"1407\">\n<p data-start=\"1271\" data-end=\"1407\"><strong data-start=\"1271\" data-end=\"1329\">\u00cembun\u0103t\u0103\u021birea sistematic\u0103 a calit\u0103\u021bii produselor \u0219i proceselor<\/strong> \u2013 introducem inova\u021bii tehnologice \u0219i control\u0103m fiecare etap\u0103 a produc\u021biei.<\/p>\n<\/li>\n<li data-start=\"1408\" data-end=\"1516\">\n<p data-start=\"1410\" data-end=\"1516\"><strong data-start=\"1410\" data-end=\"1444\">Grija pentru mediul natural<\/strong> \u2013 minimiz\u0103m pierderile \u0219i de\u0219eurile prin implementarea de solu\u021bii pro-ecologice.<\/p>\n<\/li>\n<\/ul>\n<h2 data-start=\"1518\" data-end=\"1545\"><strong data-start=\"1521\" data-end=\"1545\">Obliga\u021biile consiliului de administra\u021bie<\/strong><\/h2>\n<p data-start=\"1546\" data-end=\"1636\">Pentru a implementa \u00een mod eficient obiectivele Politicii de calitate, Consiliul de Administra\u021bie al Hipernet se angajeaz\u0103 s\u0103:<\/p>\n<ul data-start=\"1638\" data-end=\"1994\">\n<li data-start=\"1638\" data-end=\"1715\">\n<p data-start=\"1640\" data-end=\"1715\">recunosc\u00e2nd principiile politicii de calitate ca <strong data-start=\"1674\" data-end=\"1712\">element de baz\u0103 al strategiei companiei<\/strong>,<\/p>\n<\/li>\n<li data-start=\"1716\" data-end=\"1828\">\n<p data-start=\"1718\" data-end=\"1828\"><strong data-start=\"1718\" data-end=\"1757\">asigurarea resurselor adecvate<\/strong> \u0219i a mijloacelor tehnice necesare pentru atingerea obiectivelor de calitate;<\/p>\n<\/li>\n<li data-start=\"1829\" data-end=\"1913\">\n<p data-start=\"1831\" data-end=\"1913\"><strong data-start=\"1831\" data-end=\"1871\">motivarea \u0219i sprijinirea angaja\u021bilor<\/strong> \u00een domeniul responsabilit\u0103\u021bii calit\u0103\u021bii,<\/p>\n<\/li>\n<li data-start=\"1914\" data-end=\"1994\">\n<p data-start=\"1916\" data-end=\"1994\">monitorizarea continu\u0103 a eficacit\u0103\u021bii proceselor implementate \u0219i \u00eembun\u0103t\u0103\u021birea acestora.<\/p>\n<\/li>\n<\/ul>\n<h2 data-start=\"1996\" data-end=\"2022\"><strong data-start=\"1999\" data-end=\"2022\">Misiunea noastr\u0103 de calitate<\/strong><\/h2>\n<p data-start=\"2023\" data-end=\"2335\">Scopul activit\u0103\u021bii Hipernet este <strong data-start=\"2062\" data-end=\"2151\">de a men\u021bine \u0219i dezvolta pozi\u021bia de produc\u0103tor de \u00eencredere de produse chimice tehnice \u0219i auto<\/strong>, oferind clien\u021bilor produse cu cea mai mare valoare de utilitate.<br data-start=\"2219\" data-end=\"2222\">Ne str\u0103duim s\u0103 ne asigur\u0103m c\u0103 <strong data-start=\"2241\" data-end=\"2278\">calitatea, siguran\u021ba \u0219i \u00eencrederea<\/strong> stau la baza fiec\u0103rei rela\u021bii cu clien\u021bii no\u0219tri.<\/p>\n","protected":false},"excerpt":{"rendered":"<p>Angajamentul nostru fa\u021b\u0103 de clien\u021bii no\u0219tri La Hipernet Sp. z o.o. Sp. K. , credem c\u0103 calitatea \u00eenalt\u0103 este cheia \u00eencrederii \u0219i a cooper\u0103rii pe termen lung. Scopul nostru principal este de a cre\u0219te continuu satisfac\u021bia clien\u021bilor prin furnizarea de produse care \u00eendeplinesc cele mai \u00eenalte standarde de eficacitate, siguran\u021b\u0103 \u0219i fiabilitate. Obiectivele \u0219i ipotezele &#8230; <\/p>\n<p class=\"read-more-container\"><a title=\"Politica de calitate\" class=\"read-more button\" href=\"https:\/\/hipernet.com.pl\/ro\/politica-de-calitate\/#more-1171394620\" aria-label=\"Cite\u0219te mai multe despre Politica de calitate\">Read more<\/a><\/p>\n","protected":false},"author":1,"featured_media":0,"parent":0,"menu_order":0,"comment_status":"closed","ping_status":"closed","template":"","meta":{"footnotes":""},"class_list":["post-1171394620","page","type-page","status-publish"],"_links":{"self":[{"href":"https:\/\/hipernet.com.pl\/ro\/wp-json\/wp\/v2\/pages\/1171394620","targetHints":{"allow":["GET"]}}],"collection":[{"href":"https:\/\/hipernet.com.pl\/ro\/wp-json\/wp\/v2\/pages"}],"about":[{"href":"https:\/\/hipernet.com.pl\/ro\/wp-json\/wp\/v2\/types\/page"}],"author":[{"embeddable":true,"href":"https:\/\/hipernet.com.pl\/ro\/wp-json\/wp\/v2\/users\/1"}],"replies":[{"embeddable":true,"href":"https:\/\/hipernet.com.pl\/ro\/wp-json\/wp\/v2\/comments?post=1171394620"}],"version-history":[{"count":1,"href":"https:\/\/hipernet.com.pl\/ro\/wp-json\/wp\/v2\/pages\/1171394620\/revisions"}],"predecessor-version":[{"id":1171394622,"href":"https:\/\/hipernet.com.pl\/ro\/wp-json\/wp\/v2\/pages\/1171394620\/revisions\/1171394622"}],"wp:attachment":[{"href":"https:\/\/hipernet.com.pl\/ro\/wp-json\/wp\/v2\/media?parent=1171394620"}],"curies":[{"name":"wp","href":"https:\/\/api.w.org\/{rel}","templated":true}]}}