{"id":1171394753,"date":"2024-04-14T00:02:58","date_gmt":"2024-04-14T00:02:58","guid":{"rendered":"https:\/\/hipernet.com.pl\/istoria-marcii-motorynka\/"},"modified":"2025-11-07T22:30:05","modified_gmt":"2025-11-07T22:30:05","slug":"istoria-marcii-motorynka","status":"publish","type":"page","link":"https:\/\/hipernet.com.pl\/ro\/istoria-marcii-motorynka\/","title":{"rendered":"Istoria m\u0103rcii Motorynka"},"content":{"rendered":"<p>Anul este 2001. <strong>Grupul de produc\u0103tori \u0219i distribuitori polonezi &#8222;Operator&#8221;<\/strong> la o \u00eent\u00e2lnire \u00een Ku\u017ania Ko\u0142\u0142\u0105tajowska l\u00e2ng\u0103 B\u0142onie \u00eenfiin\u021beaz\u0103 marca na\u021bional\u0103 de produse cosmetice \u0219i produse chimice auto Motorynka. \u00cen zorii conceptului unui nou brand polonez, a existat ideea de a uni distribuitori \u0219i produc\u0103tori independen\u021bi polonezi de \u00eenalt\u0103 calitate \u00een jurul produsului. Produsul trebuia s\u0103-\u0219i g\u0103seasc\u0103 locul \u0219i \u00een lan\u021burile de v\u00e2nzare cu am\u0103nuntul situate \u00een \u021bar\u0103. \u00cen perioada activit\u0103\u021bii Grupului Motorynka, acesta \u0219i-a g\u0103sit locul pe rafturile, printre altele. benzin\u0103rii: BP, Jet, Rafin\u0103ria Gda\u0144sk; lan\u021buri de format mare \u0219i reduceri: Tesco, Hypernowa, Albert, Plus Discount, Leclerc, Carrefour, Selgros, Obi, Bricomarche. De-a lungul timpului, Hipernet \u2013 membr\u0103 a Grupului care opereaz\u0103 pe pia\u021ba lan\u021bului de retail \u2013 a preluat brandul na\u021bional pe baza transform\u0103rilor pie\u021bei, continu\u00e2nd proiectul pe cont propriu. Hipernet a recrutat speciali\u0219ti excelen\u021bi din industrie pentru a coopera cu acesta, oferind proiectului o direc\u021bie nou\u0103, modern\u0103.     <\/p>\n<p>Ast\u0103zi, <strong>Motorynka nu este doar produse cosmetice \u0219i produse chimice auto<\/strong>, ci \u0219i accesorii \u0219i accesorii auto \u2013 Motorynka este un set complet de produse necesare pentru un \u0219ofer modern.<\/p>\n<p>Cump\u0103r\u00e2nd produse de \u00eenalt\u0103 calitate ale m\u0103rcii na\u021bionale Motorynka, sus\u021bine\u021bi locurile de munc\u0103 poloneze. Ob\u021bine\u021bi un produs de cea mai \u00eenalt\u0103 calitate. <\/p>\n<p>Motorynka este o oportunitate pentru produsele poloneze de cea mai \u00eenalt\u0103 calitate \u00een lupta pentru un loc pe pia\u021ba polonez\u0103. Este, de asemenea, o oportunitate de a exporta produse pe pie\u021bele vecine. <\/p>\n<style>\/*! elementor - v3.21.0 - 26-05-2024 *\/\n.elementor-widget-image{text-align:center}.elementor-widget-image a{display:inline-block}.elementor-widget-image a img[src$=\".svg\"]{width:48px}.elementor-widget-image img{vertical-align:middle;display:inline-block}<\/style>\n<p>\t\t\t\t\t\t\t\t\t\t<img loading=\"lazy\" decoding=\"async\" width=\"300\" height=\"54\" src=\"https:\/\/hipernet.com.pl\/wp-content\/uploads\/2024\/04\/Motorynka-1.jpg\" alt=\"\" srcset=\"https:\/\/hipernet.com.pl\/wp-content\/uploads\/2024\/04\/Motorynka-1.jpg 300w, https:\/\/hipernet.com.pl\/wp-content\/uploads\/2024\/04\/Motorynka-1-150x27.jpg 150w\" sizes=\"auto, (max-width: 300px) 100vw, 300px\">\t\t\t\t\t\t\t\t\t\t\t\t\t<\/p>\n<p>Motorynka este un produs care respect\u0103 limitele zonelor de v\u00e2nzare \u00een care lucra\u021bi. Motorynka este un partener de afaceri loial. <\/p>\n","protected":false},"excerpt":{"rendered":"<p>Anul este 2001. Grupul de produc\u0103tori \u0219i distribuitori polonezi &#8222;Operator&#8221; la o \u00eent\u00e2lnire \u00een Ku\u017ania Ko\u0142\u0142\u0105tajowska l\u00e2ng\u0103 B\u0142onie \u00eenfiin\u021beaz\u0103 marca na\u021bional\u0103 de produse cosmetice \u0219i produse chimice auto Motorynka. \u00cen zorii conceptului unui nou brand polonez, a existat ideea de a uni distribuitori \u0219i produc\u0103tori independen\u021bi polonezi de \u00eenalt\u0103 calitate \u00een jurul produsului. Produsul trebuia &#8230; <\/p>\n<p class=\"read-more-container\"><a title=\"Istoria m\u0103rcii Motorynka\" class=\"read-more button\" href=\"https:\/\/hipernet.com.pl\/ro\/istoria-marcii-motorynka\/#more-1171394753\" aria-label=\"Cite\u0219te mai multe despre Istoria m\u0103rcii Motorynka\">Read more<\/a><\/p>\n","protected":false},"author":1,"featured_media":0,"parent":0,"menu_order":0,"comment_status":"closed","ping_status":"closed","template":"","meta":{"footnotes":""},"class_list":["post-1171394753","page","type-page","status-publish"],"_links":{"self":[{"href":"https:\/\/hipernet.com.pl\/ro\/wp-json\/wp\/v2\/pages\/1171394753","targetHints":{"allow":["GET"]}}],"collection":[{"href":"https:\/\/hipernet.com.pl\/ro\/wp-json\/wp\/v2\/pages"}],"about":[{"href":"https:\/\/hipernet.com.pl\/ro\/wp-json\/wp\/v2\/types\/page"}],"author":[{"embeddable":true,"href":"https:\/\/hipernet.com.pl\/ro\/wp-json\/wp\/v2\/users\/1"}],"replies":[{"embeddable":true,"href":"https:\/\/hipernet.com.pl\/ro\/wp-json\/wp\/v2\/comments?post=1171394753"}],"version-history":[{"count":1,"href":"https:\/\/hipernet.com.pl\/ro\/wp-json\/wp\/v2\/pages\/1171394753\/revisions"}],"predecessor-version":[{"id":1171394757,"href":"https:\/\/hipernet.com.pl\/ro\/wp-json\/wp\/v2\/pages\/1171394753\/revisions\/1171394757"}],"wp:attachment":[{"href":"https:\/\/hipernet.com.pl\/ro\/wp-json\/wp\/v2\/media?parent=1171394753"}],"curies":[{"name":"wp","href":"https:\/\/api.w.org\/{rel}","templated":true}]}}