{"id":1171394884,"date":"2025-10-27T07:49:11","date_gmt":"2025-10-27T07:49:11","guid":{"rendered":"https:\/\/hipernet.com.pl\/faq\/"},"modified":"2025-11-08T09:38:01","modified_gmt":"2025-11-08T09:38:01","slug":"faq","status":"publish","type":"page","link":"https:\/\/hipernet.com.pl\/ro\/faq\/","title":{"rendered":"FAQ"},"content":{"rendered":"<div class=\"container\">\n<section class=\"section\" aria-labelledby=\"faq-tytul\">\n<div class=\"card\">\n<div class=\"kicker\">\u00centreb\u0103ri frecvente<\/div>\n<h2 id=\"faq-tytul\">FAQ<\/h2>\n<details>\n<summary>Produsele dumneavoastr\u0103 \u00eendeplinesc standardele de siguran\u021b\u0103?<\/summary>\n<p>Da. Produsele noastre sunt de \u00eenalt\u0103 calitate \u0219i \u00eendeplinesc standardele de siguran\u021b\u0103 aplicabile, ceea ce se traduce prin eficacitatea lor. <\/p>\n<\/details>\n<details>\n<summary>Care este timpul de produc\u021bie?<\/summary>\n<p>\u00cen func\u021bie de tipul de comand\u0103 \u2013 p\u00e2n\u0103 la <strong>10 zile lucr\u0103toare<\/strong> standard.<\/p>\n<\/details>\n<details>\n<summary>Oferi\u021bi asisten\u021b\u0103 post-v\u00e2nzare?<\/summary>\n<p>Da, fiecare client are acces la asisten\u021b\u0103 tehnic\u0103 \u0219i material\u0103 dup\u0103 cump\u0103rare.<\/p>\n<\/details>\n<details>\n<summary>Trimite\u021bi mostre?<\/summary>\n<p>Da, trimitem mostre pentru evaluarea calit\u0103\u021bii la cerere.<\/p>\n<\/details>\n<details>\n<summary>Ce metode de plat\u0103 accepta\u021bi?<\/summary>\n<p>Diverse forme de plat\u0103 \u2013 ajust\u0103m condi\u021biile la nevoile clientului B2B.<\/p>\n<\/details>\n<\/div>\n<\/section>\n<\/div>\n","protected":false},"excerpt":{"rendered":"<p>\u00centreb\u0103ri frecvente FAQ Produsele dumneavoastr\u0103 \u00eendeplinesc standardele de siguran\u021b\u0103? Da. Produsele noastre sunt de \u00eenalt\u0103 calitate \u0219i \u00eendeplinesc standardele de siguran\u021b\u0103 aplicabile, ceea ce se traduce prin eficacitatea lor. Care este timpul de produc\u021bie? \u00cen func\u021bie de tipul de comand\u0103 \u2013 p\u00e2n\u0103 la 10 zile lucr\u0103toare standard. Oferi\u021bi asisten\u021b\u0103 post-v\u00e2nzare? Da, fiecare client are acces &#8230; <\/p>\n<p class=\"read-more-container\"><a title=\"FAQ\" class=\"read-more button\" href=\"https:\/\/hipernet.com.pl\/ro\/faq\/#more-1171394884\" aria-label=\"Cite\u0219te mai multe despre FAQ\">Read more<\/a><\/p>\n","protected":false},"author":1,"featured_media":0,"parent":0,"menu_order":0,"comment_status":"closed","ping_status":"closed","template":"","meta":{"footnotes":""},"class_list":["post-1171394884","page","type-page","status-publish"],"_links":{"self":[{"href":"https:\/\/hipernet.com.pl\/ro\/wp-json\/wp\/v2\/pages\/1171394884","targetHints":{"allow":["GET"]}}],"collection":[{"href":"https:\/\/hipernet.com.pl\/ro\/wp-json\/wp\/v2\/pages"}],"about":[{"href":"https:\/\/hipernet.com.pl\/ro\/wp-json\/wp\/v2\/types\/page"}],"author":[{"embeddable":true,"href":"https:\/\/hipernet.com.pl\/ro\/wp-json\/wp\/v2\/users\/1"}],"replies":[{"embeddable":true,"href":"https:\/\/hipernet.com.pl\/ro\/wp-json\/wp\/v2\/comments?post=1171394884"}],"version-history":[{"count":1,"href":"https:\/\/hipernet.com.pl\/ro\/wp-json\/wp\/v2\/pages\/1171394884\/revisions"}],"predecessor-version":[{"id":1171394889,"href":"https:\/\/hipernet.com.pl\/ro\/wp-json\/wp\/v2\/pages\/1171394884\/revisions\/1171394889"}],"wp:attachment":[{"href":"https:\/\/hipernet.com.pl\/ro\/wp-json\/wp\/v2\/media?parent=1171394884"}],"curies":[{"name":"wp","href":"https:\/\/api.w.org\/{rel}","templated":true}]}}