{"id":1171394454,"date":"2020-12-27T04:47:10","date_gmt":"2020-12-27T04:47:10","guid":{"rendered":"https:\/\/hipernet.com.pl\/cart\/"},"modified":"2025-11-06T06:19:47","modified_gmt":"2025-11-06T06:19:47","slug":"cart","status":"publish","type":"page","link":"https:\/\/hipernet.com.pl\/sk\/cart\/","title":{"rendered":"Cart"},"content":{"rendered":"\n<div data-block-name=\"woocommerce\/cart\" class=\"wp-block-woocommerce-cart alignwide is-loading\">\n<div data-block-name=\"woocommerce\/filled-cart-block\" class=\"wp-block-woocommerce-filled-cart-block\">\n<div data-block-name=\"woocommerce\/cart-items-block\" class=\"wp-block-woocommerce-cart-items-block\">\n<div data-block-name=\"woocommerce\/cart-line-items-block\" class=\"wp-block-woocommerce-cart-line-items-block\"><\/div>\n\n\n<\/div>\n\n\n\n\n<div data-block-name=\"woocommerce\/cart-totals-block\" class=\"wp-block-woocommerce-cart-totals-block\">\n<div data-block-name=\"woocommerce\/cart-order-summary-block\" class=\"wp-block-woocommerce-cart-order-summary-block\">\n<div data-block-name=\"woocommerce\/cart-order-summary-heading-block\" class=\"wp-block-woocommerce-cart-order-summary-heading-block\"><\/div><div data-block-name=\"woocommerce\/cart-order-summary-coupon-form-block\" class=\"wp-block-woocommerce-cart-order-summary-coupon-form-block\"><\/div><div data-block-name=\"woocommerce\/cart-order-summary-totals-block\" class=\"wp-block-woocommerce-cart-order-summary-totals-block\">\n<div data-block-name=\"woocommerce\/cart-order-summary-subtotal-block\" class=\"wp-block-woocommerce-cart-order-summary-subtotal-block\"><\/div>\n<div data-block-name=\"woocommerce\/cart-order-summary-discount-block\" class=\"wp-block-woocommerce-cart-order-summary-discount-block\"><\/div>\n<div data-block-name=\"woocommerce\/cart-order-summary-fee-block\" class=\"wp-block-woocommerce-cart-order-summary-fee-block\"><\/div>\n<div data-block-name=\"woocommerce\/cart-order-summary-shipping-block\" class=\"wp-block-woocommerce-cart-order-summary-shipping-block\"><\/div>\n<div data-block-name=\"woocommerce\/cart-order-summary-taxes-block\" class=\"wp-block-woocommerce-cart-order-summary-taxes-block\"><\/div><\/div>\n<\/div>\n\n\n\n<div data-block-name=\"woocommerce\/cart-express-payment-block\" class=\"wp-block-woocommerce-cart-express-payment-block\"><\/div>\n\n\n\n<div data-block-name=\"woocommerce\/proceed-to-checkout-block\" class=\"wp-block-woocommerce-proceed-to-checkout-block\"><\/div>\n<div id=\"ppcp-recaptcha-v2-container\" style=\"margin:20px 0;\"><\/div>\n\n\n<div data-block-name=\"woocommerce\/cart-accepted-payment-methods-block\" class=\"wp-block-woocommerce-cart-accepted-payment-methods-block\"><\/div>\n<\/div>\n<\/div>\n\n\n\n<div data-block-name=\"woocommerce\/empty-cart-block\" class=\"wp-block-woocommerce-empty-cart-block\">\n<h2 class=\"wp-block-heading has-text-align-center with-empty-cart-icon wc-block-cart__empty-cart__title\">Your cart is currently empty!<\/h2>\n\n\n\n<hr class=\"wp-block-separator has-alpha-channel-opacity is-style-dots\"\/>\n\n\n\n<h2 class=\"wp-block-heading has-text-align-center\">New in store<\/h2>\n\n\n<div data-block-name=\"woocommerce\/product-new\" data-columns=\"4\" data-rows=\"1\" class=\"wc-block-grid wp-block-product-new wp-block-woocommerce-product-new wc-block-product-new has-4-columns\"><ul class=\"wc-block-grid__products\"><li class=\"wc-block-grid__product\">\n\t\t\t\t<a href=\"https:\/\/hipernet.com.pl\/sk\/produkt\/sampon-s-voskom-1000ml-motorynka\/\" class=\"wc-block-grid__product-link\">\n\t\t\t\t\t<div class=\"wc-block-grid__product-onsale\">\n\t\t\t<span aria-hidden=\"true\">Z\u013eava<\/span>\n\t\t\t<span class=\"screen-reader-text\">Z\u013eavnen\u00fd produkt<\/span>\n\t\t<\/div>\n\t\t\t\t\t<div class=\"wc-block-grid__product-image\"><img loading=\"lazy\" decoding=\"async\" width=\"300\" height=\"300\" src=\"https:\/\/hipernet.com.pl\/wp-content\/uploads\/2025\/10\/8478b1b7558239f910e497d2919b96e5-300x300.jpg\" class=\"attachment-woocommerce_thumbnail size-woocommerce_thumbnail\" alt=\"a84ef8485b75257e86f681ceee57bab8\" srcset=\"https:\/\/hipernet.com.pl\/wp-content\/uploads\/2025\/10\/8478b1b7558239f910e497d2919b96e5-300x300.jpg 300w, https:\/\/hipernet.com.pl\/wp-content\/uploads\/2025\/10\/8478b1b7558239f910e497d2919b96e5-100x100.jpg 100w, https:\/\/hipernet.com.pl\/wp-content\/uploads\/2025\/10\/8478b1b7558239f910e497d2919b96e5-600x600.jpg 600w, https:\/\/hipernet.com.pl\/wp-content\/uploads\/2025\/10\/8478b1b7558239f910e497d2919b96e5-1024x1024.jpg 1024w, https:\/\/hipernet.com.pl\/wp-content\/uploads\/2025\/10\/8478b1b7558239f910e497d2919b96e5-150x150.jpg 150w, https:\/\/hipernet.com.pl\/wp-content\/uploads\/2025\/10\/8478b1b7558239f910e497d2919b96e5-768x768.jpg 768w, https:\/\/hipernet.com.pl\/wp-content\/uploads\/2025\/10\/8478b1b7558239f910e497d2919b96e5.jpg 1500w\" sizes=\"auto, (max-width: 300px) 100vw, 300px\" \/><\/div>\n\t\t\t\t\t<div class=\"wc-block-grid__product-title\">\u0160amp\u00f3n s voskom 1000ml (Motorynka)<\/div>\n\t\t\t\t<\/a>\n\t\t\t\t<div class=\"wc-block-grid__product-price price\"><del aria-hidden=\"true\"><span class=\"woocommerce-Price-amount amount\">4,99&nbsp;<span class=\"woocommerce-Price-currencySymbol\">&#122;&#322;<\/span><\/span><\/del> <span class=\"screen-reader-text\">P\u00f4vodn\u00e1 cena bola: 4,99&nbsp;&#122;&#322;.<\/span><ins aria-hidden=\"true\"><span class=\"woocommerce-Price-amount amount\">4,59&nbsp;<span class=\"woocommerce-Price-currencySymbol\">&#122;&#322;<\/span><\/span><\/ins><span class=\"screen-reader-text\">Aktu\u00e1lna cena je: 4,59&nbsp;&#122;&#322;.<\/span><\/div>\n\t\t\t\t\n\t\t\t\t<div class=\"wp-block-button wc-block-grid__product-add-to-cart\"><a href=\"\/sk\/wp-json\/wp\/v2\/pages\/1171394454?add-to-cart=1171394785\" aria-label=\"Prida\u0165 do ko\u0161\u00edka: \u201e\u0160amp\u00f3n s voskom 1000ml (Motorynka)\u201c\" data-quantity=\"1\" data-product_id=\"1171394785\" data-product_sku=\"220171\" data-price=\"4.59\" rel=\"nofollow\" class=\"wp-block-button__link  add_to_cart_button ajax_add_to_cart\">Prida\u0165 do ko\u0161\u00edka<\/a><\/div>\n\t\t\t<\/li><\/ul><\/div><\/div>\n<\/div>\n","protected":false},"excerpt":{"rendered":"","protected":false},"author":1,"featured_media":0,"parent":0,"menu_order":0,"comment_status":"closed","ping_status":"closed","template":"","meta":{"footnotes":""},"class_list":["post-1171394454","page","type-page","status-publish"],"_links":{"self":[{"href":"https:\/\/hipernet.com.pl\/sk\/wp-json\/wp\/v2\/pages\/1171394454","targetHints":{"allow":["GET"]}}],"collection":[{"href":"https:\/\/hipernet.com.pl\/sk\/wp-json\/wp\/v2\/pages"}],"about":[{"href":"https:\/\/hipernet.com.pl\/sk\/wp-json\/wp\/v2\/types\/page"}],"author":[{"embeddable":true,"href":"https:\/\/hipernet.com.pl\/sk\/wp-json\/wp\/v2\/users\/1"}],"replies":[{"embeddable":true,"href":"https:\/\/hipernet.com.pl\/sk\/wp-json\/wp\/v2\/comments?post=1171394454"}],"version-history":[{"count":0,"href":"https:\/\/hipernet.com.pl\/sk\/wp-json\/wp\/v2\/pages\/1171394454\/revisions"}],"wp:attachment":[{"href":"https:\/\/hipernet.com.pl\/sk\/wp-json\/wp\/v2\/media?parent=1171394454"}],"curies":[{"name":"wp","href":"https:\/\/api.w.org\/{rel}","templated":true}]}}