{"id":1171394608,"date":"2024-04-13T21:23:54","date_gmt":"2024-04-13T21:23:54","guid":{"rendered":"https:\/\/hipernet.com.pl\/politika-kvality\/"},"modified":"2025-11-07T12:19:58","modified_gmt":"2025-11-07T12:19:58","slug":"politika-kvality","status":"publish","type":"page","link":"https:\/\/hipernet.com.pl\/sk\/politika-kvality\/","title":{"rendered":"Politika kvality"},"content":{"rendered":"<style>\/*! elementor - v3.21.0 - 26-05-2024 *\/<br \/>\n.elementor-heading-title{padding:0;margin:0;line-height:1}.elementor-widget-heading .elementor-heading-title[class*=elementor-size-]>a{color:inherit;font-size:inherit;line-height:inherit}.elementor-widget-heading .elementor-heading-title.elementor-size-small{font-size:15px}.elementor-widget-heading .elementor-heading-title.elementor-size-medium{font-size:19px}.elementor-widget-heading .elementor-heading-title.elementor-size-large{font-size:29px}.elementor-widget-heading .elementor-heading-title.elementor-size-xl{font-size:39px}.elementor-widget-heading .elementor-heading-title.elementor-size-xxl{font-size:59px}<\/style>\n<h2 data-start=\"237\" data-end=\"277\"><strong data-start=\"240\" data-end=\"277\">N\u00e1\u0161 z\u00e1v\u00e4zok vo\u010di na\u0161im z\u00e1kazn\u00edkom<\/strong><\/h2>\n<p data-start=\"278\" data-end=\"584\">V <strong data-start=\"287\" data-end=\"317\">spolo\u010dnosti Hipernet Sp. z o.o. Sp. K.<\/strong> ver\u00edme, \u017ee vysok\u00e1 kvalita je k\u013e\u00fa\u010dom k d\u00f4vere a dlhodobej spolupr\u00e1ci. Na\u0161\u00edm prim\u00e1rnym cie\u013eom je <strong data-start=\"422\" data-end=\"460\">neust\u00e1le zvy\u0161ova\u0165 spokojnos\u0165 z\u00e1kazn\u00edkov<\/strong> poskytovan\u00edm produktov, ktor\u00e9 sp\u013a\u0148aj\u00fa najvy\u0161\u0161ie \u0161tandardy \u00fa\u010dinnosti, bezpe\u010dnosti a spo\u013eahlivosti. <\/p>\n<h2 data-start=\"586\" data-end=\"626\"><strong data-start=\"589\" data-end=\"626\">Ciele a predpoklady politiky kvality<\/strong><\/h2>\n<p data-start=\"627\" data-end=\"801\">V r\u00e1mci prijatej Politiky kvality sa sna\u017e\u00edme o neust\u00e1le zlep\u0161ovanie v\u0161etk\u00fdch v\u00fdrobn\u00fdch, organiza\u010dn\u00fdch a riadiacich procesov. Hlavn\u00e9 predpoklady na\u0161ej politiky s\u00fa: <\/p>\n<ul data-start=\"803\" data-end=\"1516\">\n<li data-start=\"803\" data-end=\"957\">\n<p data-start=\"805\" data-end=\"957\"><strong data-start=\"805\" data-end=\"860\">Spr\u00e1vna identifik\u00e1cia potrieb a o\u010dak\u00e1van\u00ed z\u00e1kazn\u00edkov<\/strong> \u2013 akt\u00edvne analyzujeme trh a prisp\u00f4sobujeme ponuku meniacim sa po\u017eiadavk\u00e1m pou\u017e\u00edvate\u013eov.<\/p>\n<\/li>\n<li data-start=\"958\" data-end=\"1114\">\n<p data-start=\"960\" data-end=\"1114\"><strong data-start=\"960\" data-end=\"1029\">Dod\u00e1vame produkty, ktor\u00e9 plne uspokojuj\u00fa na\u0161ich z\u00e1kazn\u00edkov<\/strong> \u2013 zabezpe\u010dujeme opakovate\u013en\u00fa kvalitu a s\u00falad s platn\u00fdmi normami ISO 9001:2015.<\/p>\n<\/li>\n<li data-start=\"1115\" data-end=\"1268\">\n<p data-start=\"1117\" data-end=\"1268\"><strong data-start=\"1117\" data-end=\"1185\">Optim\u00e1lna rovnov\u00e1ha medzi kvalitou, dodac\u00edm \u010dasom a n\u00e1kladmi<\/strong> \u2013 star\u00e1me sa o efektivitu procesov, aby sme mohli pon\u00faka\u0165 konkurencieschopn\u00e9 a spo\u013eahliv\u00e9 produkty.<\/p>\n<\/li>\n<li data-start=\"1269\" data-end=\"1407\">\n<p data-start=\"1271\" data-end=\"1407\"><strong data-start=\"1271\" data-end=\"1329\">Systematick\u00e9 zlep\u0161ovanie kvality v\u00fdrobkov a procesov<\/strong> \u2013 zav\u00e1dzame technologick\u00e9 inov\u00e1cie a kontrolujeme ka\u017ed\u00fa f\u00e1zu v\u00fdroby.<\/p>\n<\/li>\n<li data-start=\"1408\" data-end=\"1516\">\n<p data-start=\"1410\" data-end=\"1516\"><strong data-start=\"1410\" data-end=\"1444\">Starostlivos\u0165 o \u017eivotn\u00e9 prostredie<\/strong> \u2013 minimalizujeme straty a odpad implement\u00e1ciou proekologick\u00fdch rie\u0161en\u00ed.<\/p>\n<\/li>\n<\/ul>\n<h2 data-start=\"1518\" data-end=\"1545\"><strong data-start=\"1521\" data-end=\"1545\">Povinnosti spr\u00e1vnej rady<\/strong><\/h2>\n<p data-start=\"1546\" data-end=\"1636\">Za \u00fa\u010delom efekt\u00edvnej implement\u00e1cie cie\u013eov Politiky kvality sa Spr\u00e1vna rada spolo\u010dnosti Hipernet zav\u00e4zuje:<\/p>\n<ul data-start=\"1638\" data-end=\"1994\">\n<li data-start=\"1638\" data-end=\"1715\">\n<p data-start=\"1640\" data-end=\"1715\">uznanie princ\u00edpov Politiky kvality ako <strong data-start=\"1674\" data-end=\"1712\">z\u00e1kladn\u00e9ho prvku strat\u00e9gie spolo\u010dnosti<\/strong>,<\/p>\n<\/li>\n<li data-start=\"1716\" data-end=\"1828\">\n<p data-start=\"1718\" data-end=\"1828\"><strong data-start=\"1718\" data-end=\"1757\">zabezpe\u010denie primeran\u00fdch zdrojov<\/strong> a technick\u00fdch prostriedkov potrebn\u00fdch na dosiahnutie cie\u013eov kvality,<\/p>\n<\/li>\n<li data-start=\"1829\" data-end=\"1913\">\n<p data-start=\"1831\" data-end=\"1913\"><strong data-start=\"1831\" data-end=\"1871\">motiv\u00e1cia a podpora zamestnancov<\/strong> v oblasti zodpovednosti za kvalitu,<\/p>\n<\/li>\n<li data-start=\"1914\" data-end=\"1994\">\n<p data-start=\"1916\" data-end=\"1994\">priebe\u017en\u00e9 sledovanie efekt\u00edvnosti implementovan\u00fdch procesov a ich zlep\u0161ovanie.<\/p>\n<\/li>\n<\/ul>\n<h2 data-start=\"1996\" data-end=\"2022\"><strong data-start=\"1999\" data-end=\"2022\">Na\u0161a misia kvality<\/strong><\/h2>\n<p data-start=\"2023\" data-end=\"2335\">Cie\u013eom \u010dinnosti spolo\u010dnosti Hipernet je <strong data-start=\"2062\" data-end=\"2151\">udr\u017eiava\u0165 a rozv\u00edja\u0165 poz\u00edciu spo\u013eahliv\u00e9ho v\u00fdrobcu technick\u00fdch a automobilov\u00fdch chemik\u00e1li\u00ed<\/strong>, ktor\u00fd z\u00e1kazn\u00edkom poskytuje produkty s najvy\u0161\u0161ou \u00fa\u017eitkovou hodnotou.<br data-start=\"2219\" data-end=\"2222\">Sna\u017e\u00edme sa zabezpe\u010di\u0165 <strong data-start=\"2241\" data-end=\"2278\">, aby kvalita, bezpe\u010dnos\u0165 a d\u00f4vera boli<\/strong> z\u00e1kladom ka\u017ed\u00e9ho vz\u0165ahu s na\u0161imi z\u00e1kazn\u00edkmi.<\/p>\n","protected":false},"excerpt":{"rendered":"<p>N\u00e1\u0161 z\u00e1v\u00e4zok vo\u010di na\u0161im z\u00e1kazn\u00edkom V spolo\u010dnosti Hipernet Sp. z o.o. Sp. K. ver\u00edme, \u017ee vysok\u00e1 kvalita je k\u013e\u00fa\u010dom k d\u00f4vere a dlhodobej spolupr\u00e1ci. Na\u0161\u00edm prim\u00e1rnym cie\u013eom je neust\u00e1le zvy\u0161ova\u0165 spokojnos\u0165 z\u00e1kazn\u00edkov poskytovan\u00edm produktov, ktor\u00e9 sp\u013a\u0148aj\u00fa najvy\u0161\u0161ie \u0161tandardy \u00fa\u010dinnosti, bezpe\u010dnosti a spo\u013eahlivosti. Ciele a predpoklady politiky kvality V r\u00e1mci prijatej Politiky kvality sa sna\u017e\u00edme o &#8230; <\/p>\n<p class=\"read-more-container\"><a title=\"Politika kvality\" class=\"read-more button\" href=\"https:\/\/hipernet.com.pl\/sk\/politika-kvality\/#more-1171394608\" aria-label=\"Pre\u010d\u00edtajte si viac o Politika kvality\">Read more<\/a><\/p>\n","protected":false},"author":1,"featured_media":0,"parent":0,"menu_order":0,"comment_status":"closed","ping_status":"closed","template":"","meta":{"footnotes":""},"class_list":["post-1171394608","page","type-page","status-publish"],"_links":{"self":[{"href":"https:\/\/hipernet.com.pl\/sk\/wp-json\/wp\/v2\/pages\/1171394608","targetHints":{"allow":["GET"]}}],"collection":[{"href":"https:\/\/hipernet.com.pl\/sk\/wp-json\/wp\/v2\/pages"}],"about":[{"href":"https:\/\/hipernet.com.pl\/sk\/wp-json\/wp\/v2\/types\/page"}],"author":[{"embeddable":true,"href":"https:\/\/hipernet.com.pl\/sk\/wp-json\/wp\/v2\/users\/1"}],"replies":[{"embeddable":true,"href":"https:\/\/hipernet.com.pl\/sk\/wp-json\/wp\/v2\/comments?post=1171394608"}],"version-history":[{"count":1,"href":"https:\/\/hipernet.com.pl\/sk\/wp-json\/wp\/v2\/pages\/1171394608\/revisions"}],"predecessor-version":[{"id":1171394610,"href":"https:\/\/hipernet.com.pl\/sk\/wp-json\/wp\/v2\/pages\/1171394608\/revisions\/1171394610"}],"wp:attachment":[{"href":"https:\/\/hipernet.com.pl\/sk\/wp-json\/wp\/v2\/media?parent=1171394608"}],"curies":[{"name":"wp","href":"https:\/\/api.w.org\/{rel}","templated":true}]}}