{"id":1171394632,"date":"2025-11-06T13:31:48","date_gmt":"2025-11-06T13:31:48","guid":{"rendered":"https:\/\/hipernet.com.pl\/o-nas\/"},"modified":"2025-11-07T16:22:36","modified_gmt":"2025-11-07T16:22:36","slug":"o-nas","status":"publish","type":"page","link":"https:\/\/hipernet.com.pl\/sk\/o-nas\/","title":{"rendered":"O n\u00e1s"},"content":{"rendered":"\n<p>Po\u013esk\u00e1 spolo\u010dnos\u0165 s trad\u00edciou a z\u00e1sadami<\/p>\n\n<p>Hipernet je po\u013esk\u00e1 spolo\u010dnos\u0165 so s\u00eddlom vo Var\u0161ave, ktor\u00e1 p\u00f4sob\u00ed od roku 2001. Od sam\u00e9ho za\u010diatku sme sa zameriavali na spo\u013eahlivos\u0165, kvalitu a partnersk\u00e9 vz\u0165ahy. Nesledujeme trendy \u2013 rob\u00edme to, \u010do vieme najlep\u0161ie: vyr\u00e1bame a distribuujeme priemyseln\u00e9 chemik\u00e1lie, automobilov\u00e9 chemik\u00e1lie, automobilov\u00e9 pr\u00edslu\u0161enstvo a grilovacie potreby.<br\/>Sme osved\u010den\u00fdm B2B partnerom, ktor\u00fd obsluhuje maloobchodn\u00e9 re\u0165azce, ve\u013ekoobchodn\u00edkov a spolo\u010dnosti z automobilov\u00e9ho priemyslu a v\u0161eobecn\u00e9ho priemyslu v celom Po\u013esku.  <\/p>\n\n<hr class=\"wp-block-separator has-alpha-channel-opacity\"\/>\n\n<p>\u010co rob\u00edme<\/p>\n\n<p>U\u017e roky rozv\u00edjame na\u0161u ponuku technick\u00fdch, automobilov\u00fdch a sez\u00f3nnych produktov a db\u00e1me na to, aby ka\u017ed\u00e1 \u0161ar\u017ea sp\u013a\u0148ala najvy\u0161\u0161ie \u0161tandardy kvality.<br\/>Na\u0161a ponuka zah\u0155\u0148a okrem in\u00e9ho:<\/p>\n\n<ul class=\"wp-block-list\">\n<li><strong>chemik\u00e1lie pre automobily<\/strong> \u2013 kvapaliny, vosky, \u010distiace prostriedky, kozmetika pre automobily,<\/li>\n\n\n\n<li><strong>technick\u00e1 ch\u00e9mia<\/strong> \u2013 maziv\u00e1, silik\u00f3ny, oleje, konzerva\u010dn\u00e9 l\u00e1tky,<\/li>\n\n\n\n<li><strong>pr\u00edslu\u0161enstvo do \u00e1ut <\/strong>\u2013 \u0161pongie, kefy, osvie\u017eova\u010de vzduchu, utierky a vybavenie dieln\u00ed,<\/li>\n\n\n\n<li><strong>grilovacie potreb<\/strong>y \u2013 brikety, podpa\u013eova\u010de, kvapaliny a podpa\u013eovacie kocky, grilovacie pr\u00edslu\u0161enstvo, ro\u0161ty a hlin\u00edkov\u00e9 t\u00e1cky.<\/li>\n<\/ul>\n\n<p>Dod\u00e1vame produkty pod na\u0161ou vlastnou zna\u010dkou Hipernet a vytv\u00e1rame aj produktov\u00e9 rady pre sie\u0165ov\u00fdch z\u00e1kazn\u00edkov a distrib\u00fatorov.<\/p>\n\n<hr class=\"wp-block-separator has-alpha-channel-opacity\"\/>\n\n<p>Partner, na ktor\u00e9ho sa m\u00f4\u017eete spo\u013eahn\u00fa\u0165<\/p>\n\n<p>Nie sme bezduch\u00e1 korpor\u00e1cia. P\u00f4sob\u00edme v Po\u013esku \u2013 s re\u0161pektom k na\u0161ej pr\u00e1ci a na\u0161im partnerom. Na\u0161e vz\u0165ahy so z\u00e1kazn\u00edkmi s\u00fa zalo\u017een\u00e9 na d\u00f4vere, v\u010dasnosti a transparentnosti.<br\/>Pozn\u00e1me realitu trhu, preto prisp\u00f4sobujeme na\u0161u ponuku potreb\u00e1m ve\u013ekoobchodn\u00fdch z\u00e1kazn\u00edkov, maloobchodn\u00fdch re\u0165azcov a maloobchodn\u00edkov.<br\/>Ak h\u013ead\u00e1te <g id=\"gid_0\">spo\u013eahliv\u00e9ho dod\u00e1vate\u013ea automobilovej ch\u00e9mie, automobilov\u00e9ho pr\u00edslu\u0161enstva alebo grilovac\u00edch produktov<\/g>, ktor\u00fd rozumie v\u00e1\u0161mu podnikaniu, ste na spr\u00e1vnom mieste.  <\/p>\n\n<hr class=\"wp-block-separator has-alpha-channel-opacity\"\/>\n\n<p>Nasze atuty<\/p>\n\n<p><strong>Po\u013esk\u00e1 spolo\u010dnos\u0165 so sk\u00fasenos\u0165ami<\/strong> \u2013 fungujeme nepretr\u017eite od roku 2001.<br\/><strong>B2B v\u00fdroba a distrib\u00facia<\/strong> \u2013 obsluhujeme obchodn\u00e9 re\u0165azce, predajne a ve\u013ekoobchody po celej krajine.<br\/><strong>Vysok\u00e1 kvalita a bezpe\u010dnos\u0165 v\u00fdrobkov<\/strong> \u2013 ka\u017ed\u00e1 \u0161ar\u017ea je pred uveden\u00edm na trh testovan\u00e1.<br\/><strong>Flexibilita<\/strong> \u2013 objedn\u00e1vky realizujeme aj pod zna\u010dkou z\u00e1kazn\u00edka (priv\u00e1tna zna\u010dka).<br\/><strong>D\u00f4vera a \u010destnos\u0165<\/strong> \u2013 kon\u00e1me star\u00fdm sp\u00f4sobom: spo\u013eahlivo, v\u010das a so c\u0165ou.<\/p>\n\n<hr class=\"wp-block-separator has-alpha-channel-opacity\"\/>\n\n<p>Hipernet \u2013 trad\u00edcia, kvalita, d\u00f4vera<\/p>\n\n<p>U\u017e viac ako dve desa\u0165ro\u010dia neust\u00e1le budujeme zna\u010dku, ktorej m\u00f4\u017eete d\u00f4verova\u0165.<br\/><strong>Hipernet nie je len v\u00fdrobcom a distrib\u00fatorom technick\u00fdch chemik\u00e1li\u00ed a autodoplnkov \u2013 je tie\u017e dod\u00e1vate\u013eom vysoko kvalitn\u00fdch grilovac\u00edch produktov, ktor\u00fd sa zav\u00e4zuje k spo\u013eahlivej pr\u00e1ci a dodr\u017eiavaniu po\u013esk\u00fdch noriem.<\/strong><\/p>\n","protected":false},"excerpt":{"rendered":"<p>Po\u013esk\u00e1 spolo\u010dnos\u0165 s trad\u00edciou a z\u00e1sadami Hipernet je po\u013esk\u00e1 spolo\u010dnos\u0165 so s\u00eddlom vo Var\u0161ave, ktor\u00e1 p\u00f4sob\u00ed od roku 2001. Od sam\u00e9ho za\u010diatku sme sa zameriavali na spo\u013eahlivos\u0165, kvalitu a partnersk\u00e9 vz\u0165ahy. Nesledujeme trendy \u2013 rob\u00edme to, \u010do vieme najlep\u0161ie: vyr\u00e1bame a distribuujeme priemyseln\u00e9 chemik\u00e1lie, automobilov\u00e9 chemik\u00e1lie, automobilov\u00e9 pr\u00edslu\u0161enstvo a grilovacie potreby.Sme osved\u010den\u00fdm B2B partnerom, ktor\u00fd &#8230; <\/p>\n<p class=\"read-more-container\"><a title=\"O n\u00e1s\" class=\"read-more button\" href=\"https:\/\/hipernet.com.pl\/sk\/o-nas\/#more-1171394632\" aria-label=\"Pre\u010d\u00edtajte si viac o O n\u00e1s\">Read more<\/a><\/p>\n","protected":false},"author":1,"featured_media":0,"parent":0,"menu_order":0,"comment_status":"closed","ping_status":"closed","template":"","meta":{"footnotes":""},"class_list":["post-1171394632","page","type-page","status-publish"],"_links":{"self":[{"href":"https:\/\/hipernet.com.pl\/sk\/wp-json\/wp\/v2\/pages\/1171394632","targetHints":{"allow":["GET"]}}],"collection":[{"href":"https:\/\/hipernet.com.pl\/sk\/wp-json\/wp\/v2\/pages"}],"about":[{"href":"https:\/\/hipernet.com.pl\/sk\/wp-json\/wp\/v2\/types\/page"}],"author":[{"embeddable":true,"href":"https:\/\/hipernet.com.pl\/sk\/wp-json\/wp\/v2\/users\/1"}],"replies":[{"embeddable":true,"href":"https:\/\/hipernet.com.pl\/sk\/wp-json\/wp\/v2\/comments?post=1171394632"}],"version-history":[{"count":1,"href":"https:\/\/hipernet.com.pl\/sk\/wp-json\/wp\/v2\/pages\/1171394632\/revisions"}],"predecessor-version":[{"id":1171394636,"href":"https:\/\/hipernet.com.pl\/sk\/wp-json\/wp\/v2\/pages\/1171394632\/revisions\/1171394636"}],"wp:attachment":[{"href":"https:\/\/hipernet.com.pl\/sk\/wp-json\/wp\/v2\/media?parent=1171394632"}],"curies":[{"name":"wp","href":"https:\/\/api.w.org\/{rel}","templated":true}]}}