{"id":1171394715,"date":"2025-10-27T07:49:11","date_gmt":"2025-10-27T07:49:11","guid":{"rendered":"https:\/\/hipernet.com.pl\/kontakt\/"},"modified":"2025-11-08T06:25:51","modified_gmt":"2025-11-08T06:25:51","slug":"kontakt","status":"publish","type":"page","link":"https:\/\/hipernet.com.pl\/sk\/kontakt\/","title":{"rendered":"Kontakt"},"content":{"rendered":"\n<div><\/div>\n\n<p class=\"gb-text\"><strong>Spolo\u010dnos\u0165 s ru\u010den\u00edm obmedzen\u00fdm Hipernet Komanditn\u00e1 spolo\u010dnos\u0165<br><\/strong><br>03-329 Var\u0161ava<br>Balkonowa 5 lok.u3 <br>E-mail: biuro@hipernet.com.pl<br>Tel: + (48) 22 679 01 45<br>Pondelok &#8211; piatok:<br> 9:00 \u2013 16:00 <\/p>\n\n<p class=\"gb-text\"><strong>Spolo\u010dnos\u0165 s ru\u010den\u00edm obmedzen\u00fdm Hipernet Komanditn\u00e1 spolo\u010dnos\u0165<br><\/strong>sklad \/ v\u00fdroba <br>26-411 Rus\u00ednow<br>Przysuska 7<br>E-mail: biuro@hipernet.com.pl<br>Tel: + (48) 486727187<br>Pondelok &#8211; piatok: <br>&nbsp;8:30 \u2013 16:00<\/p>\n","protected":false},"excerpt":{"rendered":"<p>Spolo\u010dnos\u0165 s ru\u010den\u00edm obmedzen\u00fdm Hipernet Komanditn\u00e1 spolo\u010dnos\u016503-329 Var\u0161avaBalkonowa 5 lok.u3 E-mail: biuro@hipernet.com.plTel: + (48) 22 679 01 45Pondelok &#8211; piatok: 9:00 \u2013 16:00 Spolo\u010dnos\u0165 s ru\u010den\u00edm obmedzen\u00fdm Hipernet Komanditn\u00e1 spolo\u010dnos\u0165sklad \/ v\u00fdroba 26-411 Rus\u00ednowPrzysuska 7E-mail: biuro@hipernet.com.plTel: + (48) 486727187Pondelok &#8211; piatok: &nbsp;8:30 \u2013 16:00<\/p>\n","protected":false},"author":1,"featured_media":0,"parent":0,"menu_order":0,"comment_status":"closed","ping_status":"closed","template":"","meta":{"footnotes":""},"class_list":["post-1171394715","page","type-page","status-publish"],"_links":{"self":[{"href":"https:\/\/hipernet.com.pl\/sk\/wp-json\/wp\/v2\/pages\/1171394715","targetHints":{"allow":["GET"]}}],"collection":[{"href":"https:\/\/hipernet.com.pl\/sk\/wp-json\/wp\/v2\/pages"}],"about":[{"href":"https:\/\/hipernet.com.pl\/sk\/wp-json\/wp\/v2\/types\/page"}],"author":[{"embeddable":true,"href":"https:\/\/hipernet.com.pl\/sk\/wp-json\/wp\/v2\/users\/1"}],"replies":[{"embeddable":true,"href":"https:\/\/hipernet.com.pl\/sk\/wp-json\/wp\/v2\/comments?post=1171394715"}],"version-history":[{"count":4,"href":"https:\/\/hipernet.com.pl\/sk\/wp-json\/wp\/v2\/pages\/1171394715\/revisions"}],"predecessor-version":[{"id":1171394847,"href":"https:\/\/hipernet.com.pl\/sk\/wp-json\/wp\/v2\/pages\/1171394715\/revisions\/1171394847"}],"wp:attachment":[{"href":"https:\/\/hipernet.com.pl\/sk\/wp-json\/wp\/v2\/media?parent=1171394715"}],"curies":[{"name":"wp","href":"https:\/\/api.w.org\/{rel}","templated":true}]}}