{"id":1171394760,"date":"2024-04-14T00:02:58","date_gmt":"2024-04-14T00:02:58","guid":{"rendered":"https:\/\/hipernet.com.pl\/historia-znacky-motorynka\/"},"modified":"2025-11-07T22:30:11","modified_gmt":"2025-11-07T22:30:11","slug":"historia-znacky-motorynka","status":"publish","type":"page","link":"https:\/\/hipernet.com.pl\/sk\/historia-znacky-motorynka\/","title":{"rendered":"Hist\u00f3ria zna\u010dky Motorynka"},"content":{"rendered":"<p>P\u00ed\u0161e sa rok 2001. <strong>Skupina po\u013esk\u00fdch v\u00fdrobcov a distrib\u00fatorov &#8222;Prev\u00e1dzkovate\u013e&#8220;<\/strong> na stretnut\u00ed v Ku\u017ani Ko\u0142\u0142\u0105tajowska pri B\u0142onie zaklad\u00e1 n\u00e1rodn\u00fa zna\u010dku kozmetiky a automobilov\u00fdch chemik\u00e1li\u00ed Motorynka. Na \u00fasvite konceptu novej po\u013eskej zna\u010dky sa objavila my\u0161lienka zjednoti\u0165 okolo produktu kvalitn\u00fdch po\u013esk\u00fdch nez\u00e1visl\u00fdch distrib\u00fatorov a v\u00fdrobcov. Produkt si mal n\u00e1js\u0165 svoje miesto aj v obchodn\u00fdch re\u0165azcoch nach\u00e1dzaj\u00facich sa v krajine. Po\u010das obdobia p\u00f4sobenia skupiny Motorynka si na\u0161la svoje miesto na pultoch okrem in\u00e9ho. \u010derpacie stanice: BP, Jet, rafin\u00e9ria Gdansk; ve\u013ekoform\u00e1tov\u00e9 a diskontn\u00e9 re\u0165azce: Tesco, Hypernowa, Albert, Plus Discount, Leclerc, Carrefour, Selgros, Obi, Bricomarche. Postupom \u010dasu Hipernet \u2013 \u010dlen skupiny p\u00f4sobiaci na trhu maloobchodn\u00fdch re\u0165azcov \u2013 prevzal n\u00e1rodn\u00fa zna\u010dku na z\u00e1klade transform\u00e1ci\u00ed trhu a pokra\u010doval v projekte s\u00e1m. Hipernet prijal vynikaj\u00facich \u0161pecialistov z odvetvia, aby s n\u00edm spolupracovali, \u010do d\u00e1va projektu nov\u00fd, modern\u00fd smer.     <\/p>\n<p><strong>Motorynka dnes nie je len kozmetika a automobilov\u00e1 ch\u00e9mia<\/strong>, ale aj automobilov\u00e9 doplnky a doplnky \u2013 Motorynka je kompletn\u00e1 sada produktov potrebn\u00fdch pre modern\u00e9ho vodi\u010da.<\/p>\n<p>N\u00e1kupom vysokokvalitn\u00fdch v\u00fdrobkov n\u00e1rodnej zna\u010dky Motorynka podporujete po\u013esk\u00e9 pracovn\u00e9 miesta. Z\u00edskate produkt najvy\u0161\u0161ej kvality. <\/p>\n<p>Motorynka je pr\u00edle\u017eitos\u0165ou pre po\u013esk\u00e9 v\u00fdrobky najvy\u0161\u0161ej kvality v boji o miesto na po\u013eskom trhu. Je to tie\u017e pr\u00edle\u017eitos\u0165 na v\u00fdvoz v\u00fdrobkov na susedn\u00e9 trhy. <\/p>\n<style>\/*! elementor - v3.21.0 - 26-05-2024 *\/\n.elementor-widget-image{text-align:center}.elementor-widget-image a{display:inline-block}.elementor-widget-image a img[src$=\".svg\"]{width:48px}.elementor-widget-image img{vertical-align:middle;display:inline-block}<\/style>\n<p>\t\t\t\t\t\t\t\t\t\t<img loading=\"lazy\" decoding=\"async\" width=\"300\" height=\"54\" src=\"https:\/\/hipernet.com.pl\/wp-content\/uploads\/2024\/04\/Motorynka-1.jpg\" alt=\"\" srcset=\"https:\/\/hipernet.com.pl\/wp-content\/uploads\/2024\/04\/Motorynka-1.jpg 300w, https:\/\/hipernet.com.pl\/wp-content\/uploads\/2024\/04\/Motorynka-1-150x27.jpg 150w\" sizes=\"auto, (max-width: 300px) 100vw, 300px\">\t\t\t\t\t\t\t\t\t\t\t\t\t<\/p>\n<p>Motorynka je produkt, ktor\u00fd re\u0161pektuje hranice predajn\u00fdch pl\u00f4ch, v ktor\u00fdch pracujete. Motorynka je loj\u00e1lnym obchodn\u00fdm partnerom. <\/p>\n","protected":false},"excerpt":{"rendered":"<p>P\u00ed\u0161e sa rok 2001. Skupina po\u013esk\u00fdch v\u00fdrobcov a distrib\u00fatorov &#8222;Prev\u00e1dzkovate\u013e&#8220; na stretnut\u00ed v Ku\u017ani Ko\u0142\u0142\u0105tajowska pri B\u0142onie zaklad\u00e1 n\u00e1rodn\u00fa zna\u010dku kozmetiky a automobilov\u00fdch chemik\u00e1li\u00ed Motorynka. Na \u00fasvite konceptu novej po\u013eskej zna\u010dky sa objavila my\u0161lienka zjednoti\u0165 okolo produktu kvalitn\u00fdch po\u013esk\u00fdch nez\u00e1visl\u00fdch distrib\u00fatorov a v\u00fdrobcov. Produkt si mal n\u00e1js\u0165 svoje miesto aj v obchodn\u00fdch re\u0165azcoch nach\u00e1dzaj\u00facich sa &#8230; <\/p>\n<p class=\"read-more-container\"><a title=\"Hist\u00f3ria zna\u010dky Motorynka\" class=\"read-more button\" href=\"https:\/\/hipernet.com.pl\/sk\/historia-znacky-motorynka\/#more-1171394760\" aria-label=\"Pre\u010d\u00edtajte si viac o Hist\u00f3ria zna\u010dky Motorynka\">Read more<\/a><\/p>\n","protected":false},"author":1,"featured_media":0,"parent":0,"menu_order":0,"comment_status":"closed","ping_status":"closed","template":"","meta":{"footnotes":""},"class_list":["post-1171394760","page","type-page","status-publish"],"_links":{"self":[{"href":"https:\/\/hipernet.com.pl\/sk\/wp-json\/wp\/v2\/pages\/1171394760","targetHints":{"allow":["GET"]}}],"collection":[{"href":"https:\/\/hipernet.com.pl\/sk\/wp-json\/wp\/v2\/pages"}],"about":[{"href":"https:\/\/hipernet.com.pl\/sk\/wp-json\/wp\/v2\/types\/page"}],"author":[{"embeddable":true,"href":"https:\/\/hipernet.com.pl\/sk\/wp-json\/wp\/v2\/users\/1"}],"replies":[{"embeddable":true,"href":"https:\/\/hipernet.com.pl\/sk\/wp-json\/wp\/v2\/comments?post=1171394760"}],"version-history":[{"count":1,"href":"https:\/\/hipernet.com.pl\/sk\/wp-json\/wp\/v2\/pages\/1171394760\/revisions"}],"predecessor-version":[{"id":1171394762,"href":"https:\/\/hipernet.com.pl\/sk\/wp-json\/wp\/v2\/pages\/1171394760\/revisions\/1171394762"}],"wp:attachment":[{"href":"https:\/\/hipernet.com.pl\/sk\/wp-json\/wp\/v2\/media?parent=1171394760"}],"curies":[{"name":"wp","href":"https:\/\/api.w.org\/{rel}","templated":true}]}}