{"id":1171394896,"date":"2025-10-27T07:49:11","date_gmt":"2025-10-27T07:49:11","guid":{"rendered":"https:\/\/hipernet.com.pl\/faq\/"},"modified":"2025-11-08T09:37:52","modified_gmt":"2025-11-08T09:37:52","slug":"faq","status":"publish","type":"page","link":"https:\/\/hipernet.com.pl\/sk\/faq\/","title":{"rendered":"FAQ"},"content":{"rendered":"<div class=\"container\">\n<section class=\"section\" aria-labelledby=\"faq-tytul\">\n<div class=\"card\">\n<div class=\"kicker\">\u010dasto kladen\u00e9 ot\u00e1zky<\/div>\n<h2 id=\"faq-tytul\">FAQ<\/h2>\n<details>\n<summary>Sp\u013a\u0148aj\u00fa va\u0161e v\u00fdrobky bezpe\u010dnostn\u00e9 normy?<\/summary>\n<p>\u00c1no. Na\u0161e v\u00fdrobky s\u00fa vysoko kvalitn\u00e9 a sp\u013a\u0148aj\u00fa platn\u00e9 bezpe\u010dnostn\u00e9 normy, \u010do sa premieta do ich \u00fa\u010dinnosti. <\/p>\n<\/details>\n<details>\n<summary>Ak\u00fd je \u010das v\u00fdroby?<\/summary>\n<p>V z\u00e1vislosti od typu objedn\u00e1vky \u2013 \u0161tandardne a\u017e <strong>10 pracovn\u00fdch dn\u00ed<\/strong>.<\/p>\n<\/details>\n<details>\n<summary>Poskytujete popredajn\u00fa podporu?<\/summary>\n<p>\u00c1no, ka\u017ed\u00fd z\u00e1kazn\u00edk m\u00e1 po zak\u00fapen\u00ed pr\u00edstup k technickej a materi\u00e1lnej podpore.<\/p>\n<\/details>\n<details>\n<summary>Posielate vzorky?<\/summary>\n<p>\u00c1no, na po\u017eiadanie posielame vzorky na hodnotenie kvality.<\/p>\n<\/details>\n<details>\n<summary>Ak\u00e9 sp\u00f4soby platby akceptujete?<\/summary>\n<p>R\u00f4zne formy platby \u2013 podmienky prisp\u00f4sobujeme potreb\u00e1m B2B klienta.<\/p>\n<\/details>\n<\/div>\n<\/section>\n<\/div>\n","protected":false},"excerpt":{"rendered":"<p>\u010dasto kladen\u00e9 ot\u00e1zky FAQ Sp\u013a\u0148aj\u00fa va\u0161e v\u00fdrobky bezpe\u010dnostn\u00e9 normy? \u00c1no. Na\u0161e v\u00fdrobky s\u00fa vysoko kvalitn\u00e9 a sp\u013a\u0148aj\u00fa platn\u00e9 bezpe\u010dnostn\u00e9 normy, \u010do sa premieta do ich \u00fa\u010dinnosti. Ak\u00fd je \u010das v\u00fdroby? V z\u00e1vislosti od typu objedn\u00e1vky \u2013 \u0161tandardne a\u017e 10 pracovn\u00fdch dn\u00ed. Poskytujete popredajn\u00fa podporu? \u00c1no, ka\u017ed\u00fd z\u00e1kazn\u00edk m\u00e1 po zak\u00fapen\u00ed pr\u00edstup k technickej a materi\u00e1lnej &#8230; <\/p>\n<p class=\"read-more-container\"><a title=\"FAQ\" class=\"read-more button\" href=\"https:\/\/hipernet.com.pl\/sk\/faq\/#more-1171394896\" aria-label=\"Pre\u010d\u00edtajte si viac o FAQ\">Read more<\/a><\/p>\n","protected":false},"author":1,"featured_media":0,"parent":0,"menu_order":0,"comment_status":"closed","ping_status":"closed","template":"","meta":{"footnotes":""},"class_list":["post-1171394896","page","type-page","status-publish"],"_links":{"self":[{"href":"https:\/\/hipernet.com.pl\/sk\/wp-json\/wp\/v2\/pages\/1171394896","targetHints":{"allow":["GET"]}}],"collection":[{"href":"https:\/\/hipernet.com.pl\/sk\/wp-json\/wp\/v2\/pages"}],"about":[{"href":"https:\/\/hipernet.com.pl\/sk\/wp-json\/wp\/v2\/types\/page"}],"author":[{"embeddable":true,"href":"https:\/\/hipernet.com.pl\/sk\/wp-json\/wp\/v2\/users\/1"}],"replies":[{"embeddable":true,"href":"https:\/\/hipernet.com.pl\/sk\/wp-json\/wp\/v2\/comments?post=1171394896"}],"version-history":[{"count":1,"href":"https:\/\/hipernet.com.pl\/sk\/wp-json\/wp\/v2\/pages\/1171394896\/revisions"}],"predecessor-version":[{"id":1171394898,"href":"https:\/\/hipernet.com.pl\/sk\/wp-json\/wp\/v2\/pages\/1171394896\/revisions\/1171394898"}],"wp:attachment":[{"href":"https:\/\/hipernet.com.pl\/sk\/wp-json\/wp\/v2\/media?parent=1171394896"}],"curies":[{"name":"wp","href":"https:\/\/api.w.org\/{rel}","templated":true}]}}