{"id":1171394468,"date":"2025-10-30T20:21:51","date_gmt":"2025-10-30T20:21:51","guid":{"rendered":"https:\/\/hipernet.com.pl\/produkt\/plyn-do-spryskiwaczy-samochodowych-do-5c-poj-4ltitanium\/"},"modified":"2025-11-06T07:02:10","modified_gmt":"2025-11-06T07:02:10","slug":"plyn-do-spryskiwaczy-samochodowych-do-5c-poj-4ltitanium","status":"publish","type":"product","link":"https:\/\/hipernet.com.pl\/uk\/produkt\/plyn-do-spryskiwaczy-samochodowych-do-5c-poj-4ltitanium\/","title":{"rendered":"\u041e\u0447\u0438\u0449\u0443\u0432\u0430\u0447 \u0441\u043a\u043b\u0430 \u0430\u0432\u0442\u043e\u043c\u043e\u0431\u0456\u043b\u044f \u0434\u043e -5*C, \u043e\u0431&#8217;\u0454\u043c 4 \u043b (Titanium)"},"content":{"rendered":"<p><strong>\u041e\u0447\u0438\u0449\u0443\u0432\u0430\u0447 \u0441\u043a\u043b\u0430 TITANIUM \u2013 \u0434\u043e -5\u00b0C<\/strong><\/p>\n<p>\u041f\u0440\u0438\u0437\u043d\u0430\u0447\u0435\u043d\u043d\u044f:<br \/>\u0420\u0456\u0434\u0438\u043d\u0430 \u0434\u043b\u044f \u043e\u043c\u0438\u0432\u0430\u0447\u0456\u0432, \u043f\u0440\u0438\u0437\u043d\u0430\u0447\u0435\u043d\u0430 \u0434\u043b\u044f \u043c\u0438\u0442\u0442\u044f \u0430\u0432\u0442\u043e\u043c\u043e\u0431\u0456\u043b\u044c\u043d\u0438\u0445 \u0441\u0442\u0435\u043a\u043e\u043b \u0432 \u043e\u0441\u0456\u043d\u043d\u044c\u043e-\u0432\u0435\u0441\u043d\u044f\u043d\u0438\u0439 \u043f\u0435\u0440\u0456\u043e\u0434. \u0415\u0444\u0435\u043a\u0442\u0438\u0432\u043d\u043e \u0432\u0438\u0434\u0430\u043b\u044f\u0454 \u0434\u043e\u0440\u043e\u0436\u043d\u0456 \u0437\u0430\u0431\u0440\u0443\u0434\u043d\u0435\u043d\u043d\u044f, \u0436\u0438\u0440\u043d\u0456 \u0432\u0456\u0434\u043a\u043b\u0430\u0434\u0435\u043d\u043d\u044f \u0442\u0430 \u043f\u0438\u043b, \u0430 \u0437\u0430\u0432\u0434\u044f\u043a\u0438 \u0432\u043c\u0456\u0441\u0442\u0443 \u0441\u043f\u0438\u0440\u0442\u0443 \u0437\u0430\u0445\u0438\u0449\u0430\u0454 \u0441\u0438\u0441\u0442\u0435\u043c\u0443 \u0432\u0456\u0434 \u0437\u0430\u043c\u0435\u0440\u0437\u0430\u043d\u043d\u044f \u0434\u043e \u0442\u0435\u043c\u043f\u0435\u0440\u0430\u0442\u0443\u0440\u0438 -5\u00b0C. <\/p>\n<p><strong>\u0421\u043a\u043b\u0430\u0434 \u0442\u0430 \u0442\u0435\u0445\u043d\u0456\u0447\u043d\u0456 \u0445\u0430\u0440\u0430\u043a\u0442\u0435\u0440\u0438\u0441\u0442\u0438\u043a\u0438:<\/strong><\/p>\n<ul>\n<li>\n<p>&lt;\u041d\u0435\u0456\u043e\u043d\u043d\u0456 \u043f\u043e\u0432\u0435\u0440\u0445\u043d\u0435\u0432\u043e-\u0430\u043a\u0442\u0438\u0432\u043d\u0456 \u0440\u0435\u0447\u043e\u0432\u0438\u043d\u0438: 5%<\/p>\n<\/li>\n<li>\n<p>Etanol: \u226410%<\/p>\n<\/li>\n<li>\n<p>\u0410\u0440\u043e\u043c\u0430\u0442\u0438\u0447\u043d\u0430 \u043a\u043e\u043c\u043f\u043e\u0437\u0438\u0446\u0456\u044f<\/p>\n<\/li>\n<li>\n<p>\u0424\u0456\u0437\u0438\u043a\u043e-\u0445\u0456\u043c\u0456\u0447\u043d\u0456 \u043f\u0430\u0440\u0430\u043c\u0435\u0442\u0440\u0438:<\/p>\n<ul>\n<li>\n<p>\u041a\u043e\u043b\u0456\u0440: \u0431\u0456\u0440\u044e\u0437\u043e\u0432\u0438\u0439<\/p>\n<\/li>\n<li>\n<p>\u0410\u0440\u043e\u043c\u0430\u0442: \u0446\u0438\u0442\u0440\u0443\u0441\u043e\u0432\u0438\u0439<\/p>\n<\/li>\n<li>\n<p>\u0429\u0456\u043b\u044c\u043d\u0456\u0441\u0442\u044c (20 \u00b0C): 0,983\u20130,988 \u0433\/\u0441\u043c\u00b3<\/p>\n<\/li>\n<li>\n<p>\u0422\u0435\u043c\u043f\u0435\u0440\u0430\u0442\u0443\u0440\u0430 \u043a\u0440\u0438\u0441\u0442\u0430\u043b\u0456\u0437\u0430\u0446\u0456\u0457: \u2264 -5\u00b0C<\/p>\n<\/li>\n<li>\n<p>pH: 7\u20139<\/p>\n<\/li>\n<\/ul>\n<\/li>\n<\/ul>\n<p><strong>\u041f\u0435\u0440\u0435\u0432\u0430\u0433\u0438:<\/strong><\/p>\n<ul>\n<li>\n<p>\u0415\u0444\u0435\u043a\u0442\u0438\u0432\u043d\u043e \u0432\u0438\u0434\u0430\u043b\u044f\u0454 \u0431\u0440\u0443\u0434, \u0436\u0438\u0440\u043d\u0456 \u043f\u043b\u044f\u043c\u0438 \u0442\u0430 \u0437\u0430\u043b\u0438\u0448\u043a\u0438 \u043a\u043e\u043c\u0430\u0445<\/p>\n<\/li>\n<li>\n<p>\u0417\u0430\u0445\u0438\u0449\u0430\u0454 \u0441\u0438\u0441\u0442\u0435\u043c\u0443 \u043e\u043c\u0438\u0432\u0430\u0447\u0430 \u0432\u0456\u0434 \u0437\u0430\u043c\u0435\u0440\u0437\u0430\u043d\u043d\u044f<\/p>\n<\/li>\n<li>\n<p>\u041d\u0435 \u0437\u0430\u043b\u0438\u0448\u0430\u0454 \u0441\u043c\u0443\u0433 \u0442\u0430 \u0432\u0456\u0434\u0431\u043b\u0438\u0441\u043a\u0456\u0432 \u0441\u0432\u0456\u0442\u043b\u0430<\/p>\n<\/li>\n<li>\n<p>\u0411\u0435\u0437\u043f\u0435\u0447\u043d\u0438\u0439 \u0434\u043b\u044f \u0433\u0443\u043c\u0438, \u043b\u0430\u043a\u0443 \u0442\u0430 \u043f\u043b\u0430\u0441\u0442\u0438\u043a\u043e\u0432\u0438\u0445 \u0435\u043b\u0435\u043c\u0435\u043d\u0442\u0456\u0432<\/p>\n<\/li>\n<li>\n<p>\u0415\u043a\u043e\u043d\u043e\u043c\u0456\u0447\u043d\u0438\u0439 \u0442\u0430 \u0435\u0444\u0435\u043a\u0442\u0438\u0432\u043d\u0438\u0439<\/p>\n<\/li>\n<\/ul>\n<p><strong>\u0421\u0443\u043c\u0456\u0441\u043d\u0456\u0441\u0442\u044c:<\/strong><\/p>\n<ul>\n<li>\n<p>\u0414\u043b\u044f \u0432\u0441\u0456\u0445 \u0442\u0438\u043f\u0456\u0432 \u0430\u0432\u0442\u043e\u043c\u043e\u0431\u0456\u043b\u0456\u0432 \u0437 \u043a\u043b\u0430\u0441\u0438\u0447\u043d\u043e\u044e \u0441\u0438\u0441\u0442\u0435\u043c\u043e\u044e \u043e\u043c\u0438\u0432\u0430\u0447\u0456\u0432<\/p>\n<\/li>\n<li>\n<p>\u041c\u043e\u0436\u0435 \u0442\u0430\u043a\u043e\u0436 \u0432\u0438\u043a\u043e\u0440\u0438\u0441\u0442\u043e\u0432\u0443\u0432\u0430\u0442\u0438\u0441\u044f \u0432 \u043e\u043c\u0438\u0432\u0430\u0447\u0430\u0445 \u0444\u0430\u0440<\/p>\n<\/li>\n<\/ul>\n<p><strong>Instrukcja u\u017cycia:<\/strong><\/p>\n<ol>\n<li>\n<p>Przela\u0107 p\u0142yn bezpo\u015brednio do zbiornika spryskiwacza.<\/p>\n<\/li>\n<li>\n<p>U\u017cywa\u0107 zgodnie z przeznaczeniem, do mycia szyb i reflektor\u00f3w.<\/p>\n<\/li>\n<li>\n<p>P\u0142yn gotowy do u\u017cycia \u2013 nie wymaga rozcie\u0144czania.<\/p>\n<\/li>\n<\/ol>\n<p><strong>Okres przydatno\u015bci i przechowywanie:<\/strong><\/p>\n<ul>\n<li>\n<p>36 miesi\u0119cy od daty produkcji<\/p>\n<\/li>\n<li>\n<p>Temperatura przechowywania: \u2265 -5\u00b0C<\/p>\n<\/li>\n<li>\n<p>Przechowywa\u0107 w oryginalnym, szczelnie zamkni\u0119tym opakowaniu<\/p>\n<\/li>\n<\/ul>\n<p><strong>Normy \/ BHP:<\/strong><\/p>\n<ul>\n<li>\n<p>Produkt nie jest klasyfikowany jako substancja niebezpieczna<\/p>\n<\/li>\n<li>\n<p>Chroni\u0107 przed dzie\u0107mi<\/p>\n<\/li>\n<li>\n<p>Zgodno\u015b\u0107 z systemem jako\u015bci ISO 9001:2015<\/p>\n<\/li>\n<\/ul>\n<p><strong>Piktogramy CLP:<\/strong><br \/>Brak \u2013 produkt nie podlega klasyfikacji jako mieszanina niebezpieczna.<\/p>\n<p>&nbsp;<\/p>\n","protected":false},"excerpt":{"rendered":"<p>\u0417\u0438\u043c\u043e\u0432\u0438\u0439 \u043e\u043c\u0438\u0432\u0430\u0447 \u0441\u043a\u043b\u0430 \u043e\u0431&#8217;\u0454\u043c\u043e\u043c 4 \u043b\u0456\u0442\u0440\u0438, \u043f\u0440\u0438\u0437\u043d\u0430\u0447\u0435\u043d\u0438\u0439 \u0434\u043b\u044f \u0432\u0438\u043a\u043e\u0440\u0438\u0441\u0442\u0430\u043d\u043d\u044f \u043f\u0440\u0438 \u0442\u0435\u043c\u043f\u0435\u0440\u0430\u0442\u0443\u0440\u0430\u0445 \u0434\u043e -5\u00b0C. \u0415\u0444\u0435\u043a\u0442\u0438\u0432\u043d\u043e \u0432\u0438\u0434\u0430\u043b\u044f\u0454 \u0434\u043e\u0440\u043e\u0436\u043d\u0456 \u0437\u0430\u0431\u0440\u0443\u0434\u043d\u0435\u043d\u043d\u044f, \u0441\u0456\u043b\u044c, \u0431\u0440\u0443\u0434 \u0456 \u0432\u0456\u0434\u043a\u043b\u0430\u0434\u0435\u043d\u043d\u044f \u0437 \u0432\u0456\u043a\u043e\u043d, \u0437\u0430\u0431\u0435\u0437\u043f\u0435\u0447\u0443\u044e\u0447\u0438 \u0447\u0438\u0441\u0442\u0435 \u0456 \u043f\u0440\u043e\u0437\u043e\u0440\u0435 \u0441\u043a\u043b\u043e \u043d\u0430\u0432\u0456\u0442\u044c \u0443 \u043d\u0430\u0439\u0441\u043a\u043b\u0430\u0434\u043d\u0456\u0448\u0438\u0445 \u043f\u043e\u0433\u043e\u0434\u043d\u0438\u0445 \u0443\u043c\u043e\u0432\u0430\u0445. <\/p>\n","protected":false},"featured_media":1171393146,"comment_status":"open","ping_status":"closed","template":"","meta":[],"product_brand":[],"product_cat":[81],"product_tag":[],"class_list":{"0":"post-1171394468","1":"product","2":"type-product","3":"status-publish","4":"has-post-thumbnail","6":"product_cat-plyny-zimowe","7":"sales-flash-overlay","8":"woocommerce-text-align-left","9":"woocommerce-image-align-center","10":"do-quantity-buttons","12":"first","13":"instock","14":"shipping-taxable","15":"purchasable","16":"product-type-simple"},"_links":{"self":[{"href":"https:\/\/hipernet.com.pl\/uk\/wp-json\/wp\/v2\/product\/1171394468","targetHints":{"allow":["GET"]}}],"collection":[{"href":"https:\/\/hipernet.com.pl\/uk\/wp-json\/wp\/v2\/product"}],"about":[{"href":"https:\/\/hipernet.com.pl\/uk\/wp-json\/wp\/v2\/types\/product"}],"replies":[{"embeddable":true,"href":"https:\/\/hipernet.com.pl\/uk\/wp-json\/wp\/v2\/comments?post=1171394468"}],"wp:featuredmedia":[{"embeddable":true,"href":"https:\/\/hipernet.com.pl\/uk\/wp-json\/wp\/v2\/media\/1171393146"}],"wp:attachment":[{"href":"https:\/\/hipernet.com.pl\/uk\/wp-json\/wp\/v2\/media?parent=1171394468"}],"wp:term":[{"taxonomy":"product_brand","embeddable":true,"href":"https:\/\/hipernet.com.pl\/uk\/wp-json\/wp\/v2\/product_brand?post=1171394468"},{"taxonomy":"product_cat","embeddable":true,"href":"https:\/\/hipernet.com.pl\/uk\/wp-json\/wp\/v2\/product_cat?post=1171394468"},{"taxonomy":"product_tag","embeddable":true,"href":"https:\/\/hipernet.com.pl\/uk\/wp-json\/wp\/v2\/product_tag?post=1171394468"}],"curies":[{"name":"wp","href":"https:\/\/api.w.org\/{rel}","templated":true}]}}